{"id":8036,"date":"2021-10-11T13:43:59","date_gmt":"2021-10-11T13:43:59","guid":{"rendered":"https:\/\/www.fleurop-home.ch\/?product=sternkerze-geschenkverpackung-stearin"},"modified":"2026-02-05T13:53:16","modified_gmt":"2026-02-05T12:53:16","slug":"bougie-etoile-emballage-cadeau-stearine","status":"publish","type":"product","link":"https:\/\/www.fleurop-home.ch\/fr-ch\/p\/sternkerze-geschenkverpackung-stearin","title":{"rendered":"Emballage cadeau bougie en forme d'\u00e9toile St\u00e9arine"},"content":{"rendered":"<p style=\"text-align: left;\"><strong>Paquet cadeau 1 bougie \u00e9toile<\/strong><\/p>\n<p style=\"text-align: left;\">- 1 bougie \u00e9toile, \u2205 11 cm, hauteurs 18 cm<\/p>\n<p style=\"text-align: left;\">- st\u00e9arine v\u00e9g\u00e9tale \u00e0 base d'huile de palme<\/p>\n<p style=\"text-align: left;\">- \u00c9toiles envelopp\u00e9es de papier de soie, nich\u00e9es dans de la laine de bois<\/p>\n<p style=\"text-align: left;\">- Brochure d'information sur les bougies \u00e9toil\u00e9es avec des textes riches, des images d'ambiance et des conseils d'entretien des bougies<\/p>\n<p style=\"text-align: left;\">- Bo\u00eete d'allumettes<\/p>\n<p style=\"text-align: left;\">- dans une bo\u00eete en bois soigneusement travaill\u00e9e, 30 x 17.5 x 17 cm<\/p>","protected":false},"excerpt":{"rendered":"<p>Emballage cadeau bougie \u00e9toile st\u00e9arine disponible en champagne et blanc neige<\/p>","protected":false},"featured_media":8037,"template":"","meta":[],"product_brand":[],"product_cat":[103,23,910,909,28,916],"product_tag":[304],"woo-feed-brand":[],"class_list":{"0":"post-8036","1":"product","2":"type-product","3":"status-publish","4":"has-post-thumbnail","6":"product_cat-kerzen","7":"product_cat-home-living","8":"product_cat-geschenkideen","9":"product_cat-weihnachten","10":"product_cat-kerzen-lichter","11":"product_cat-praesente","12":"product_tag-blumen-villiger-gmbh-hochdorf","14":"first","15":"instock","16":"taxable","17":"shipping-taxable","18":"purchasable","19":"product-type-variable"},"_links":{"self":[{"href":"https:\/\/www.fleurop-home.ch\/fr-ch\/wp-json\/wp\/v2\/product\/8036","targetHints":{"allow":["GET"]}}],"collection":[{"href":"https:\/\/www.fleurop-home.ch\/fr-ch\/wp-json\/wp\/v2\/product"}],"about":[{"href":"https:\/\/www.fleurop-home.ch\/fr-ch\/wp-json\/wp\/v2\/types\/product"}],"wp:featuredmedia":[{"embeddable":true,"href":"https:\/\/www.fleurop-home.ch\/fr-ch\/wp-json\/wp\/v2\/media\/8037"}],"wp:attachment":[{"href":"https:\/\/www.fleurop-home.ch\/fr-ch\/wp-json\/wp\/v2\/media?parent=8036"}],"wp:term":[{"taxonomy":"product_brand","embeddable":true,"href":"https:\/\/www.fleurop-home.ch\/fr-ch\/wp-json\/wp\/v2\/product_brand?post=8036"},{"taxonomy":"product_cat","embeddable":true,"href":"https:\/\/www.fleurop-home.ch\/fr-ch\/wp-json\/wp\/v2\/product_cat?post=8036"},{"taxonomy":"product_tag","embeddable":true,"href":"https:\/\/www.fleurop-home.ch\/fr-ch\/wp-json\/wp\/v2\/product_tag?post=8036"},{"taxonomy":"woo-feed-brand","embeddable":true,"href":"https:\/\/www.fleurop-home.ch\/fr-ch\/wp-json\/wp\/v2\/woo-feed-brand?post=8036"}],"curies":[{"name":"wp","href":"https:\/\/api.w.org\/{rel}","templated":true}]}}