{"id":8029,"date":"2021-10-11T13:09:20","date_gmt":"2021-10-11T13:09:20","guid":{"rendered":"https:\/\/www.fleurop-home.ch\/?product=3-mini-sternkerzen-auf-glasuntersetzer"},"modified":"2025-10-28T15:40:09","modified_gmt":"2025-10-28T14:40:09","slug":"3-mini-bougies-etoilees-sur-un-dessous-de-verre","status":"publish","type":"product","link":"https:\/\/www.fleurop-home.ch\/fr-ch\/p\/3-mini-sternkerzen-auf-glasuntersetzer","title":{"rendered":"3 mini-bougies en forme d'\u00e9toile sur un dessous de verre"},"content":{"rendered":"<p style=\"text-align: left\">Un magnifique cadeau \u00e0 offrir :<\/p>\n<p>3 mini-bougies en forme d'\u00e9toile sur un dessous de verre<\/p>\n<p>- 3 mini-bougies \u00e9toil\u00e9es en paraffine, couleur au choix, \u00d8 8 cm, hauteur 7 cm<br \/>\n- 1 dessous de verre pour 3 mini-bougies en forme d'\u00e9toile, 14 x 38 cm<br \/>\n- Brochure d'information sur les bougies \u00e9toil\u00e9es avec de belles pens\u00e9es et des textes informatifs<br \/>\n- dans une bo\u00eete en bois rembourr\u00e9e de papier de soie et de laine de bois.<br \/>\n- Bo\u00eete d'allumettes<\/p>\n<p style=\"text-align: left\">","protected":false},"excerpt":{"rendered":"<p>3 mini-bougies en forme d'\u00e9toile sur un dessous de verre, disponibles en diff\u00e9rentes couleurs<\/p>","protected":false},"featured_media":8030,"template":"","meta":[],"product_brand":[],"product_cat":[103,23,910,909,1179,911,28,916],"product_tag":[304],"woo-feed-brand":[],"class_list":{"0":"post-8029","1":"product","2":"type-product","3":"status-publish","4":"has-post-thumbnail","6":"product_cat-kerzen","7":"product_cat-home-living","8":"product_cat-geschenkideen","9":"product_cat-weihnachten","10":"product_cat-weihnachtsdeko","11":"product_cat-accessoires","12":"product_cat-kerzen-lichter","13":"product_cat-praesente","14":"product_tag-blumen-villiger-gmbh-hochdorf","16":"first","17":"instock","18":"featured","19":"taxable","20":"shipping-taxable","21":"purchasable","22":"product-type-variable"},"_links":{"self":[{"href":"https:\/\/www.fleurop-home.ch\/fr-ch\/wp-json\/wp\/v2\/product\/8029","targetHints":{"allow":["GET"]}}],"collection":[{"href":"https:\/\/www.fleurop-home.ch\/fr-ch\/wp-json\/wp\/v2\/product"}],"about":[{"href":"https:\/\/www.fleurop-home.ch\/fr-ch\/wp-json\/wp\/v2\/types\/product"}],"wp:featuredmedia":[{"embeddable":true,"href":"https:\/\/www.fleurop-home.ch\/fr-ch\/wp-json\/wp\/v2\/media\/8030"}],"wp:attachment":[{"href":"https:\/\/www.fleurop-home.ch\/fr-ch\/wp-json\/wp\/v2\/media?parent=8029"}],"wp:term":[{"taxonomy":"product_brand","embeddable":true,"href":"https:\/\/www.fleurop-home.ch\/fr-ch\/wp-json\/wp\/v2\/product_brand?post=8029"},{"taxonomy":"product_cat","embeddable":true,"href":"https:\/\/www.fleurop-home.ch\/fr-ch\/wp-json\/wp\/v2\/product_cat?post=8029"},{"taxonomy":"product_tag","embeddable":true,"href":"https:\/\/www.fleurop-home.ch\/fr-ch\/wp-json\/wp\/v2\/product_tag?post=8029"},{"taxonomy":"woo-feed-brand","embeddable":true,"href":"https:\/\/www.fleurop-home.ch\/fr-ch\/wp-json\/wp\/v2\/woo-feed-brand?post=8029"}],"curies":[{"name":"wp","href":"https:\/\/api.w.org\/{rel}","templated":true}]}}