{"id":7980,"date":"2021-09-21T12:58:01","date_gmt":"2021-09-21T10:58:01","guid":{"rendered":"https:\/\/www.fleurop-home.ch\/?product=gottlieber-schatzkistli-teatime"},"modified":"2026-02-05T14:35:19","modified_gmt":"2026-02-05T13:35:19","slug":"gottlieber-schatzkistli-teatime","status":"publish","type":"product","link":"https:\/\/www.fleurop-home.ch\/fr-ch\/p\/gottlieber-schatzkistli-teatime","title":{"rendered":"Bo\u00eete \u00e0 tr\u00e9sors Gottlieber \"Teatime\""},"content":{"rendered":"<p>Th\u00e9 aux fruits aromatis\u00e9 \u00e0 la pomme, \u00e0 l'hibiscus, \u00e0 l'orange &amp; \u00e0 la p\u00eache et th\u00e9 blanc aux perles de poivre rouge : la bo\u00eete \u00e0 tr\u00e9sors \"Teatime\" r\u00e9unit nos deux th\u00e9s Gottlieber les plus appr\u00e9ci\u00e9s, \"Evolution des fruits\" et \"Bien-\u00eatre-Bien-\u00eatre-Judihui\". Pour une pr\u00e9paration parfaite, tu trouveras une tasse noire Gottlieber et une boule \u00e0 th\u00e9 avec. Le tout soigneusement dispos\u00e9 dans notre belle bo\u00eete \u00e0 tr\u00e9sors.<\/p>\n<p>Bien-\u00eatre-Judihui : les feuilles et les bourgeons du noble th\u00e9 blanc fra\u00eechement cueillis sont d'abord expos\u00e9s au soleil, puis \u00e0 l'ombre fra\u00eeche. Les baies rouges et les perles de poivre font briller doublement les longues feuilles argent\u00e9es de cette vari\u00e9t\u00e9. D\u00e9licat, intemporel et l\u00e9g\u00e8rement piquant.<\/p>\n<p>\u00c9volution des fruits : les morceaux de p\u00eache juteux et un soup\u00e7on de vanille rendent ce m\u00e9lange excellent. Naturellement riche en vitamines, min\u00e9raux et antioxydants - sans th\u00e9ine ni caf\u00e9ine.<\/p>\n<p>La bo\u00eete \u00e0 tr\u00e9sors Gottlieber \"Gin\" est emball\u00e9e dans notre \u00e9l\u00e9gante bo\u00eete pliante noire et blanche en carton solide avec fermeture magn\u00e9tique (r\u00e9utilisable).<\/p>\n<p><strong>Contenu :<br \/>\n<\/strong>Infusion de fruits \"Evolution de fruits\", 100g<br \/>\nTh\u00e9 blanc \"Bien-\u00eatre-Wellness-Judihui\", 50g<br \/>\nTasse Gottlieber avec \u0153uf \u00e0 th\u00e9<br \/>\nEl\u00e9gante bo\u00eete pliante en carton solide dans un design \u00e0 rayures noires et blanches avec fermeture magn\u00e9tique (r\u00e9utilisable)<\/p>\n<p><strong>Masse<\/strong><br \/>\n210 x 297 x 105mm<\/p>\n<p><a href=\"https:\/\/www.gottlieber.ch\/de\/online-shop\/naehrwertinformationen\" target=\"_blank\" rel=\"noopener\">Informations nutritionnelles et conseils pour les personnes allergiques<\/a><\/p>","protected":false},"excerpt":{"rendered":"<p>Coffret au tr\u00e9sor Gottlieber \"TEATIME\" dans une \u00e9l\u00e9gante bo\u00eete cadeau<\/p>","protected":false},"featured_media":7981,"template":"","meta":[],"product_brand":[],"product_cat":[956,1003,999,909,916,42,114,885,52,1225,53],"product_tag":[286],"woo-feed-brand":[],"class_list":{"0":"post-7980","1":"product","2":"type-product","3":"status-publish","4":"has-post-thumbnail","6":"product_cat-tee","7":"product_cat-fuer-sie","8":"product_cat-valentinstag","9":"product_cat-weihnachten","10":"product_cat-praesente","11":"product_cat-kueche","12":"product_cat-schokolade-sweets","13":"product_cat-koestlichkeiten","14":"product_cat-geschenke","15":"product_cat-genuss","16":"product_cat-geschenksets","17":"product_tag-gottlieber-spezialitaten-ag","19":"first","20":"instock","21":"taxable","22":"shipping-taxable","23":"purchasable","24":"product-type-simple"},"_links":{"self":[{"href":"https:\/\/www.fleurop-home.ch\/fr-ch\/wp-json\/wp\/v2\/product\/7980","targetHints":{"allow":["GET"]}}],"collection":[{"href":"https:\/\/www.fleurop-home.ch\/fr-ch\/wp-json\/wp\/v2\/product"}],"about":[{"href":"https:\/\/www.fleurop-home.ch\/fr-ch\/wp-json\/wp\/v2\/types\/product"}],"wp:featuredmedia":[{"embeddable":true,"href":"https:\/\/www.fleurop-home.ch\/fr-ch\/wp-json\/wp\/v2\/media\/7981"}],"wp:attachment":[{"href":"https:\/\/www.fleurop-home.ch\/fr-ch\/wp-json\/wp\/v2\/media?parent=7980"}],"wp:term":[{"taxonomy":"product_brand","embeddable":true,"href":"https:\/\/www.fleurop-home.ch\/fr-ch\/wp-json\/wp\/v2\/product_brand?post=7980"},{"taxonomy":"product_cat","embeddable":true,"href":"https:\/\/www.fleurop-home.ch\/fr-ch\/wp-json\/wp\/v2\/product_cat?post=7980"},{"taxonomy":"product_tag","embeddable":true,"href":"https:\/\/www.fleurop-home.ch\/fr-ch\/wp-json\/wp\/v2\/product_tag?post=7980"},{"taxonomy":"woo-feed-brand","embeddable":true,"href":"https:\/\/www.fleurop-home.ch\/fr-ch\/wp-json\/wp\/v2\/woo-feed-brand?post=7980"}],"curies":[{"name":"wp","href":"https:\/\/api.w.org\/{rel}","templated":true}]}}