{"id":7976,"date":"2021-09-21T12:42:17","date_gmt":"2021-09-21T10:42:17","guid":{"rendered":"https:\/\/www.fleurop-home.ch\/?product=gottlieber-wochenkalender-liebe"},"modified":"2026-04-01T13:37:58","modified_gmt":"2026-04-01T11:37:58","slug":"gottlieber-calendrier-7-jours-de-plaisir-amour","status":"publish","type":"product","link":"https:\/\/www.fleurop-home.ch\/fr-ch\/p\/gottlieber-7-tage-genuss-kalender-liebe","title":{"rendered":"Gottlieber Calendrier gourmand de 7 jours \"Amour"},"content":{"rendered":"<div class=\"description\">\n<p>Offrir une semaine d'amour ! Le nouveau calendrier hebdomadaire Gottlieber Gourmet r\u00e9unit des d\u00e9lices exquis de notre confiserie. Dans chacune des sept bo\u00eetes se cache une douce surprise : des bricelets croustillants, du th\u00e9 d\u00e9licatement parfum\u00e9, des tartufes s\u00e9duisants ainsi que la cr\u00e8me pralin\u00e9e maison et artisanale \"p\u00e9ch\u00e9 du matin\".<\/p>\n<p>Le pr\u00e9cieux gaufrage dor\u00e9 valorise encore plus le calendrier et le sleeve de haute qualit\u00e9.<\/p>\n<\/div>\n<dl class=\"product-attributes\">\n<dt class=\"label\"><strong>Contenu<\/strong><\/dt>\n<dt class=\"label\">7 diff\u00e9rentes surprises Gottlieber<br \/>\n<strong>Masse<\/strong><br \/>\n267 x 193 x 190<br \/>\n<a href=\"https:\/\/www.gottlieber.ch\/de\/online-shop\/naehrwertinformationen\" target=\"_blank\" rel=\"noopener\">Informations nutritionnelles et conseils pour les personnes allergiques<\/a><\/dt>\n<\/dl>","protected":false},"excerpt":{"rendered":"<p>Le calendrier hebdomadaire Gottlieber Liebe est rempli de 7 d\u00e9lices.<\/p>","protected":false},"featured_media":7977,"template":"","meta":[],"product_brand":[],"product_cat":[53,1023,797,42,114,885,52,1223,1225],"product_tag":[286],"woo-feed-brand":[],"class_list":{"0":"post-7976","1":"product","2":"type-product","3":"status-publish","4":"has-post-thumbnail","6":"product_cat-geschenksets","7":"product_cat-fuer-mama","8":"product_cat-muttertag","9":"product_cat-kueche","10":"product_cat-schokolade-sweets","11":"product_cat-koestlichkeiten","12":"product_cat-geschenke","13":"product_cat-anlaesse","14":"product_cat-genuss","15":"product_tag-gottlieber-spezialitaten-ag","17":"first","18":"instock","19":"taxable","20":"shipping-taxable","21":"purchasable","22":"product-type-simple"},"_links":{"self":[{"href":"https:\/\/www.fleurop-home.ch\/fr-ch\/wp-json\/wp\/v2\/product\/7976","targetHints":{"allow":["GET"]}}],"collection":[{"href":"https:\/\/www.fleurop-home.ch\/fr-ch\/wp-json\/wp\/v2\/product"}],"about":[{"href":"https:\/\/www.fleurop-home.ch\/fr-ch\/wp-json\/wp\/v2\/types\/product"}],"wp:featuredmedia":[{"embeddable":true,"href":"https:\/\/www.fleurop-home.ch\/fr-ch\/wp-json\/wp\/v2\/media\/7977"}],"wp:attachment":[{"href":"https:\/\/www.fleurop-home.ch\/fr-ch\/wp-json\/wp\/v2\/media?parent=7976"}],"wp:term":[{"taxonomy":"product_brand","embeddable":true,"href":"https:\/\/www.fleurop-home.ch\/fr-ch\/wp-json\/wp\/v2\/product_brand?post=7976"},{"taxonomy":"product_cat","embeddable":true,"href":"https:\/\/www.fleurop-home.ch\/fr-ch\/wp-json\/wp\/v2\/product_cat?post=7976"},{"taxonomy":"product_tag","embeddable":true,"href":"https:\/\/www.fleurop-home.ch\/fr-ch\/wp-json\/wp\/v2\/product_tag?post=7976"},{"taxonomy":"woo-feed-brand","embeddable":true,"href":"https:\/\/www.fleurop-home.ch\/fr-ch\/wp-json\/wp\/v2\/woo-feed-brand?post=7976"}],"curies":[{"name":"wp","href":"https:\/\/api.w.org\/{rel}","templated":true}]}}