{"id":78604,"date":"2026-05-11T05:40:59","date_gmt":"2026-05-11T03:40:59","guid":{"rendered":"https:\/\/www.fleurop-home.ch\/de-ch\/?post_type=product&#038;p=78604"},"modified":"2026-05-12T07:58:45","modified_gmt":"2026-05-12T05:58:45","slug":"sable-dabeilles-sauvages-20-kg","status":"publish","type":"product","link":"https:\/\/www.fleurop-home.ch\/fr-ch\/p\/wildbienensand-20-kg","title":{"rendered":"Sable d'abeilles sauvages 20 kg"},"content":{"rendered":"<p>Le sable Ricoter pour abeilles sauvages est un sable min\u00e9ral naturel sp\u00e9cial, sp\u00e9cialement con\u00e7u pour r\u00e9pondre aux besoins des abeilles sauvages qui nichent dans le sol. De nombreuses esp\u00e8ces d'abeilles sauvages locales font leur nid dans le sol - pour cela, elles ont besoin de zones de sable a\u00e9r\u00e9es, creusables et s\u00e8ches, ce qui manque souvent dans les jardins modernes. Ce sable de haute qualit\u00e9 cr\u00e9e exactement ces conditions et soutient ainsi activement la promotion de la biodiversit\u00e9.<\/p>\n<p>Le sable pour abeilles sauvages poss\u00e8de un m\u00e9lange optimal de granulom\u00e9trie qui facilite le creusement de galeries de reproduction tout en permettant des galeries stables. Il n'est pas trait\u00e9, ne contient pas de substances nocives et est id\u00e9al pour la cr\u00e9ation d'\u00eelots pour abeilles sauvages, de lentilles de sable, de surfaces naturelles ou comme compl\u00e9ment dans les h\u00f4tels pour abeilles avec des zones de nidification au sol.<\/p>\n<p>Gr\u00e2ce \u00e0 son aspect clair et naturel, le sable s'int\u00e8gre harmonieusement dans les zones de jardin proches de la nature et offre aux abeilles sauvages un habitat s\u00fbr et prot\u00e9g\u00e9. Il en r\u00e9sulte une contribution pr\u00e9cieuse \u00e0 la pr\u00e9servation des esp\u00e8ces menac\u00e9es - directement dans ton propre jardin.<\/p>","protected":false},"excerpt":{"rendered":"<p>Le sable pour abeilles sauvages Ricoter est un sable min\u00e9ral sp\u00e9cialement adapt\u00e9 qui cr\u00e9e des conditions id\u00e9ales pour les abeilles sauvages qui nichent au sol. Gr\u00e2ce \u00e0 sa structure a\u00e9r\u00e9e et creusable, il permet aux insectes de faire leur nid et contribue ainsi activement \u00e0 la promotion de la biodiversit\u00e9 dans le jardin.<\/p>","protected":false},"featured_media":78619,"template":"","meta":[],"product_brand":[],"product_cat":[1196,23,29,34,1113,132],"product_tag":[983],"woo-feed-brand":[],"class_list":{"0":"post-78604","1":"product","2":"type-product","3":"status-publish","4":"has-post-thumbnail","6":"product_cat-natur-deko","7":"product_cat-home-living","8":"product_cat-do-it-yourself","9":"product_cat-garten-balkon","10":"product_cat-gartenbewohner","11":"product_cat-neu","12":"product_tag-selection-by-fleurophome","14":"first","15":"instock","16":"taxable","17":"shipping-taxable","18":"purchasable","19":"product-type-simple"},"_links":{"self":[{"href":"https:\/\/www.fleurop-home.ch\/fr-ch\/wp-json\/wp\/v2\/product\/78604","targetHints":{"allow":["GET"]}}],"collection":[{"href":"https:\/\/www.fleurop-home.ch\/fr-ch\/wp-json\/wp\/v2\/product"}],"about":[{"href":"https:\/\/www.fleurop-home.ch\/fr-ch\/wp-json\/wp\/v2\/types\/product"}],"wp:featuredmedia":[{"embeddable":true,"href":"https:\/\/www.fleurop-home.ch\/fr-ch\/wp-json\/wp\/v2\/media\/78619"}],"wp:attachment":[{"href":"https:\/\/www.fleurop-home.ch\/fr-ch\/wp-json\/wp\/v2\/media?parent=78604"}],"wp:term":[{"taxonomy":"product_brand","embeddable":true,"href":"https:\/\/www.fleurop-home.ch\/fr-ch\/wp-json\/wp\/v2\/product_brand?post=78604"},{"taxonomy":"product_cat","embeddable":true,"href":"https:\/\/www.fleurop-home.ch\/fr-ch\/wp-json\/wp\/v2\/product_cat?post=78604"},{"taxonomy":"product_tag","embeddable":true,"href":"https:\/\/www.fleurop-home.ch\/fr-ch\/wp-json\/wp\/v2\/product_tag?post=78604"},{"taxonomy":"woo-feed-brand","embeddable":true,"href":"https:\/\/www.fleurop-home.ch\/fr-ch\/wp-json\/wp\/v2\/woo-feed-brand?post=78604"}],"curies":[{"name":"wp","href":"https:\/\/api.w.org\/{rel}","templated":true}]}}