{"id":78581,"date":"2026-05-08T17:39:20","date_gmt":"2026-05-08T15:39:20","guid":{"rendered":"https:\/\/www.fleurop-home.ch\/de-ch\/?post_type=product&#038;p=78581"},"modified":"2026-05-11T09:01:46","modified_gmt":"2026-05-11T07:01:46","slug":"set-cadeau-secrets-de-paris","status":"publish","type":"product","link":"https:\/\/www.fleurop-home.ch\/fr-ch\/p\/geschenkset-secrets-de-paris","title":{"rendered":"Set cadeau Secrets de Paris"},"content":{"rendered":"<p class=\"pp-section-title toggle-title toggle-title-md gray-border-bottom-lte-md py-2 mb-2 py-md-0 mb-md-2\"><strong>Description du produit<br \/>\n<\/strong>Avec ce set cadeau unique, tu te sentiras comme \u00e0 Paris pendant un moment et tu vivras le luxe de la capitale fran\u00e7aise. Le set se compose d'un ensemble de b\u00e2tonnets parfum\u00e9s et d'une bougie parfum\u00e9e au parfum Secret de Paris.<\/p>\n<div class=\"toggle-content toggle-content-md content\">\n<p><strong><span class=\"Y2IQFc\" lang=\"de\">Description du parfum Secret de Paris<br \/>\n<\/span><\/strong>Secret de Paris est un parfum tr\u00e8s nuanc\u00e9, \u00e0 la fois doux et sensuel. Le parfum se d\u00e9lecte d'accords floraux domin\u00e9s par la rose turque, le muguet et la pivoine, m\u00e9lang\u00e9s aux notes arrondies du litchi.<\/p>\n<\/div>","protected":false},"excerpt":{"rendered":"<p>C'est le cadeau charmant parfait pour toutes les occasions et une invitation \u00e9l\u00e9gante \u00e0 la r\u00eaverie. Ce set compact combine une bougie parfum\u00e9e et des b\u00e2tons de parfum pour transformer instantan\u00e9ment n'importe quelle pi\u00e8ce en une oasis romantique.<\/p>","protected":false},"featured_media":78583,"template":"","meta":[],"product_brand":[],"product_cat":[99,23,28,48,51,52,1224,53,132],"product_tag":[1094],"woo-feed-brand":[],"class_list":{"0":"post-78581","1":"product","2":"type-product","3":"status-publish","4":"has-post-thumbnail","6":"product_cat-duftkerzen","7":"product_cat-home-living","8":"product_cat-kerzen-lichter","9":"product_cat-bad-wellness","10":"product_cat-raumduefte","11":"product_cat-geschenke","12":"product_cat-beauty-wellness","13":"product_cat-geschenksets","14":"product_cat-neu","15":"product_tag-corinas","17":"first","18":"instock","19":"taxable","20":"shipping-taxable","21":"purchasable","22":"product-type-simple"},"_links":{"self":[{"href":"https:\/\/www.fleurop-home.ch\/fr-ch\/wp-json\/wp\/v2\/product\/78581","targetHints":{"allow":["GET"]}}],"collection":[{"href":"https:\/\/www.fleurop-home.ch\/fr-ch\/wp-json\/wp\/v2\/product"}],"about":[{"href":"https:\/\/www.fleurop-home.ch\/fr-ch\/wp-json\/wp\/v2\/types\/product"}],"wp:featuredmedia":[{"embeddable":true,"href":"https:\/\/www.fleurop-home.ch\/fr-ch\/wp-json\/wp\/v2\/media\/78583"}],"wp:attachment":[{"href":"https:\/\/www.fleurop-home.ch\/fr-ch\/wp-json\/wp\/v2\/media?parent=78581"}],"wp:term":[{"taxonomy":"product_brand","embeddable":true,"href":"https:\/\/www.fleurop-home.ch\/fr-ch\/wp-json\/wp\/v2\/product_brand?post=78581"},{"taxonomy":"product_cat","embeddable":true,"href":"https:\/\/www.fleurop-home.ch\/fr-ch\/wp-json\/wp\/v2\/product_cat?post=78581"},{"taxonomy":"product_tag","embeddable":true,"href":"https:\/\/www.fleurop-home.ch\/fr-ch\/wp-json\/wp\/v2\/product_tag?post=78581"},{"taxonomy":"woo-feed-brand","embeddable":true,"href":"https:\/\/www.fleurop-home.ch\/fr-ch\/wp-json\/wp\/v2\/woo-feed-brand?post=78581"}],"curies":[{"name":"wp","href":"https:\/\/api.w.org\/{rel}","templated":true}]}}