{"id":78569,"date":"2026-05-08T14:40:30","date_gmt":"2026-05-08T12:40:30","guid":{"rendered":"https:\/\/www.fleurop-home.ch\/de-ch\/?post_type=product&#038;p=78569"},"modified":"2026-05-08T15:49:38","modified_gmt":"2026-05-08T13:49:38","slug":"boite-cadeau-soft-escape","status":"publish","type":"product","link":"https:\/\/www.fleurop-home.ch\/fr-ch\/p\/geschenkbox-soft-escape","title":{"rendered":"Bo\u00eete cadeau \u201eSoft Escape\u201c"},"content":{"rendered":"<p data-start=\"32\" data-end=\"359\">Notre bo\u00eete cadeau \u201eSoft Escape\u201c est une bo\u00eete bien-\u00eatre compos\u00e9e avec amour pour les moments de calme et les petits rituels de selfcare \u00e0 la maison. Les couleurs naturelles et les produits de soin de haute qualit\u00e9 cr\u00e9ent une sensation de spa relaxante et font de cette bo\u00eete une magnifique id\u00e9e de cadeau pour les femmes, les amies ou les mamans.<\/p>\n<p data-start=\"361\" data-end=\"450\">Parfait pour ceux qui veulent s'offrir consciemment du temps pour se d\u00e9tendre et se d\u00e9connecter.<\/p>\n<p data-start=\"452\" data-end=\"477\"><strong>Contenu de la bo\u00eete cadeau :<\/strong><\/p>\n<p>- Cr\u00e8me de luxe pour les mains \u201eBergamote, gingembre &amp; citronnelle\u201c.\u201c<br \/>\n- Masque pour le visage Facial Sheet<br \/>\n- Masque pour les yeux Restoring Under Eye<br \/>\n- Pierre naturelle \/ pierre ponce<br \/>\n- Brosse pour le corps en bois<br \/>\n- Gant exfoliant en sisal<br \/>\n- Bandeau souple pour les cheveux \/ Scrunchie<br \/>\n- Soin des l\u00e8vres<br \/>\n- Carton magn\u00e9tique de haute qualit\u00e9<br \/>\n- Carte postale surprise<\/p>\n<p data-start=\"775\" data-end=\"887\">Une magnifique combinaison de soins, de bien-\u00eatre et de petits moments de beaut\u00e9 pour des heures de d\u00e9tente \u00e0 la maison.<\/p>\n<p data-start=\"950\" data-end=\"1411\" data-is-last-node=\"\" data-is-only-node=\"\">Toutes nos bo\u00eetes cadeaux ont \u00e9t\u00e9 compos\u00e9es avec beaucoup d'amour et le plus grand soin. Emball\u00e9e dans un carton magn\u00e9tique solide de haute qualit\u00e9 avec un joli n\u0153ud, elle est imm\u00e9diatement pr\u00eate \u00e0 \u00eatre offerte et restera longtemps une bo\u00eete souvenir.<\/p>","protected":false},"excerpt":{"rendered":"<p>Notre coffret cadeau \u201eSoft Escape\u201c combine des produits de bien-\u00eatre de haute qualit\u00e9, des soins doux et des moments de selfcare affectueux pour cr\u00e9er une magnifique pause dans le quotidien. Parfait pour les femmes, les amies ou les mamans qui souhaitent s'offrir des moments de bien-\u00eatre conscients et des heures de spa d\u00e9tendues \u00e0 la maison.<\/p>","protected":false},"featured_media":78547,"template":"","meta":[],"product_brand":[],"product_cat":[1176,48,52,1224,53,132],"product_tag":[1222],"woo-feed-brand":[],"class_list":{"0":"post-78569","1":"product","2":"type-product","3":"status-publish","4":"has-post-thumbnail","6":"product_cat-wohlbefinden","7":"product_cat-bad-wellness","8":"product_cat-geschenke","9":"product_cat-beauty-wellness","10":"product_cat-geschenksets","11":"product_cat-neu","12":"product_tag-oykami-in-a-box","14":"first","15":"instock","16":"taxable","17":"shipping-taxable","18":"purchasable","19":"product-type-simple"},"_links":{"self":[{"href":"https:\/\/www.fleurop-home.ch\/fr-ch\/wp-json\/wp\/v2\/product\/78569","targetHints":{"allow":["GET"]}}],"collection":[{"href":"https:\/\/www.fleurop-home.ch\/fr-ch\/wp-json\/wp\/v2\/product"}],"about":[{"href":"https:\/\/www.fleurop-home.ch\/fr-ch\/wp-json\/wp\/v2\/types\/product"}],"wp:featuredmedia":[{"embeddable":true,"href":"https:\/\/www.fleurop-home.ch\/fr-ch\/wp-json\/wp\/v2\/media\/78547"}],"wp:attachment":[{"href":"https:\/\/www.fleurop-home.ch\/fr-ch\/wp-json\/wp\/v2\/media?parent=78569"}],"wp:term":[{"taxonomy":"product_brand","embeddable":true,"href":"https:\/\/www.fleurop-home.ch\/fr-ch\/wp-json\/wp\/v2\/product_brand?post=78569"},{"taxonomy":"product_cat","embeddable":true,"href":"https:\/\/www.fleurop-home.ch\/fr-ch\/wp-json\/wp\/v2\/product_cat?post=78569"},{"taxonomy":"product_tag","embeddable":true,"href":"https:\/\/www.fleurop-home.ch\/fr-ch\/wp-json\/wp\/v2\/product_tag?post=78569"},{"taxonomy":"woo-feed-brand","embeddable":true,"href":"https:\/\/www.fleurop-home.ch\/fr-ch\/wp-json\/wp\/v2\/woo-feed-brand?post=78569"}],"curies":[{"name":"wp","href":"https:\/\/api.w.org\/{rel}","templated":true}]}}