{"id":78567,"date":"2026-05-08T14:34:08","date_gmt":"2026-05-08T12:34:08","guid":{"rendered":"https:\/\/www.fleurop-home.ch\/de-ch\/?post_type=product&#038;p=78567"},"modified":"2026-05-08T15:54:07","modified_gmt":"2026-05-08T13:54:07","slug":"coffret-cadeau-golden-serenity","status":"publish","type":"product","link":"https:\/\/www.fleurop-home.ch\/fr-ch\/p\/geschenkbox-golden-serenity","title":{"rendered":"Coffret cadeau \u201eGolden Serenity\u201c"},"content":{"rendered":"<p data-start=\"36\" data-end=\"403\">Notre bo\u00eete cadeau \u201eGolden Serenity\u201c associe des produits de bien-\u00eatre \u00e9l\u00e9gants \u00e0 des moments de selfcare affectueux et cr\u00e9e une petite pause dans le quotidien tr\u00e9pidant. Les tons naturels harmonieux et les produits de haute qualit\u00e9 font de cette bo\u00eete un cadeau tr\u00e8s sp\u00e9cial pour les femmes, les amies, les mamans ou tout simplement pour quelqu'un qui m\u00e9rite un peu de d\u00e9tente.<\/p>\n<p data-start=\"405\" data-end=\"530\">Une combinaison luxueuse de soins, de chaleur et de moments de bien-\u00eatre - magnifiquement emball\u00e9e et imm\u00e9diatement pr\u00eate \u00e0 \u00eatre offerte.<\/p>\n<p data-start=\"532\" data-end=\"557\"><strong>Contenu de la bo\u00eete cadeau :<\/strong><\/p>\n<p>- Bouteille thermos avec un c\u0153ur<br \/>\n- Encens OYKAMI<br \/>\n- Cr\u00e8me de luxe pour les mains \u201eBergamote, gingembre &amp; citronnelle\u201c.\u201c<br \/>\n- Duo de soins \u00e0 la vanille chaude (Body Wash &amp; Body Lotion)<br \/>\n- Bath Soak \/ Sels de bain<br \/>\n- Loofah \u00c9ponge<br \/>\n- Rouleau pour le visage en quartz rose<br \/>\n- Serviette gaufr\u00e9e<br \/>\n- Brosse pour le corps en bois<br \/>\n- Porte-cl\u00e9s en macram\u00e9<br \/>\n- Bandeau souple pour les cheveux \/ Scrunchie<br \/>\n- Carton magn\u00e9tique de haute qualit\u00e9<br \/>\n- Carte postale surprise<\/p>\n<p data-start=\"970\" data-end=\"1075\">Une magnifique id\u00e9e de cadeau pour tous ceux qui aiment les petits moments de luxe et les heures de bien-\u00eatre relaxantes.<\/p>\n<p data-start=\"1140\" data-end=\"1601\" data-is-last-node=\"\" data-is-only-node=\"\">Toutes nos bo\u00eetes cadeaux ont \u00e9t\u00e9 compos\u00e9es avec beaucoup d'amour et le plus grand soin. Emball\u00e9e dans un carton magn\u00e9tique solide de haute qualit\u00e9 avec un joli n\u0153ud, elle est imm\u00e9diatement pr\u00eate \u00e0 \u00eatre offerte et restera longtemps une bo\u00eete souvenir.<\/p>","protected":false},"excerpt":{"rendered":"<section class=\"text-token-text-primary w-full focus:outline-none [--shadow-height:45px] has-data-writing-block:pointer-events-none has-data-writing-block:-mt-(--shadow-height) has-data-writing-block:pt-(--shadow-height) [&amp;:has([data-writing-block])&gt;*]:pointer-events-auto R6Vx5W_threadScrollVars scroll-mb-[calc(var(--scroll-root-safe-area-inset-bottom,0px)+var(--thread-response-height))] scroll-mt-(--header-height)\" dir=\"auto\" data-turn-id=\"724e7ab9-2ffb-438e-bf20-ff5a20513190\" data-testid=\"conversation-turn-29\" data-scroll-anchor=\"false\" data-turn=\"user\">\n<div class=\"text-base my-auto mx-auto pt-12 [--thread-content-margin:var(--thread-content-margin-xs,calc(var(--spacing)*4))] @w-sm\/main:[--thread-content-margin:var(--thread-content-margin-sm,calc(var(--spacing)*6))] @w-lg\/main:[--thread-content-margin:var(--thread-content-margin-lg,calc(var(--spacing)*16))] px-(--thread-content-margin)\">\n<div class=\"[--thread-content-max-width:40rem] @w-lg\/main:[--thread-content-max-width:48rem] mx-auto max-w-(--thread-content-max-width) flex-1 group\/turn-messages focus-visible:outline-hidden relative flex w-full min-w-0 flex-col\">\n<div class=\"flex max-w-full flex-col gap-4 grow\">\n<div class=\"min-h-8 text-message relative flex w-full flex-col items-end gap-2 text-start break-words whitespace-normal outline-none keyboard-focused:focus-ring [.text-message+&amp;]:mt-1\" dir=\"auto\" data-message-author-role=\"user\" data-message-id=\"724e7ab9-2ffb-438e-bf20-ff5a20513190\">\n<div class=\"flex w-full flex-col gap-1 empty:hidden items-end rtl:items-start\">\n<div class=\"flex flex-col w-fit max-w-(--user-chat-width,70%) items-start self-end rtl:items-end rtl:self-start\">\n<div class=\"user-message-bubble-color corner-superellipse\/0.98 relative min-w-0 overflow-hidden rounded-[22px] px-4 py-2.5 leading-6 w-full\">\n<div class=\"A_HxFq_root\" data-testid=\"collapsible-user-message-root\">\n<div id=\"_r_147_\" class=\"A_HxFq_content\" data-testid=\"collapsible-user-message-content\">\n<div class=\"max-w-full min-w-0 [overflow-wrap:anywhere] whitespace-pre-wrap\">Unsere Geschenkbox \u201eGolden Serenity\u201c vereint luxuri\u00f6se Wellnessprodukte, stilvolle Accessoires und liebevolle Selfcare-Momente zu einer wundersch\u00f6nen Auszeit vom Alltag. Perfekt f\u00fcr Frauen, Mamas oder Freundinnen, die kleine Luxusmomente und entspannte Wohlf\u00fchlstunden lieben.<\/div>\n<\/div>\n<\/div>\n<\/div>\n<\/div>\n<\/div>\n<\/div>\n<\/div>\n<\/div>\n<\/div>\n<\/section>\n","protected":false},"featured_media":78539,"template":"","meta":[],"product_brand":[],"product_cat":[1176,48,52,1224,53,132],"product_tag":[1222],"woo-feed-brand":[],"class_list":{"0":"post-78567","1":"product","2":"type-product","3":"status-publish","4":"has-post-thumbnail","6":"product_cat-wohlbefinden","7":"product_cat-bad-wellness","8":"product_cat-geschenke","9":"product_cat-beauty-wellness","10":"product_cat-geschenksets","11":"product_cat-neu","12":"product_tag-oykami-in-a-box","14":"first","15":"instock","16":"taxable","17":"shipping-taxable","18":"purchasable","19":"product-type-simple"},"_links":{"self":[{"href":"https:\/\/www.fleurop-home.ch\/fr-ch\/wp-json\/wp\/v2\/product\/78567","targetHints":{"allow":["GET"]}}],"collection":[{"href":"https:\/\/www.fleurop-home.ch\/fr-ch\/wp-json\/wp\/v2\/product"}],"about":[{"href":"https:\/\/www.fleurop-home.ch\/fr-ch\/wp-json\/wp\/v2\/types\/product"}],"wp:featuredmedia":[{"embeddable":true,"href":"https:\/\/www.fleurop-home.ch\/fr-ch\/wp-json\/wp\/v2\/media\/78539"}],"wp:attachment":[{"href":"https:\/\/www.fleurop-home.ch\/fr-ch\/wp-json\/wp\/v2\/media?parent=78567"}],"wp:term":[{"taxonomy":"product_brand","embeddable":true,"href":"https:\/\/www.fleurop-home.ch\/fr-ch\/wp-json\/wp\/v2\/product_brand?post=78567"},{"taxonomy":"product_cat","embeddable":true,"href":"https:\/\/www.fleurop-home.ch\/fr-ch\/wp-json\/wp\/v2\/product_cat?post=78567"},{"taxonomy":"product_tag","embeddable":true,"href":"https:\/\/www.fleurop-home.ch\/fr-ch\/wp-json\/wp\/v2\/product_tag?post=78567"},{"taxonomy":"woo-feed-brand","embeddable":true,"href":"https:\/\/www.fleurop-home.ch\/fr-ch\/wp-json\/wp\/v2\/woo-feed-brand?post=78567"}],"curies":[{"name":"wp","href":"https:\/\/api.w.org\/{rel}","templated":true}]}}