{"id":78535,"date":"2026-05-08T14:25:07","date_gmt":"2026-05-08T12:25:07","guid":{"rendered":"https:\/\/www.fleurop-home.ch\/de-ch\/?post_type=product&#038;p=78535"},"modified":"2026-05-08T15:53:59","modified_gmt":"2026-05-08T13:53:59","slug":"coffret-cadeau-pure-relaxation-3","status":"publish","type":"product","link":"https:\/\/www.fleurop-home.ch\/fr-ch\/p\/geschenkbox-pure-relaxation-3","title":{"rendered":"Coffret cadeau \u201ePure Relaxation\u201c"},"content":{"rendered":"<p data-start=\"36\" data-end=\"274\">Notre coffret cadeau \u201ePure Relaxation\u201c a \u00e9t\u00e9 cr\u00e9\u00e9 pour tous ceux qui aspirent \u00e0 une petite pause dans leur quotidien. Une combinaison \u00e9l\u00e9gante de bien-\u00eatre, de soins et de selfcare - parfait pour se d\u00e9connecter, se d\u00e9tendre et se faire plaisir.<\/p>\n<p data-start=\"276\" data-end=\"452\">Avec ses tons naturels et ses produits s\u00e9lectionn\u00e9s avec amour, cette bo\u00eete est un magnifique cadeau pour les femmes, les mamans, les amies ou tout simplement pour soi-m\u00eame.<\/p>\n<p data-start=\"454\" data-end=\"479\"><strong>Contenu de la bo\u00eete cadeau :<\/strong><\/p>\n<p>- Bouteille en verre avec des pierres pr\u00e9cieuses<br \/>\n- Encens de luxe OYKAMI<br \/>\n- Cr\u00e8me de luxe pour les mains \u201eBergamote, gingembre &amp; citronnelle\u201c.\u201c<br \/>\n- Duo de soins \u00e0 la vanille chaude (Body Wash &amp; Body Lotion)<br \/>\n- Bath Soak \/ Sels de bain<br \/>\n- Loofah \u00c9ponge<br \/>\n- Rouleau pour le visage en quartz rose de haute qualit\u00e9<br \/>\n- Bandeau souple pour les cheveux \/ Scrunchie<br \/>\n- Brosse pour le corps en bois<br \/>\n- Porte-cl\u00e9s en macram\u00e9<br \/>\n- Serviette gaufr\u00e9e<br \/>\n- Carton magn\u00e9tique de haute qualit\u00e9<br \/>\n- Carte postale surprise<\/p>\n<p data-start=\"907\" data-end=\"1011\">Une magnifique id\u00e9e de cadeau pour des moments de bien-\u00eatre relaxants \u00e0 la maison et des petites pauses dans le quotidien.<\/p>\n<p data-start=\"1076\" data-end=\"1537\" data-is-last-node=\"\" data-is-only-node=\"\">Toutes nos bo\u00eetes cadeaux ont \u00e9t\u00e9 compos\u00e9es avec beaucoup d'amour et le plus grand soin. Emball\u00e9e dans un carton magn\u00e9tique solide de haute qualit\u00e9 avec un joli n\u0153ud, elle est imm\u00e9diatement pr\u00eate \u00e0 \u00eatre offerte et restera longtemps une bo\u00eete souvenir.<\/p>","protected":false},"excerpt":{"rendered":"<p>Notre coffret cadeau \u201ePure Relaxation\u201c r\u00e9unit des produits de bien-\u00eatre \u00e9l\u00e9gants, des moments de selfcare affectueux et des accessoires de qualit\u00e9 pour une magnifique pause dans le quotidien. Parfait pour se d\u00e9tendre, se d\u00e9connecter et profiter - que ce soit un cadeau pour les femmes, les mamans, les amies ou simplement pour soi-m\u00eame.<\/p>","protected":false},"featured_media":78553,"template":"","meta":[],"product_brand":[],"product_cat":[1176,48,52,1224,53,132],"product_tag":[1222],"woo-feed-brand":[],"class_list":{"0":"post-78535","1":"product","2":"type-product","3":"status-publish","4":"has-post-thumbnail","6":"product_cat-wohlbefinden","7":"product_cat-bad-wellness","8":"product_cat-geschenke","9":"product_cat-beauty-wellness","10":"product_cat-geschenksets","11":"product_cat-neu","12":"product_tag-oykami-in-a-box","14":"first","15":"instock","16":"taxable","17":"shipping-taxable","18":"purchasable","19":"product-type-simple"},"_links":{"self":[{"href":"https:\/\/www.fleurop-home.ch\/fr-ch\/wp-json\/wp\/v2\/product\/78535","targetHints":{"allow":["GET"]}}],"collection":[{"href":"https:\/\/www.fleurop-home.ch\/fr-ch\/wp-json\/wp\/v2\/product"}],"about":[{"href":"https:\/\/www.fleurop-home.ch\/fr-ch\/wp-json\/wp\/v2\/types\/product"}],"wp:featuredmedia":[{"embeddable":true,"href":"https:\/\/www.fleurop-home.ch\/fr-ch\/wp-json\/wp\/v2\/media\/78553"}],"wp:attachment":[{"href":"https:\/\/www.fleurop-home.ch\/fr-ch\/wp-json\/wp\/v2\/media?parent=78535"}],"wp:term":[{"taxonomy":"product_brand","embeddable":true,"href":"https:\/\/www.fleurop-home.ch\/fr-ch\/wp-json\/wp\/v2\/product_brand?post=78535"},{"taxonomy":"product_cat","embeddable":true,"href":"https:\/\/www.fleurop-home.ch\/fr-ch\/wp-json\/wp\/v2\/product_cat?post=78535"},{"taxonomy":"product_tag","embeddable":true,"href":"https:\/\/www.fleurop-home.ch\/fr-ch\/wp-json\/wp\/v2\/product_tag?post=78535"},{"taxonomy":"woo-feed-brand","embeddable":true,"href":"https:\/\/www.fleurop-home.ch\/fr-ch\/wp-json\/wp\/v2\/woo-feed-brand?post=78535"}],"curies":[{"name":"wp","href":"https:\/\/api.w.org\/{rel}","templated":true}]}}