{"id":78207,"date":"2026-05-05T05:53:31","date_gmt":"2026-05-05T03:53:31","guid":{"rendered":"https:\/\/www.fleurop-home.ch\/de-ch\/?post_type=product&#038;p=78207"},"modified":"2026-05-05T12:55:48","modified_gmt":"2026-05-05T10:55:48","slug":"gravier-decoratif-giallo-siena-3-8mm-10kg","status":"publish","type":"product","link":"https:\/\/www.fleurop-home.ch\/fr-ch\/p\/dekorkies-giallo-siena-3-8mm-10kg","title":{"rendered":"Gravier d\u00e9coratif Giallo Siena 3-8mm 10kg"},"content":{"rendered":"<p>Le gravier d\u00e9coratif Giallo Siena (granulom\u00e9trie 3-8 mm, 10 kg) est un gravier d\u00e9coratif naturellement arrondi avec des nuances caract\u00e9ristiques de jaune dor\u00e9 et de beige marbr\u00e9. Il est souvent utilis\u00e9 pour les plates-bandes, les chemins, les bacs \u00e0 plantes, les rocailles, l'am\u00e9nagement des tombes ou comme \u00e9l\u00e9ment de d\u00e9coration \u00e0 l'int\u00e9rieur et \u00e0 l'ext\u00e9rieur. Gr\u00e2ce \u00e0 son effet de couleur chaud, il cr\u00e9e une ambiance m\u00e9diterran\u00e9enne et s'harmonise particuli\u00e8rement bien avec le bois, la pierre naturelle et les plantes vertes.<\/p>","protected":false},"excerpt":{"rendered":"<p>Le gravier d\u00e9coratif Giallo Siena 3-8 mm (10 kg) est un gravier naturel jaune chaud, id\u00e9al pour les am\u00e9nagements d\u00e9coratifs de jardin et de paysage.<\/p>","protected":false},"featured_media":78209,"template":"","meta":[],"product_brand":[],"product_cat":[1196,23,29,132],"product_tag":[983],"woo-feed-brand":[],"class_list":{"0":"post-78207","1":"product","2":"type-product","3":"status-publish","4":"has-post-thumbnail","6":"product_cat-natur-deko","7":"product_cat-home-living","8":"product_cat-do-it-yourself","9":"product_cat-neu","10":"product_tag-selection-by-fleurophome","12":"first","13":"instock","14":"taxable","15":"shipping-taxable","16":"purchasable","17":"product-type-simple"},"_links":{"self":[{"href":"https:\/\/www.fleurop-home.ch\/fr-ch\/wp-json\/wp\/v2\/product\/78207","targetHints":{"allow":["GET"]}}],"collection":[{"href":"https:\/\/www.fleurop-home.ch\/fr-ch\/wp-json\/wp\/v2\/product"}],"about":[{"href":"https:\/\/www.fleurop-home.ch\/fr-ch\/wp-json\/wp\/v2\/types\/product"}],"wp:featuredmedia":[{"embeddable":true,"href":"https:\/\/www.fleurop-home.ch\/fr-ch\/wp-json\/wp\/v2\/media\/78209"}],"wp:attachment":[{"href":"https:\/\/www.fleurop-home.ch\/fr-ch\/wp-json\/wp\/v2\/media?parent=78207"}],"wp:term":[{"taxonomy":"product_brand","embeddable":true,"href":"https:\/\/www.fleurop-home.ch\/fr-ch\/wp-json\/wp\/v2\/product_brand?post=78207"},{"taxonomy":"product_cat","embeddable":true,"href":"https:\/\/www.fleurop-home.ch\/fr-ch\/wp-json\/wp\/v2\/product_cat?post=78207"},{"taxonomy":"product_tag","embeddable":true,"href":"https:\/\/www.fleurop-home.ch\/fr-ch\/wp-json\/wp\/v2\/product_tag?post=78207"},{"taxonomy":"woo-feed-brand","embeddable":true,"href":"https:\/\/www.fleurop-home.ch\/fr-ch\/wp-json\/wp\/v2\/woo-feed-brand?post=78207"}],"curies":[{"name":"wp","href":"https:\/\/api.w.org\/{rel}","templated":true}]}}