{"id":78055,"date":"2026-04-30T09:40:01","date_gmt":"2026-04-30T07:40:01","guid":{"rendered":"https:\/\/www.fleurop-home.ch\/?post_type=product&#038;p=78055"},"modified":"2026-04-30T09:42:33","modified_gmt":"2026-04-30T07:42:33","slug":"racine-de-maison-sempervivum-hybrida-25","status":"publish","type":"product","link":"https:\/\/www.fleurop-home.ch\/fr-ch\/p\/hauswurz-sempervivum-hybrida-25","title":{"rendered":"Racine de maison - Sempervivum Hybrida"},"content":{"rendered":"<p>La racine de maison Coral Red est une plante robuste \u00e0 feuilles \u00e9paisses qui d\u00e9ploie ses atouts en particulier dans les rocailles, les murs secs et les bacs \u00e0 plantes. La couleur rouge prononc\u00e9e fait de cette plante vivace un point de mire attrayant. Gr\u00e2ce \u00e0 ses propri\u00e9t\u00e9s de r\u00e9sistance \u00e0 l'hiver, tu peux compter sur une force v\u00e9g\u00e9tale fiable issue de la production suisse 100 %. Avec une hauteur de croissance d'environ 10 cm, cette plante a besoin de peu d'eau et pr\u00e9f\u00e8re un sol bien drain\u00e9 dans un endroit ensoleill\u00e9. La racine de maison est facile \u00e0 entretenir et convient donc parfaitement aux espaces naturels et aux plantations de tombes.<\/p>\n<p>Hauteur : 10 cm<br \/>\nTaille du pot : bol de 30<br \/>\nR\u00e9sistance au froid : r\u00e9sistant au froid<br \/>\nLumi\u00e8re : ensoleill\u00e9e<br \/>\nP\u00e9riode de floraison : juin \u00e0 ao\u00fbt<br \/>\nSol : perm\u00e9able<\/p>","protected":false},"excerpt":{"rendered":"<p>Racine de maison Coral Red - plante de rocaille peu exigeante et r\u00e9sistante \u00e0 l'hiver, originaire de Suisse<\/p>","protected":false},"featured_media":78057,"template":"","meta":[],"product_brand":[],"product_cat":[109,34,41],"product_tag":[299],"woo-feed-brand":[],"class_list":{"0":"post-78055","1":"product","2":"type-product","3":"status-publish","4":"has-post-thumbnail","6":"product_cat-saisonale-pflanzen","7":"product_cat-garten-balkon","8":"product_cat-outdoorpflanzen","9":"product_tag-santispracht","11":"first","12":"instock","13":"taxable","14":"shipping-taxable","15":"purchasable","16":"product-type-simple"},"_links":{"self":[{"href":"https:\/\/www.fleurop-home.ch\/fr-ch\/wp-json\/wp\/v2\/product\/78055","targetHints":{"allow":["GET"]}}],"collection":[{"href":"https:\/\/www.fleurop-home.ch\/fr-ch\/wp-json\/wp\/v2\/product"}],"about":[{"href":"https:\/\/www.fleurop-home.ch\/fr-ch\/wp-json\/wp\/v2\/types\/product"}],"wp:featuredmedia":[{"embeddable":true,"href":"https:\/\/www.fleurop-home.ch\/fr-ch\/wp-json\/wp\/v2\/media\/78057"}],"wp:attachment":[{"href":"https:\/\/www.fleurop-home.ch\/fr-ch\/wp-json\/wp\/v2\/media?parent=78055"}],"wp:term":[{"taxonomy":"product_brand","embeddable":true,"href":"https:\/\/www.fleurop-home.ch\/fr-ch\/wp-json\/wp\/v2\/product_brand?post=78055"},{"taxonomy":"product_cat","embeddable":true,"href":"https:\/\/www.fleurop-home.ch\/fr-ch\/wp-json\/wp\/v2\/product_cat?post=78055"},{"taxonomy":"product_tag","embeddable":true,"href":"https:\/\/www.fleurop-home.ch\/fr-ch\/wp-json\/wp\/v2\/product_tag?post=78055"},{"taxonomy":"woo-feed-brand","embeddable":true,"href":"https:\/\/www.fleurop-home.ch\/fr-ch\/wp-json\/wp\/v2\/woo-feed-brand?post=78055"}],"curies":[{"name":"wp","href":"https:\/\/api.w.org\/{rel}","templated":true}]}}