{"id":78051,"date":"2026-04-30T09:37:16","date_gmt":"2026-04-30T07:37:16","guid":{"rendered":"https:\/\/www.fleurop-home.ch\/?post_type=product&#038;p=78051"},"modified":"2026-04-30T09:39:39","modified_gmt":"2026-04-30T07:39:39","slug":"racine-de-maison-sempervivum-hybrida-24","status":"publish","type":"product","link":"https:\/\/www.fleurop-home.ch\/fr-ch\/p\/hauswurz-sempervivum-hybrida-24","title":{"rendered":"Racine de maison - Sempervivum Hybrida"},"content":{"rendered":"<p>Cette plante \u00e0 feuilles \u00e9paisses peu exigeante est id\u00e9ale pour les endroits ensoleill\u00e9s et convainc par sa robustesse et ses multiples possibilit\u00e9s d'utilisation. Que ce soit dans un jardin de pierres, dans des murs secs, sur des tombes ou dans les pots de plantes les plus divers, la joubarbe se sent bien partout. Gr\u00e2ce \u00e0 ses propri\u00e9t\u00e9s de r\u00e9sistance \u00e0 l'hiver, elle r\u00e9siste m\u00eame aux conditions difficiles et reste attrayante toute l'ann\u00e9e. Un sol perm\u00e9able et un faible besoin en eau rendent l'entretien particuli\u00e8rement facile. Produite selon Suisse Garantie, cette plante est synonyme de haute qualit\u00e9 et de splendeur florale issue de la force primaire.<\/p>\n<p>Hauteur : 10 cm<br \/>\nTaille du pot : pot de 14<br \/>\nR\u00e9sistance au froid : r\u00e9sistant au froid<br \/>\nLumi\u00e8re : ensoleill\u00e9e<br \/>\nP\u00e9riode de floraison : juin \u00e0 ao\u00fbt<br \/>\nSol : perm\u00e9able<\/p>","protected":false},"excerpt":{"rendered":"<p>Racine de maison Sempervivum oscularis en pot de 14 - robuste et r\u00e9sistante au froid<\/p>","protected":false},"featured_media":78053,"template":"","meta":[],"product_brand":[],"product_cat":[109,34,41],"product_tag":[299],"woo-feed-brand":[],"class_list":{"0":"post-78051","1":"product","2":"type-product","3":"status-publish","4":"has-post-thumbnail","6":"product_cat-saisonale-pflanzen","7":"product_cat-garten-balkon","8":"product_cat-outdoorpflanzen","9":"product_tag-santispracht","11":"first","12":"instock","13":"taxable","14":"shipping-taxable","15":"purchasable","16":"product-type-simple"},"_links":{"self":[{"href":"https:\/\/www.fleurop-home.ch\/fr-ch\/wp-json\/wp\/v2\/product\/78051","targetHints":{"allow":["GET"]}}],"collection":[{"href":"https:\/\/www.fleurop-home.ch\/fr-ch\/wp-json\/wp\/v2\/product"}],"about":[{"href":"https:\/\/www.fleurop-home.ch\/fr-ch\/wp-json\/wp\/v2\/types\/product"}],"wp:featuredmedia":[{"embeddable":true,"href":"https:\/\/www.fleurop-home.ch\/fr-ch\/wp-json\/wp\/v2\/media\/78053"}],"wp:attachment":[{"href":"https:\/\/www.fleurop-home.ch\/fr-ch\/wp-json\/wp\/v2\/media?parent=78051"}],"wp:term":[{"taxonomy":"product_brand","embeddable":true,"href":"https:\/\/www.fleurop-home.ch\/fr-ch\/wp-json\/wp\/v2\/product_brand?post=78051"},{"taxonomy":"product_cat","embeddable":true,"href":"https:\/\/www.fleurop-home.ch\/fr-ch\/wp-json\/wp\/v2\/product_cat?post=78051"},{"taxonomy":"product_tag","embeddable":true,"href":"https:\/\/www.fleurop-home.ch\/fr-ch\/wp-json\/wp\/v2\/product_tag?post=78051"},{"taxonomy":"woo-feed-brand","embeddable":true,"href":"https:\/\/www.fleurop-home.ch\/fr-ch\/wp-json\/wp\/v2\/woo-feed-brand?post=78051"}],"curies":[{"name":"wp","href":"https:\/\/api.w.org\/{rel}","templated":true}]}}