{"id":78027,"date":"2026-04-29T14:17:40","date_gmt":"2026-04-29T12:17:40","guid":{"rendered":"https:\/\/www.fleurop-home.ch\/?post_type=product&#038;p=78027"},"modified":"2026-04-29T14:21:54","modified_gmt":"2026-04-29T12:21:54","slug":"bol-en-ceramique-avec-pied","status":"publish","type":"product","link":"https:\/\/www.fleurop-home.ch\/fr-ch\/p\/keramikschale-mit-standfuss","title":{"rendered":"Bol en c\u00e9ramique avec pied"},"content":{"rendered":"<p>Notre bol exclusif en c\u00e9ramique avec pied en beige est un v\u00e9ritable accroche-regard sur chaque table. La combinaison d'un design \u00e9l\u00e9gant et d'une grande fonctionnalit\u00e9 en fait la coupe \u00e0 fruits parfaite. Fabriqu\u00e9 en fa\u00efence incassable et avec un int\u00e9rieur \u00e9maill\u00e9, il est non seulement durable mais aussi facile \u00e0 nettoyer. Le diam\u00e8tre de 30 cm offre suffisamment de place pour les fruits frais et plus encore.<\/p>\n<p>- Bol avec pied<br \/>\n- Dimensions : hauteur 11 cm x diam\u00e8tre 30 cm<br \/>\n- En fa\u00efence incassable<br \/>\n- L'int\u00e9rieur \u00e9maill\u00e9 garantit un produit durable<\/p>","protected":false},"excerpt":{"rendered":"<p>Coupe en c\u00e9ramique avec pied, coupe \u00e0 fruits, beige, \u00d8 30 cm<\/p>","protected":false},"featured_media":78029,"template":"","meta":[],"product_brand":[],"product_cat":[1102,984,994,909,1179,911,42,1101,43,132],"product_tag":[324],"woo-feed-brand":[],"class_list":{"0":"post-78027","1":"product","2":"type-product","3":"status-publish","4":"has-post-thumbnail","6":"product_cat-essen","7":"product_cat-silvester","8":"product_cat-silvestertisch","9":"product_cat-weihnachten","10":"product_cat-weihnachtsdeko","11":"product_cat-accessoires","12":"product_cat-kueche","13":"product_cat-geschirr","14":"product_cat-gedeckter-tisch","15":"product_cat-neu","16":"product_tag-marein-ag","18":"first","19":"instock","20":"taxable","21":"shipping-taxable","22":"purchasable","23":"product-type-simple"},"_links":{"self":[{"href":"https:\/\/www.fleurop-home.ch\/fr-ch\/wp-json\/wp\/v2\/product\/78027","targetHints":{"allow":["GET"]}}],"collection":[{"href":"https:\/\/www.fleurop-home.ch\/fr-ch\/wp-json\/wp\/v2\/product"}],"about":[{"href":"https:\/\/www.fleurop-home.ch\/fr-ch\/wp-json\/wp\/v2\/types\/product"}],"wp:featuredmedia":[{"embeddable":true,"href":"https:\/\/www.fleurop-home.ch\/fr-ch\/wp-json\/wp\/v2\/media\/78029"}],"wp:attachment":[{"href":"https:\/\/www.fleurop-home.ch\/fr-ch\/wp-json\/wp\/v2\/media?parent=78027"}],"wp:term":[{"taxonomy":"product_brand","embeddable":true,"href":"https:\/\/www.fleurop-home.ch\/fr-ch\/wp-json\/wp\/v2\/product_brand?post=78027"},{"taxonomy":"product_cat","embeddable":true,"href":"https:\/\/www.fleurop-home.ch\/fr-ch\/wp-json\/wp\/v2\/product_cat?post=78027"},{"taxonomy":"product_tag","embeddable":true,"href":"https:\/\/www.fleurop-home.ch\/fr-ch\/wp-json\/wp\/v2\/product_tag?post=78027"},{"taxonomy":"woo-feed-brand","embeddable":true,"href":"https:\/\/www.fleurop-home.ch\/fr-ch\/wp-json\/wp\/v2\/woo-feed-brand?post=78027"}],"curies":[{"name":"wp","href":"https:\/\/api.w.org\/{rel}","templated":true}]}}