{"id":78020,"date":"2026-04-29T14:12:12","date_gmt":"2026-04-29T12:12:12","guid":{"rendered":"https:\/\/www.fleurop-home.ch\/?post_type=product&#038;p=78020"},"modified":"2026-04-29T14:16:39","modified_gmt":"2026-04-29T12:16:39","slug":"bouteille-dhuile-dolive","status":"publish","type":"product","link":"https:\/\/www.fleurop-home.ch\/fr-ch\/p\/olivenoel-spruehflasche","title":{"rendered":"Huile d'olive en spray"},"content":{"rendered":"<p>Dose le vinaigre et l'huile avec pr\u00e9cision ! Gr\u00e2ce \u00e0 ce vaporisateur pratique, tu ne noies plus jamais ta salade dans la vinaigrette !<\/p>\n<p>Avec notre distributeur d'huile en spray, tu peux cr\u00e9er en un clin d'\u0153il une touche sp\u00e9ciale pour tes plats comme la salade, la viande, etc. La fine brume se d\u00e9pose sur les aliments au lieu de s'accumuler au fond du bol. Le vaporisateur au design \u00e9l\u00e9gant est en verre avec un couvercle en acier inoxydable. Convient aussi bien pour le vinaigre que pour l'huile d'olive, le jus de citron, le vin, la sauce soja, etc.<\/p>\n<p>REMARQUE : le verre peut \u00eatre lav\u00e9 au lave-vaisselle sans le bouchon de la pompe.<\/p>\n<p>- En acier inoxydable et verre de haute qualit\u00e9<br \/>\n- Vaporisateur pour l'huile, le vinaigre, le jus de citron, etc.<br \/>\n- 200 ml design noble et transparent<br \/>\n- Parfait pour aromatiser la viande, les salades, etc.<br \/>\n- Facile \u00e0 utiliser et \u00e0 nettoyer<br \/>\n- Entonnoir inclus pour remplir le distributeur<br \/>\n- Peut \u00eatre utilis\u00e9 pour la cuisson, le BBQ, etc.<br \/>\n- Couleur : transparent\/argent<br \/>\n- Mat\u00e9riau : verre\/acier inoxydable<br \/>\n- Taille : environ 17 x 7,8 cm<br \/>\n- Volume de remplissage : environ 200 ml<br \/>\n- Poids : environ 224 g<\/p>","protected":false},"excerpt":{"rendered":"<p>Vaporisateur d'huile d'olive \/ huile \/ vinaigre \/ vin \/ sauce soja en verre distributeur, 200ml<\/p>","protected":false},"featured_media":78022,"template":"","meta":[],"product_brand":[],"product_cat":[44,42,1102,1101,43,132],"product_tag":[324],"woo-feed-brand":[],"class_list":{"0":"post-78020","1":"product","2":"type-product","3":"status-publish","4":"has-post-thumbnail","6":"product_cat-kuechenhelfer","7":"product_cat-kueche","8":"product_cat-essen","9":"product_cat-geschirr","10":"product_cat-gedeckter-tisch","11":"product_cat-neu","12":"product_tag-marein-ag","14":"first","15":"instock","16":"taxable","17":"shipping-taxable","18":"purchasable","19":"product-type-simple"},"_links":{"self":[{"href":"https:\/\/www.fleurop-home.ch\/fr-ch\/wp-json\/wp\/v2\/product\/78020","targetHints":{"allow":["GET"]}}],"collection":[{"href":"https:\/\/www.fleurop-home.ch\/fr-ch\/wp-json\/wp\/v2\/product"}],"about":[{"href":"https:\/\/www.fleurop-home.ch\/fr-ch\/wp-json\/wp\/v2\/types\/product"}],"wp:featuredmedia":[{"embeddable":true,"href":"https:\/\/www.fleurop-home.ch\/fr-ch\/wp-json\/wp\/v2\/media\/78022"}],"wp:attachment":[{"href":"https:\/\/www.fleurop-home.ch\/fr-ch\/wp-json\/wp\/v2\/media?parent=78020"}],"wp:term":[{"taxonomy":"product_brand","embeddable":true,"href":"https:\/\/www.fleurop-home.ch\/fr-ch\/wp-json\/wp\/v2\/product_brand?post=78020"},{"taxonomy":"product_cat","embeddable":true,"href":"https:\/\/www.fleurop-home.ch\/fr-ch\/wp-json\/wp\/v2\/product_cat?post=78020"},{"taxonomy":"product_tag","embeddable":true,"href":"https:\/\/www.fleurop-home.ch\/fr-ch\/wp-json\/wp\/v2\/product_tag?post=78020"},{"taxonomy":"woo-feed-brand","embeddable":true,"href":"https:\/\/www.fleurop-home.ch\/fr-ch\/wp-json\/wp\/v2\/woo-feed-brand?post=78020"}],"curies":[{"name":"wp","href":"https:\/\/api.w.org\/{rel}","templated":true}]}}