{"id":78013,"date":"2026-04-29T14:08:38","date_gmt":"2026-04-29T12:08:38","guid":{"rendered":"https:\/\/www.fleurop-home.ch\/?post_type=product&#038;p=78013"},"modified":"2026-04-29T14:11:38","modified_gmt":"2026-04-29T12:11:38","slug":"dessous-de-plat-en-ceramique-fleur-jaune-4-pieces","status":"publish","type":"product","link":"https:\/\/www.fleurop-home.ch\/fr-ch\/p\/keramikuntersetzer-blume-gelb-4-stueck","title":{"rendered":"Dessous de plat en c\u00e9ramique Fleur, jaune, 4 pi\u00e8ces"},"content":{"rendered":"<p>Les dessous de verre en c\u00e9ramique Flower Power en set de 4 mettent un accent joyeux sur chaque table. Les dessous de verre en forme de fleur d'un jaune frais avec un trou caract\u00e9ristique au milieu attirent l'attention - ils sont \u00e0 la fois fonctionnels et d\u00e9coratifs.<\/p>\n<p>Avec un diam\u00e8tre de 10 cm, les dessous de verre en c\u00e9ramique offrent suffisamment de place pour les verres, les tasses et les gobelets. Les patins sur le dessous garantissent que les dessous de verre ne glissent pas et ne rayent pas les surfaces.<\/p>\n<p>Un accessoire \u00e9l\u00e9gant pour tous ceux qui souhaitent ajouter une touche ludique et moderne \u00e0 leur int\u00e9rieur.<\/p>\n<ul>\n<li>Contenu : 4 pi\u00e8ces<\/li>\n<li>Mat\u00e9riau : c\u00e9ramique<\/li>\n<li>Couleur : jaune<\/li>\n<li>diam\u00e8tre : 10 cm<\/li>\n<li>Forme de fleur avec un trou au milieu<\/li>\n<li>Patins sur le dessous - antid\u00e9rapant et anti-rayures<\/li>\n<\/ul>","protected":false},"excerpt":{"rendered":"<p>Les dessous de verre en c\u00e9ramique Flower Power en set de 4 mettent un accent joyeux sur chaque table.<\/p>","protected":false},"featured_media":78015,"template":"","meta":[],"product_brand":[],"product_cat":[1106,1019,1018,42,1104,43,132],"product_tag":[324],"woo-feed-brand":[],"class_list":{"0":"post-78013","1":"product","2":"type-product","3":"status-publish","4":"has-post-thumbnail","6":"product_cat-untersetzer","7":"product_cat-osterbrunch","8":"product_cat-ostern","9":"product_cat-kueche","10":"product_cat-tischakzente","11":"product_cat-gedeckter-tisch","12":"product_cat-neu","13":"product_tag-marein-ag","15":"first","16":"instock","17":"taxable","18":"shipping-taxable","19":"purchasable","20":"product-type-simple"},"_links":{"self":[{"href":"https:\/\/www.fleurop-home.ch\/fr-ch\/wp-json\/wp\/v2\/product\/78013","targetHints":{"allow":["GET"]}}],"collection":[{"href":"https:\/\/www.fleurop-home.ch\/fr-ch\/wp-json\/wp\/v2\/product"}],"about":[{"href":"https:\/\/www.fleurop-home.ch\/fr-ch\/wp-json\/wp\/v2\/types\/product"}],"wp:featuredmedia":[{"embeddable":true,"href":"https:\/\/www.fleurop-home.ch\/fr-ch\/wp-json\/wp\/v2\/media\/78015"}],"wp:attachment":[{"href":"https:\/\/www.fleurop-home.ch\/fr-ch\/wp-json\/wp\/v2\/media?parent=78013"}],"wp:term":[{"taxonomy":"product_brand","embeddable":true,"href":"https:\/\/www.fleurop-home.ch\/fr-ch\/wp-json\/wp\/v2\/product_brand?post=78013"},{"taxonomy":"product_cat","embeddable":true,"href":"https:\/\/www.fleurop-home.ch\/fr-ch\/wp-json\/wp\/v2\/product_cat?post=78013"},{"taxonomy":"product_tag","embeddable":true,"href":"https:\/\/www.fleurop-home.ch\/fr-ch\/wp-json\/wp\/v2\/product_tag?post=78013"},{"taxonomy":"woo-feed-brand","embeddable":true,"href":"https:\/\/www.fleurop-home.ch\/fr-ch\/wp-json\/wp\/v2\/woo-feed-brand?post=78013"}],"curies":[{"name":"wp","href":"https:\/\/api.w.org\/{rel}","templated":true}]}}