{"id":78005,"date":"2026-04-29T14:04:05","date_gmt":"2026-04-29T12:04:05","guid":{"rendered":"https:\/\/www.fleurop-home.ch\/?post_type=product&#038;p=78005"},"modified":"2026-04-29T14:07:29","modified_gmt":"2026-04-29T12:07:29","slug":"set-de-verres-a-boire-2-pieces","status":"publish","type":"product","link":"https:\/\/www.fleurop-home.ch\/fr-ch\/p\/trinkglas-set-2-stueck","title":{"rendered":"Set de verres \u00e0 boire, 2 pi\u00e8ces"},"content":{"rendered":"<p>L'ensemble de verres \u00e0 boire \u201cFlua\u201d associe un design organique \u00e0 une qualit\u00e9 de verre sup\u00e9rieure. Les deux verres d'une contenance de 300 ml chacun attirent l'attention sur chaque table, que ce soit pour un d\u00eener, un caf\u00e9 ou un cocktail.<\/p>\n<p>Avec un diam\u00e8tre de 8,5 cm et une hauteur de 8,3 cm, les verres sont agr\u00e9ables \u00e0 tenir en main. Le design transparent et intemporel convient \u00e0 toutes les occasions et peut \u00eatre combin\u00e9 de diff\u00e9rentes mani\u00e8res. Gr\u00e2ce \u00e0 leur r\u00e9sistance au lave-vaisselle, ils sont faciles \u00e0 nettoyer au quotidien.<\/p>\n<ul>\n<li>Contenu : 2 pi\u00e8ces<\/li>\n<li>Contenance : 300 ml<\/li>\n<li>Dimensions : \u00d8 8,5 cm, hauteur 8,3 cm<\/li>\n<li>Mat\u00e9riau : verre, de haute qualit\u00e9 et transparent<\/li>\n<li>Forme organique et \u00e9l\u00e9gante<\/li>\n<li>R\u00e9sistant au lave-vaisselle<\/li>\n<li>Convient pour l'eau, le jus, le caf\u00e9 glac\u00e9, le whisky, les cocktails et le matcha<\/li>\n<\/ul>","protected":false},"excerpt":{"rendered":"<p>Set de verres \u00e0 boire, 300 ml, 2 pi\u00e8ces<\/p>","protected":false},"featured_media":78007,"template":"","meta":[],"product_brand":[],"product_cat":[1103,42,1101,43,132],"product_tag":[324],"woo-feed-brand":[],"class_list":{"0":"post-78005","1":"product","2":"type-product","3":"status-publish","4":"has-post-thumbnail","6":"product_cat-trinken","7":"product_cat-kueche","8":"product_cat-geschirr","9":"product_cat-gedeckter-tisch","10":"product_cat-neu","11":"product_tag-marein-ag","13":"first","14":"instock","15":"taxable","16":"shipping-taxable","17":"purchasable","18":"product-type-simple"},"_links":{"self":[{"href":"https:\/\/www.fleurop-home.ch\/fr-ch\/wp-json\/wp\/v2\/product\/78005","targetHints":{"allow":["GET"]}}],"collection":[{"href":"https:\/\/www.fleurop-home.ch\/fr-ch\/wp-json\/wp\/v2\/product"}],"about":[{"href":"https:\/\/www.fleurop-home.ch\/fr-ch\/wp-json\/wp\/v2\/types\/product"}],"wp:featuredmedia":[{"embeddable":true,"href":"https:\/\/www.fleurop-home.ch\/fr-ch\/wp-json\/wp\/v2\/media\/78007"}],"wp:attachment":[{"href":"https:\/\/www.fleurop-home.ch\/fr-ch\/wp-json\/wp\/v2\/media?parent=78005"}],"wp:term":[{"taxonomy":"product_brand","embeddable":true,"href":"https:\/\/www.fleurop-home.ch\/fr-ch\/wp-json\/wp\/v2\/product_brand?post=78005"},{"taxonomy":"product_cat","embeddable":true,"href":"https:\/\/www.fleurop-home.ch\/fr-ch\/wp-json\/wp\/v2\/product_cat?post=78005"},{"taxonomy":"product_tag","embeddable":true,"href":"https:\/\/www.fleurop-home.ch\/fr-ch\/wp-json\/wp\/v2\/product_tag?post=78005"},{"taxonomy":"woo-feed-brand","embeddable":true,"href":"https:\/\/www.fleurop-home.ch\/fr-ch\/wp-json\/wp\/v2\/woo-feed-brand?post=78005"}],"curies":[{"name":"wp","href":"https:\/\/api.w.org\/{rel}","templated":true}]}}