{"id":77999,"date":"2026-04-29T14:01:09","date_gmt":"2026-04-29T12:01:09","guid":{"rendered":"https:\/\/www.fleurop-home.ch\/?post_type=product&#038;p=77999"},"modified":"2026-04-29T14:03:17","modified_gmt":"2026-04-29T12:03:17","slug":"vase-chrome-argent","status":"publish","type":"product","link":"https:\/\/www.fleurop-home.ch\/fr-ch\/p\/vase-chrom-silber","title":{"rendered":"Vase chrome argent"},"content":{"rendered":"<p>Le vase Meltique d'Esm\u00e9e combine un design moderne avec une forme claire et harmonieuse. La surface argent\u00e9e chrom\u00e9e refl\u00e8te la lumi\u00e8re et apporte des accents discrets dans le salon.<\/p>\n<p>Que ce soit sur un sideboard, une table de chevet ou une table de salle \u00e0 manger, le vase est expressif aussi bien seul que combin\u00e9 \u00e0 d'autres objets de d\u00e9coration. Ses formes r\u00e9duites soulignent un style d'int\u00e9rieur minimaliste.<\/p>\n<p>Fabriqu\u00e9 en c\u00e9ramique, le vase Meltique est synonyme de qualit\u00e9 durable et de r\u00e9sistance. Pour pr\u00e9server la surface, il est recommand\u00e9 de la nettoyer \u00e0 la main.<\/p>\n<ul>\n<li>diam\u00e8tre 13 cm<\/li>\n<li>hauteur 17,5 cm<\/li>\n<li>Surface brillante en chrome argent\u00e9<\/li>\n<li>Forme claire et harmonieuse<\/li>\n<li>Fabriqu\u00e9 en c\u00e9ramique<\/li>\n<li>Lavage \u00e0 la main recommand\u00e9<\/li>\n<\/ul>","protected":false},"excerpt":{"rendered":"<p>Le vase Meltique d'Esm\u00e9e combine un design moderne avec une forme claire et harmonieuse.<\/p>","protected":false},"featured_media":78001,"template":"","meta":[],"product_brand":[],"product_cat":[1197,23,27,132],"product_tag":[324],"woo-feed-brand":[],"class_list":{"0":"post-77999","1":"product","2":"type-product","3":"status-publish","4":"has-post-thumbnail","6":"product_cat-vasen","7":"product_cat-home-living","8":"product_cat-vasen-gefaesse","9":"product_cat-neu","10":"product_tag-marein-ag","12":"first","13":"instock","14":"taxable","15":"shipping-taxable","16":"purchasable","17":"product-type-simple"},"_links":{"self":[{"href":"https:\/\/www.fleurop-home.ch\/fr-ch\/wp-json\/wp\/v2\/product\/77999","targetHints":{"allow":["GET"]}}],"collection":[{"href":"https:\/\/www.fleurop-home.ch\/fr-ch\/wp-json\/wp\/v2\/product"}],"about":[{"href":"https:\/\/www.fleurop-home.ch\/fr-ch\/wp-json\/wp\/v2\/types\/product"}],"wp:featuredmedia":[{"embeddable":true,"href":"https:\/\/www.fleurop-home.ch\/fr-ch\/wp-json\/wp\/v2\/media\/78001"}],"wp:attachment":[{"href":"https:\/\/www.fleurop-home.ch\/fr-ch\/wp-json\/wp\/v2\/media?parent=77999"}],"wp:term":[{"taxonomy":"product_brand","embeddable":true,"href":"https:\/\/www.fleurop-home.ch\/fr-ch\/wp-json\/wp\/v2\/product_brand?post=77999"},{"taxonomy":"product_cat","embeddable":true,"href":"https:\/\/www.fleurop-home.ch\/fr-ch\/wp-json\/wp\/v2\/product_cat?post=77999"},{"taxonomy":"product_tag","embeddable":true,"href":"https:\/\/www.fleurop-home.ch\/fr-ch\/wp-json\/wp\/v2\/product_tag?post=77999"},{"taxonomy":"woo-feed-brand","embeddable":true,"href":"https:\/\/www.fleurop-home.ch\/fr-ch\/wp-json\/wp\/v2\/woo-feed-brand?post=77999"}],"curies":[{"name":"wp","href":"https:\/\/api.w.org\/{rel}","templated":true}]}}