{"id":77993,"date":"2026-04-29T13:56:55","date_gmt":"2026-04-29T11:56:55","guid":{"rendered":"https:\/\/www.fleurop-home.ch\/?post_type=product&#038;p=77993"},"modified":"2026-04-29T14:00:50","modified_gmt":"2026-04-29T12:00:50","slug":"vase-chrome-argent-design-sculptural","status":"publish","type":"product","link":"https:\/\/www.fleurop-home.ch\/fr-ch\/p\/vase-chrom-silber-skulpturales-design","title":{"rendered":"Vase chrome argent, design sculptural"},"content":{"rendered":"<p>Le vase Orbiton d'Esm\u00e9e combine un design minimaliste avec un langage des formes sculptural et futuriste. La surface brillante de couleur chrome argent\u00e9 refl\u00e8te la lumi\u00e8re et cr\u00e9e des accents cibl\u00e9s dans la pi\u00e8ce.<\/p>\n<p>Qu'il soit utilis\u00e9 en solo ou comme r\u00e9cipient pour des bouquets de fleurs, des fleurs individuelles ou des branches, le vase s'int\u00e8gre dans les concepts d'habitat modernes et agit en m\u00eame temps comme un Statement Piece. Les courbes organiques reprennent le style du futurisme r\u00e9tro et conf\u00e8rent \u00e0 l'objet une pr\u00e9sence particuli\u00e8re.<\/p>\n<p>Fabriqu\u00e9 en c\u00e9ramique, le vase Orbiton est synonyme de qualit\u00e9 durable et de design int\u00e9rieur intemporel. Pour pr\u00e9server la surface, il est recommand\u00e9 de la laver \u00e0 la main.<\/p>\n<ul>\n<li>diam\u00e8tre 12 cm<\/li>\n<li>Hauteur 20 cm<\/li>\n<li>Surface brillante en chrome argent\u00e9<\/li>\n<li>Forme sculpturale avec des courbes organiques<\/li>\n<li>Fabriqu\u00e9 en c\u00e9ramique<\/li>\n<li>Lavage \u00e0 la main recommand\u00e9<\/li>\n<\/ul>","protected":false},"excerpt":{"rendered":"<p>Le vase Orbiton d'Esm\u00e9e combine un design minimaliste avec un langage des formes sculptural et futuriste.<\/p>","protected":false},"featured_media":77995,"template":"","meta":[],"product_brand":[],"product_cat":[1197,23,27,132],"product_tag":[324],"woo-feed-brand":[],"class_list":{"0":"post-77993","1":"product","2":"type-product","3":"status-publish","4":"has-post-thumbnail","6":"product_cat-vasen","7":"product_cat-home-living","8":"product_cat-vasen-gefaesse","9":"product_cat-neu","10":"product_tag-marein-ag","12":"first","13":"instock","14":"taxable","15":"shipping-taxable","16":"purchasable","17":"product-type-simple"},"_links":{"self":[{"href":"https:\/\/www.fleurop-home.ch\/fr-ch\/wp-json\/wp\/v2\/product\/77993","targetHints":{"allow":["GET"]}}],"collection":[{"href":"https:\/\/www.fleurop-home.ch\/fr-ch\/wp-json\/wp\/v2\/product"}],"about":[{"href":"https:\/\/www.fleurop-home.ch\/fr-ch\/wp-json\/wp\/v2\/types\/product"}],"wp:featuredmedia":[{"embeddable":true,"href":"https:\/\/www.fleurop-home.ch\/fr-ch\/wp-json\/wp\/v2\/media\/77995"}],"wp:attachment":[{"href":"https:\/\/www.fleurop-home.ch\/fr-ch\/wp-json\/wp\/v2\/media?parent=77993"}],"wp:term":[{"taxonomy":"product_brand","embeddable":true,"href":"https:\/\/www.fleurop-home.ch\/fr-ch\/wp-json\/wp\/v2\/product_brand?post=77993"},{"taxonomy":"product_cat","embeddable":true,"href":"https:\/\/www.fleurop-home.ch\/fr-ch\/wp-json\/wp\/v2\/product_cat?post=77993"},{"taxonomy":"product_tag","embeddable":true,"href":"https:\/\/www.fleurop-home.ch\/fr-ch\/wp-json\/wp\/v2\/product_tag?post=77993"},{"taxonomy":"woo-feed-brand","embeddable":true,"href":"https:\/\/www.fleurop-home.ch\/fr-ch\/wp-json\/wp\/v2\/woo-feed-brand?post=77993"}],"curies":[{"name":"wp","href":"https:\/\/api.w.org\/{rel}","templated":true}]}}