{"id":77987,"date":"2026-04-29T13:52:37","date_gmt":"2026-04-29T11:52:37","guid":{"rendered":"https:\/\/www.fleurop-home.ch\/?post_type=product&#038;p=77987"},"modified":"2026-04-30T14:23:49","modified_gmt":"2026-04-30T12:23:49","slug":"racloir-a-herbes-en-faience-beige","status":"publish","type":"product","link":"https:\/\/www.fleurop-home.ch\/fr-ch\/p\/kraeuterabstreifer-aus-steingut-beige","title":{"rendered":"Raclette \u00e0 herbes en fa\u00efence, beige"},"content":{"rendered":"<p>Avec cette raclette \u00e0 herbes en fa\u00efence de haute qualit\u00e9, pr\u00e9parer des herbes fra\u00eeches devient un jeu d'enfant. Cet outil pratique dispose de trois trous de diff\u00e9rentes tailles \u00e0 travers lesquels tu peux facilement passer des tiges de thym, de romarin ou d'origan.<\/p>\n<p>Les feuilles sont collect\u00e9es directement dans le bac de r\u00e9cup\u00e9ration int\u00e9gr\u00e9, ce qui permet de garder ton plan de travail propre. Gr\u00e2ce \u00e0 sa forme organique et son beige discret, cet accessoire de cuisine pratique est \u00e9galement un bel \u00e9l\u00e9ment de d\u00e9coration dans ta cuisine.<\/p>\n<p>Comme le mat\u00e9riau passe au lave-vaisselle, le nettoyage apr\u00e8s la cuisson est particuli\u00e8rement rapide. Un gadget de cuisine id\u00e9al pour tous ceux qui aiment cuisiner avec des herbes fra\u00eeches du jardin et qui attachent de l'importance aux accessoires de cuisine durables.<\/p>\n<ul>\n<li>Raclette \u00e0 herbes en fa\u00efence durable<\/li>\n<li>Trois tailles de trous diff\u00e9rentes pour diff\u00e9rents types d'herbes.<\/li>\n<li>Bol int\u00e9gr\u00e9 pour recueillir les feuilles d'herbe<\/li>\n<li>Passe au lave-vaisselle pour un nettoyage facile<\/li>\n<li>Taille compacte de 7,2 x 4,9 x 3,7 cm<\/li>\n<\/ul>","protected":false},"excerpt":{"rendered":"<p>Trois tailles de trous diff\u00e9rentes pour diff\u00e9rents types d'herbes.<\/p>","protected":false},"featured_media":78093,"template":"","meta":[],"product_brand":[],"product_cat":[1102,42,1101,43,44,132],"product_tag":[324],"woo-feed-brand":[],"class_list":{"0":"post-77987","1":"product","2":"type-product","3":"status-publish","4":"has-post-thumbnail","6":"product_cat-essen","7":"product_cat-kueche","8":"product_cat-geschirr","9":"product_cat-gedeckter-tisch","10":"product_cat-kuechenhelfer","11":"product_cat-neu","12":"product_tag-marein-ag","14":"first","15":"instock","16":"taxable","17":"shipping-taxable","18":"purchasable","19":"product-type-simple"},"_links":{"self":[{"href":"https:\/\/www.fleurop-home.ch\/fr-ch\/wp-json\/wp\/v2\/product\/77987","targetHints":{"allow":["GET"]}}],"collection":[{"href":"https:\/\/www.fleurop-home.ch\/fr-ch\/wp-json\/wp\/v2\/product"}],"about":[{"href":"https:\/\/www.fleurop-home.ch\/fr-ch\/wp-json\/wp\/v2\/types\/product"}],"wp:featuredmedia":[{"embeddable":true,"href":"https:\/\/www.fleurop-home.ch\/fr-ch\/wp-json\/wp\/v2\/media\/78093"}],"wp:attachment":[{"href":"https:\/\/www.fleurop-home.ch\/fr-ch\/wp-json\/wp\/v2\/media?parent=77987"}],"wp:term":[{"taxonomy":"product_brand","embeddable":true,"href":"https:\/\/www.fleurop-home.ch\/fr-ch\/wp-json\/wp\/v2\/product_brand?post=77987"},{"taxonomy":"product_cat","embeddable":true,"href":"https:\/\/www.fleurop-home.ch\/fr-ch\/wp-json\/wp\/v2\/product_cat?post=77987"},{"taxonomy":"product_tag","embeddable":true,"href":"https:\/\/www.fleurop-home.ch\/fr-ch\/wp-json\/wp\/v2\/product_tag?post=77987"},{"taxonomy":"woo-feed-brand","embeddable":true,"href":"https:\/\/www.fleurop-home.ch\/fr-ch\/wp-json\/wp\/v2\/woo-feed-brand?post=77987"}],"curies":[{"name":"wp","href":"https:\/\/api.w.org\/{rel}","templated":true}]}}