{"id":77980,"date":"2026-04-29T13:46:32","date_gmt":"2026-04-29T11:46:32","guid":{"rendered":"https:\/\/www.fleurop-home.ch\/?post_type=product&#038;p=77980"},"modified":"2026-04-29T13:51:58","modified_gmt":"2026-04-29T11:51:58","slug":"tasse-forme-organique-set-de-2","status":"publish","type":"product","link":"https:\/\/www.fleurop-home.ch\/fr-ch\/p\/tasse-organische-form-2er-set","title":{"rendered":"Tasse de forme organique, set de 2"},"content":{"rendered":"<p>Ajoute une touche naturelle \u00e0 ta table basse avec cet ensemble de tasses en fa\u00efence de haute qualit\u00e9. La forme organique est particuli\u00e8rement douce et moderne, tandis que le blanc mouchet\u00e9 donne un charmant look fait main.<\/p>\n<p>Ces gobelets ne sont pas seulement un point fort visuel, mais avec une contenance de 450 ml, ils sont parfaits pour de longs moments de plaisir avec du caf\u00e9, du th\u00e9 ou du latte macchiato. Gr\u00e2ce \u00e0 la structure individuelle de la c\u00e9ramique, chaque set est une petite pi\u00e8ce unique.<\/p>\n<p>Gr\u00e2ce \u00e0 la qualit\u00e9 durable des mat\u00e9riaux, la vaisselle passe absolument au lave-vaisselle et au micro-ondes. Tu profites ainsi d'un confort maximal au quotidien sans devoir renoncer \u00e0 un design esth\u00e9tique. Ces tasses \u00e0 caf\u00e9 s'int\u00e8grent id\u00e9alement dans toute cuisine moderne et sont \u00e9galement un excellent choix pour un set cadeau.<\/p>\n<ul>\n<li>Set de 2 gobelets en fa\u00efence de haute qualit\u00e9<\/li>\n<li>Passe au lave-vaisselle et au micro-ondes<\/li>\n<li>Forme organique en blanc avec des mouchetures<\/li>\n<li>Dimensions : diam\u00e8tre 8.8 x hauteur 10 cm<\/li>\n<li>Contenance : 450 ml<\/li>\n<\/ul>","protected":false},"excerpt":{"rendered":"<p>Tasses \/ gobelets en c\u00e9ramique de forme organique, blanc mouchet\u00e9, 450 ml, 2 pi\u00e8ces<\/p>","protected":false},"featured_media":77982,"template":"","meta":[],"product_brand":[],"product_cat":[1103,42,1101,43,132],"product_tag":[324],"woo-feed-brand":[],"class_list":{"0":"post-77980","1":"product","2":"type-product","3":"status-publish","4":"has-post-thumbnail","6":"product_cat-trinken","7":"product_cat-kueche","8":"product_cat-geschirr","9":"product_cat-gedeckter-tisch","10":"product_cat-neu","11":"product_tag-marein-ag","13":"first","14":"instock","15":"taxable","16":"shipping-taxable","17":"purchasable","18":"product-type-simple"},"_links":{"self":[{"href":"https:\/\/www.fleurop-home.ch\/fr-ch\/wp-json\/wp\/v2\/product\/77980","targetHints":{"allow":["GET"]}}],"collection":[{"href":"https:\/\/www.fleurop-home.ch\/fr-ch\/wp-json\/wp\/v2\/product"}],"about":[{"href":"https:\/\/www.fleurop-home.ch\/fr-ch\/wp-json\/wp\/v2\/types\/product"}],"wp:featuredmedia":[{"embeddable":true,"href":"https:\/\/www.fleurop-home.ch\/fr-ch\/wp-json\/wp\/v2\/media\/77982"}],"wp:attachment":[{"href":"https:\/\/www.fleurop-home.ch\/fr-ch\/wp-json\/wp\/v2\/media?parent=77980"}],"wp:term":[{"taxonomy":"product_brand","embeddable":true,"href":"https:\/\/www.fleurop-home.ch\/fr-ch\/wp-json\/wp\/v2\/product_brand?post=77980"},{"taxonomy":"product_cat","embeddable":true,"href":"https:\/\/www.fleurop-home.ch\/fr-ch\/wp-json\/wp\/v2\/product_cat?post=77980"},{"taxonomy":"product_tag","embeddable":true,"href":"https:\/\/www.fleurop-home.ch\/fr-ch\/wp-json\/wp\/v2\/product_tag?post=77980"},{"taxonomy":"woo-feed-brand","embeddable":true,"href":"https:\/\/www.fleurop-home.ch\/fr-ch\/wp-json\/wp\/v2\/woo-feed-brand?post=77980"}],"curies":[{"name":"wp","href":"https:\/\/api.w.org\/{rel}","templated":true}]}}