{"id":77964,"date":"2026-04-29T10:05:34","date_gmt":"2026-04-29T08:05:34","guid":{"rendered":"https:\/\/www.fleurop-home.ch\/de-ch\/p\/mobile-elefanten"},"modified":"2026-04-29T12:27:04","modified_gmt":"2026-04-29T10:27:04","slug":"elephants-mobiles","status":"publish","type":"product","link":"https:\/\/www.fleurop-home.ch\/fr-ch\/p\/mobile-elefanten","title":{"rendered":"El\u00e9phants mobiles"},"content":{"rendered":"<p>Les articles pour enfants d'Universal Knitwears sont tous fabriqu\u00e9s \u00e0 la main dans la ville de Kundli en Inde. L'entreprise poss\u00e8de une certification GOTS. Tous les secteurs doivent \u00eatre certifi\u00e9s selon des crit\u00e8res \u00e9cologiques et sociaux stricts pour que le produit final puisse porter le label GOTS. L'entreprise est consciente de sa responsabilit\u00e9 envers ses collaborateurs, l'environnement et la soci\u00e9t\u00e9. Conseils d'entretien : Lavage \u00e0 la main, ne pas s\u00e9cher au s\u00e8che-linge.<\/p>","protected":false},"excerpt":{"rendered":"<p>Mobile avec anneau en bois, coton bio et rembourrage en polyester recycl\u00e9<\/p>","protected":false},"featured_media":77963,"template":"","meta":[],"product_brand":[],"product_cat":[939,59,132],"product_tag":[1134],"woo-feed-brand":[],"class_list":{"0":"post-77964","1":"product","2":"type-product","3":"status-publish","4":"has-post-thumbnail","6":"product_cat-kindergeschenke","7":"product_cat-kids","8":"product_cat-neu","9":"product_tag-changemaker","11":"first","12":"instock","13":"taxable","14":"shipping-taxable","15":"purchasable","16":"product-type-simple"},"_links":{"self":[{"href":"https:\/\/www.fleurop-home.ch\/fr-ch\/wp-json\/wp\/v2\/product\/77964","targetHints":{"allow":["GET"]}}],"collection":[{"href":"https:\/\/www.fleurop-home.ch\/fr-ch\/wp-json\/wp\/v2\/product"}],"about":[{"href":"https:\/\/www.fleurop-home.ch\/fr-ch\/wp-json\/wp\/v2\/types\/product"}],"wp:featuredmedia":[{"embeddable":true,"href":"https:\/\/www.fleurop-home.ch\/fr-ch\/wp-json\/wp\/v2\/media\/77963"}],"wp:attachment":[{"href":"https:\/\/www.fleurop-home.ch\/fr-ch\/wp-json\/wp\/v2\/media?parent=77964"}],"wp:term":[{"taxonomy":"product_brand","embeddable":true,"href":"https:\/\/www.fleurop-home.ch\/fr-ch\/wp-json\/wp\/v2\/product_brand?post=77964"},{"taxonomy":"product_cat","embeddable":true,"href":"https:\/\/www.fleurop-home.ch\/fr-ch\/wp-json\/wp\/v2\/product_cat?post=77964"},{"taxonomy":"product_tag","embeddable":true,"href":"https:\/\/www.fleurop-home.ch\/fr-ch\/wp-json\/wp\/v2\/product_tag?post=77964"},{"taxonomy":"woo-feed-brand","embeddable":true,"href":"https:\/\/www.fleurop-home.ch\/fr-ch\/wp-json\/wp\/v2\/woo-feed-brand?post=77964"}],"curies":[{"name":"wp","href":"https:\/\/api.w.org\/{rel}","templated":true}]}}