{"id":77951,"date":"2026-04-29T09:05:27","date_gmt":"2026-04-29T07:05:27","guid":{"rendered":"https:\/\/www.fleurop-home.ch\/de-ch\/p\/schmuckdose-mother-of-pearl-m-petrol"},"modified":"2026-04-29T09:22:19","modified_gmt":"2026-04-29T07:22:19","slug":"boite-a-bijoux-mother-of-pearl-m-petrole","status":"publish","type":"product","link":"https:\/\/www.fleurop-home.ch\/fr-ch\/p\/schmuckdose-mother-of-pearl-m-petrol","title":{"rendered":"Bo\u00eete \u00e0 bijoux Mother of Pearl M p\u00e9trole"},"content":{"rendered":"<p>La bo\u00eete \u00e0 bijoux a \u00e9t\u00e9 fabriqu\u00e9e \u00e0 la main en coproduction avec Changemaker par Tara Projects. L'entreprise soutient les coop\u00e9ratives locales et les entreprises familiales afin qu'elles puissent produire leurs produits dans des conditions d\u00e9centes et les vendre sur le march\u00e9 mondial \u00e0 des prix \u00e9quitables. En outre, Tara Projects s'engage de mani\u00e8re cibl\u00e9e contre le travail des enfants.<\/p>","protected":false},"excerpt":{"rendered":"<p>Bo\u00eete en laiton et nacre<\/p>","protected":false},"featured_media":77950,"template":"","meta":[],"product_brand":[],"product_cat":[32,23,30,132],"product_tag":[1134],"woo-feed-brand":[],"class_list":{"0":"post-77951","1":"product","2":"type-product","3":"status-publish","4":"has-post-thumbnail","6":"product_cat-aufbewahrung","7":"product_cat-home-living","8":"product_cat-deko-accessoires","9":"product_cat-neu","10":"product_tag-changemaker","12":"first","13":"instock","14":"taxable","15":"shipping-taxable","16":"purchasable","17":"product-type-simple"},"_links":{"self":[{"href":"https:\/\/www.fleurop-home.ch\/fr-ch\/wp-json\/wp\/v2\/product\/77951","targetHints":{"allow":["GET"]}}],"collection":[{"href":"https:\/\/www.fleurop-home.ch\/fr-ch\/wp-json\/wp\/v2\/product"}],"about":[{"href":"https:\/\/www.fleurop-home.ch\/fr-ch\/wp-json\/wp\/v2\/types\/product"}],"wp:featuredmedia":[{"embeddable":true,"href":"https:\/\/www.fleurop-home.ch\/fr-ch\/wp-json\/wp\/v2\/media\/77950"}],"wp:attachment":[{"href":"https:\/\/www.fleurop-home.ch\/fr-ch\/wp-json\/wp\/v2\/media?parent=77951"}],"wp:term":[{"taxonomy":"product_brand","embeddable":true,"href":"https:\/\/www.fleurop-home.ch\/fr-ch\/wp-json\/wp\/v2\/product_brand?post=77951"},{"taxonomy":"product_cat","embeddable":true,"href":"https:\/\/www.fleurop-home.ch\/fr-ch\/wp-json\/wp\/v2\/product_cat?post=77951"},{"taxonomy":"product_tag","embeddable":true,"href":"https:\/\/www.fleurop-home.ch\/fr-ch\/wp-json\/wp\/v2\/product_tag?post=77951"},{"taxonomy":"woo-feed-brand","embeddable":true,"href":"https:\/\/www.fleurop-home.ch\/fr-ch\/wp-json\/wp\/v2\/woo-feed-brand?post=77951"}],"curies":[{"name":"wp","href":"https:\/\/api.w.org\/{rel}","templated":true}]}}