{"id":77943,"date":"2026-04-29T09:05:22","date_gmt":"2026-04-29T07:05:22","guid":{"rendered":"https:\/\/www.fleurop-home.ch\/de-ch\/p\/deko-giesskanne-flower-painting-mint"},"modified":"2026-04-29T09:25:44","modified_gmt":"2026-04-29T07:25:44","slug":"arrosoir-deco-flower-painting-mint","status":"publish","type":"product","link":"https:\/\/www.fleurop-home.ch\/fr-ch\/p\/deko-giesskanne-flower-painting-mint","title":{"rendered":"Arrosoir d\u00e9co Flower Painting Mint"},"content":{"rendered":"<p>Cet arrosoir d\u00e9coratif a \u00e9t\u00e9 produit en coop\u00e9ration avec Noah's Ark et Changemaker. Elle a \u00e9t\u00e9 soigneusement fabriqu\u00e9e \u00e0 la main en Inde et ensuite peinte \u00e0 la main. Chaque pi\u00e8ce est donc unique. L'arrosoir est uniquement destin\u00e9 \u00e0 un usage d\u00e9coratif - il n'est pas \u00e9tanche et ne doit donc pas \u00eatre utilis\u00e9 pour arroser les plantes.<\/p>","protected":false},"excerpt":{"rendered":"<p>Arrosoir d\u00e9coratif en fer peint \u00e0 la main<\/p>","protected":false},"featured_media":77942,"template":"","meta":[],"product_brand":[],"product_cat":[62,23,1190,1263,1266,30,34,37,1122,59,132],"product_tag":[1134],"woo-feed-brand":[],"class_list":{"0":"post-77943","1":"product","2":"type-product","3":"status-publish","4":"has-post-thumbnail","6":"product_cat-spielzeug","7":"product_cat-home-living","8":"product_cat-dekoobjekte","9":"product_cat-fleuropkids","10":"product_cat-garten-outdoor","11":"product_cat-deko-accessoires","12":"product_cat-garten-balkon","13":"product_cat-giesskannen","14":"product_cat-kids-im-gruenen","15":"product_cat-kids","16":"product_cat-neu","17":"product_tag-changemaker","19":"first","20":"instock","21":"taxable","22":"shipping-taxable","23":"purchasable","24":"product-type-simple"},"_links":{"self":[{"href":"https:\/\/www.fleurop-home.ch\/fr-ch\/wp-json\/wp\/v2\/product\/77943","targetHints":{"allow":["GET"]}}],"collection":[{"href":"https:\/\/www.fleurop-home.ch\/fr-ch\/wp-json\/wp\/v2\/product"}],"about":[{"href":"https:\/\/www.fleurop-home.ch\/fr-ch\/wp-json\/wp\/v2\/types\/product"}],"wp:featuredmedia":[{"embeddable":true,"href":"https:\/\/www.fleurop-home.ch\/fr-ch\/wp-json\/wp\/v2\/media\/77942"}],"wp:attachment":[{"href":"https:\/\/www.fleurop-home.ch\/fr-ch\/wp-json\/wp\/v2\/media?parent=77943"}],"wp:term":[{"taxonomy":"product_brand","embeddable":true,"href":"https:\/\/www.fleurop-home.ch\/fr-ch\/wp-json\/wp\/v2\/product_brand?post=77943"},{"taxonomy":"product_cat","embeddable":true,"href":"https:\/\/www.fleurop-home.ch\/fr-ch\/wp-json\/wp\/v2\/product_cat?post=77943"},{"taxonomy":"product_tag","embeddable":true,"href":"https:\/\/www.fleurop-home.ch\/fr-ch\/wp-json\/wp\/v2\/product_tag?post=77943"},{"taxonomy":"woo-feed-brand","embeddable":true,"href":"https:\/\/www.fleurop-home.ch\/fr-ch\/wp-json\/wp\/v2\/woo-feed-brand?post=77943"}],"curies":[{"name":"wp","href":"https:\/\/api.w.org\/{rel}","templated":true}]}}