{"id":77939,"date":"2026-04-29T09:05:20","date_gmt":"2026-04-29T07:05:20","guid":{"rendered":"https:\/\/www.fleurop-home.ch\/de-ch\/p\/mini-eimer-flower-painting-gelb"},"modified":"2026-04-29T09:27:08","modified_gmt":"2026-04-29T07:27:08","slug":"mini-seau-flower-painting-jaune","status":"publish","type":"product","link":"https:\/\/www.fleurop-home.ch\/fr-ch\/p\/mini-eimer-flower-painting-gelb","title":{"rendered":"Mini seau Flower Painting jaune"},"content":{"rendered":"<p>Le mini-seau a \u00e9t\u00e9 produit en coop\u00e9ration avec Noah's Ark et Changemaker. Il a \u00e9t\u00e9 soigneusement fabriqu\u00e9 \u00e0 la main en Inde et ensuite peint \u00e0 la main. Chaque pi\u00e8ce est donc unique. Tu peux utiliser le mini-seau de diff\u00e9rentes mani\u00e8res - par exemple comme cache-pot pour les petites plantes ou simplement comme accessoire d\u00e9coratif.<\/p>","protected":false},"excerpt":{"rendered":"<p>Seau en fer peint \u00e0 la main<\/p>","protected":false},"featured_media":77938,"template":"","meta":[],"product_brand":[],"product_cat":[1266,1263,34,1122,40,59,62,132],"product_tag":[1134],"woo-feed-brand":[],"class_list":{"0":"post-77939","1":"product","2":"type-product","3":"status-publish","4":"has-post-thumbnail","6":"product_cat-garten-outdoor","7":"product_cat-fleuropkids","8":"product_cat-garten-balkon","9":"product_cat-kids-im-gruenen","10":"product_cat-uebertoepfe","11":"product_cat-kids","12":"product_cat-spielzeug","13":"product_cat-neu","14":"product_tag-changemaker","16":"first","17":"instock","18":"taxable","19":"shipping-taxable","20":"purchasable","21":"product-type-simple"},"_links":{"self":[{"href":"https:\/\/www.fleurop-home.ch\/fr-ch\/wp-json\/wp\/v2\/product\/77939","targetHints":{"allow":["GET"]}}],"collection":[{"href":"https:\/\/www.fleurop-home.ch\/fr-ch\/wp-json\/wp\/v2\/product"}],"about":[{"href":"https:\/\/www.fleurop-home.ch\/fr-ch\/wp-json\/wp\/v2\/types\/product"}],"wp:featuredmedia":[{"embeddable":true,"href":"https:\/\/www.fleurop-home.ch\/fr-ch\/wp-json\/wp\/v2\/media\/77938"}],"wp:attachment":[{"href":"https:\/\/www.fleurop-home.ch\/fr-ch\/wp-json\/wp\/v2\/media?parent=77939"}],"wp:term":[{"taxonomy":"product_brand","embeddable":true,"href":"https:\/\/www.fleurop-home.ch\/fr-ch\/wp-json\/wp\/v2\/product_brand?post=77939"},{"taxonomy":"product_cat","embeddable":true,"href":"https:\/\/www.fleurop-home.ch\/fr-ch\/wp-json\/wp\/v2\/product_cat?post=77939"},{"taxonomy":"product_tag","embeddable":true,"href":"https:\/\/www.fleurop-home.ch\/fr-ch\/wp-json\/wp\/v2\/product_tag?post=77939"},{"taxonomy":"woo-feed-brand","embeddable":true,"href":"https:\/\/www.fleurop-home.ch\/fr-ch\/wp-json\/wp\/v2\/woo-feed-brand?post=77939"}],"curies":[{"name":"wp","href":"https:\/\/api.w.org\/{rel}","templated":true}]}}