{"id":77930,"date":"2026-04-29T09:05:13","date_gmt":"2026-04-29T07:05:13","guid":{"rendered":"https:\/\/www.fleurop-home.ch\/de-ch\/p\/schale-big-scallop-mint"},"modified":"2026-04-29T09:20:44","modified_gmt":"2026-04-29T07:20:44","slug":"bol-big-scallop-menthe","status":"publish","type":"product","link":"https:\/\/www.fleurop-home.ch\/fr-ch\/p\/schale-big-scallop-mint","title":{"rendered":"Bol Big Scallop Mint"},"content":{"rendered":"<p>Le bol a \u00e9t\u00e9 produit en coop\u00e9ration avec Noah's Ark et Changemaker. Elle a \u00e9t\u00e9 fabriqu\u00e9e \u00e0 la main en Inde et peut \u00eatre utilis\u00e9e pour les aliments ou comme accessoire d'int\u00e9rieur. Le bol ne convient pas au lave-vaisselle.<\/p>","protected":false},"excerpt":{"rendered":"<p>Bol en fer<\/p>","protected":false},"featured_media":77929,"template":"","meta":[],"product_brand":[],"product_cat":[1102,23,30,42,1101,43,132],"product_tag":[1134],"woo-feed-brand":[],"class_list":{"0":"post-77930","1":"product","2":"type-product","3":"status-publish","4":"has-post-thumbnail","6":"product_cat-essen","7":"product_cat-home-living","8":"product_cat-deko-accessoires","9":"product_cat-kueche","10":"product_cat-geschirr","11":"product_cat-gedeckter-tisch","12":"product_cat-neu","13":"product_tag-changemaker","15":"first","16":"instock","17":"taxable","18":"shipping-taxable","19":"purchasable","20":"product-type-simple"},"_links":{"self":[{"href":"https:\/\/www.fleurop-home.ch\/fr-ch\/wp-json\/wp\/v2\/product\/77930","targetHints":{"allow":["GET"]}}],"collection":[{"href":"https:\/\/www.fleurop-home.ch\/fr-ch\/wp-json\/wp\/v2\/product"}],"about":[{"href":"https:\/\/www.fleurop-home.ch\/fr-ch\/wp-json\/wp\/v2\/types\/product"}],"wp:featuredmedia":[{"embeddable":true,"href":"https:\/\/www.fleurop-home.ch\/fr-ch\/wp-json\/wp\/v2\/media\/77929"}],"wp:attachment":[{"href":"https:\/\/www.fleurop-home.ch\/fr-ch\/wp-json\/wp\/v2\/media?parent=77930"}],"wp:term":[{"taxonomy":"product_brand","embeddable":true,"href":"https:\/\/www.fleurop-home.ch\/fr-ch\/wp-json\/wp\/v2\/product_brand?post=77930"},{"taxonomy":"product_cat","embeddable":true,"href":"https:\/\/www.fleurop-home.ch\/fr-ch\/wp-json\/wp\/v2\/product_cat?post=77930"},{"taxonomy":"product_tag","embeddable":true,"href":"https:\/\/www.fleurop-home.ch\/fr-ch\/wp-json\/wp\/v2\/product_tag?post=77930"},{"taxonomy":"woo-feed-brand","embeddable":true,"href":"https:\/\/www.fleurop-home.ch\/fr-ch\/wp-json\/wp\/v2\/woo-feed-brand?post=77930"}],"curies":[{"name":"wp","href":"https:\/\/api.w.org\/{rel}","templated":true}]}}