{"id":77911,"date":"2026-04-29T09:05:00","date_gmt":"2026-04-29T07:05:00","guid":{"rendered":"https:\/\/www.fleurop-home.ch\/de-ch\/p\/teller-klein-flower-painting"},"modified":"2026-04-29T09:11:08","modified_gmt":"2026-04-29T07:11:08","slug":"assiette-petite-flower-painting","status":"publish","type":"product","link":"https:\/\/www.fleurop-home.ch\/fr-ch\/p\/teller-klein-flower-painting","title":{"rendered":"Petite assiette Flower Painting"},"content":{"rendered":"<p>Cette assiette a \u00e9t\u00e9 produite en coop\u00e9ration avec Noah's Ark et Changemaker. Elle a \u00e9t\u00e9 soigneusement fabriqu\u00e9e \u00e0 la main en Inde et ensuite peinte \u00e0 la main. Ainsi, chaque pi\u00e8ce est unique. L'assiette peut \u00eatre utilis\u00e9e comme accessoire d\u00e9coratif pour la maison ou pour servir des snacks. Elle n'est pas adapt\u00e9e au lave-vaisselle.<\/p>","protected":false},"excerpt":{"rendered":"<p>Assiette en fer peinte \u00e0 la main<\/p>","protected":false},"featured_media":77910,"template":"","meta":[],"product_brand":[],"product_cat":[1102,23,30,42,1101,43,132],"product_tag":[1134],"woo-feed-brand":[],"class_list":{"0":"post-77911","1":"product","2":"type-product","3":"status-publish","4":"has-post-thumbnail","6":"product_cat-essen","7":"product_cat-home-living","8":"product_cat-deko-accessoires","9":"product_cat-kueche","10":"product_cat-geschirr","11":"product_cat-gedeckter-tisch","12":"product_cat-neu","13":"product_tag-changemaker","15":"first","16":"instock","17":"taxable","18":"shipping-taxable","19":"purchasable","20":"product-type-simple"},"_links":{"self":[{"href":"https:\/\/www.fleurop-home.ch\/fr-ch\/wp-json\/wp\/v2\/product\/77911","targetHints":{"allow":["GET"]}}],"collection":[{"href":"https:\/\/www.fleurop-home.ch\/fr-ch\/wp-json\/wp\/v2\/product"}],"about":[{"href":"https:\/\/www.fleurop-home.ch\/fr-ch\/wp-json\/wp\/v2\/types\/product"}],"wp:featuredmedia":[{"embeddable":true,"href":"https:\/\/www.fleurop-home.ch\/fr-ch\/wp-json\/wp\/v2\/media\/77910"}],"wp:attachment":[{"href":"https:\/\/www.fleurop-home.ch\/fr-ch\/wp-json\/wp\/v2\/media?parent=77911"}],"wp:term":[{"taxonomy":"product_brand","embeddable":true,"href":"https:\/\/www.fleurop-home.ch\/fr-ch\/wp-json\/wp\/v2\/product_brand?post=77911"},{"taxonomy":"product_cat","embeddable":true,"href":"https:\/\/www.fleurop-home.ch\/fr-ch\/wp-json\/wp\/v2\/product_cat?post=77911"},{"taxonomy":"product_tag","embeddable":true,"href":"https:\/\/www.fleurop-home.ch\/fr-ch\/wp-json\/wp\/v2\/product_tag?post=77911"},{"taxonomy":"woo-feed-brand","embeddable":true,"href":"https:\/\/www.fleurop-home.ch\/fr-ch\/wp-json\/wp\/v2\/woo-feed-brand?post=77911"}],"curies":[{"name":"wp","href":"https:\/\/api.w.org\/{rel}","templated":true}]}}