{"id":77908,"date":"2026-04-29T09:04:58","date_gmt":"2026-04-29T07:04:58","guid":{"rendered":"https:\/\/www.fleurop-home.ch\/de-ch\/p\/relaxound-birdytimer-weiss"},"modified":"2026-04-29T09:09:43","modified_gmt":"2026-04-29T07:09:43","slug":"relaxound-birdytimer-blanc","status":"publish","type":"product","link":"https:\/\/www.fleurop-home.ch\/fr-ch\/p\/relaxound-birdytimer-weiss","title":{"rendered":"Relaxound Birdytimer blanc"},"content":{"rendered":"<p>Une minuterie comme on n'en a jamais vu auparavant. La fa\u00e7ade design du Birdytimer rayonne d'une \u00e9l\u00e9gance intemporelle avec son blanc minimaliste. Le joyeux gazouillis du Birdytimer est la conclusion parfaite et le pr\u00e9lude id\u00e9al \u00e0 une p\u00e9riode sp\u00e9ciale. La cuisine cr\u00e9ative, le yoga relaxant, les pauses reposantes, tout cela et bien plus encore peut \u00eatre encore mieux appr\u00e9ci\u00e9 avec le gazouillis du Birdytimer. Il \u00e9veille notre impatience pour ce qui vient. Parce que chaque d\u00e9but est enchanteur. Avec l'Easy-Crown sur le c\u00f4t\u00e9 droit, tu r\u00e8gleras l'heure que tu souhaites. Appuie une fois : R\u00e9gler l'heure en tournant. Appuie encore une fois : Termin\u00e9 ! Ton heure souhait\u00e9e est activ\u00e9e. Les chiffres indiquent les minutes, \u00e0 la derni\u00e8re minute ils t'indiquent les secondes. Gr\u00e2ce \u00e0 la batterie durable, tu as beaucoup d'\u00e9nergie quand tu profites d'un bon moment.<\/p>","protected":false},"excerpt":{"rendered":"<p>Minuteur avec gazouillis d'oiseaux en plastique<\/p>","protected":false},"featured_media":77907,"template":"","meta":[],"product_brand":[],"product_cat":[44,42,132],"product_tag":[1134],"woo-feed-brand":[],"class_list":{"0":"post-77908","1":"product","2":"type-product","3":"status-publish","4":"has-post-thumbnail","6":"product_cat-kuechenhelfer","7":"product_cat-kueche","8":"product_cat-neu","9":"product_tag-changemaker","11":"first","12":"instock","13":"taxable","14":"shipping-taxable","15":"purchasable","16":"product-type-simple"},"_links":{"self":[{"href":"https:\/\/www.fleurop-home.ch\/fr-ch\/wp-json\/wp\/v2\/product\/77908","targetHints":{"allow":["GET"]}}],"collection":[{"href":"https:\/\/www.fleurop-home.ch\/fr-ch\/wp-json\/wp\/v2\/product"}],"about":[{"href":"https:\/\/www.fleurop-home.ch\/fr-ch\/wp-json\/wp\/v2\/types\/product"}],"wp:featuredmedia":[{"embeddable":true,"href":"https:\/\/www.fleurop-home.ch\/fr-ch\/wp-json\/wp\/v2\/media\/77907"}],"wp:attachment":[{"href":"https:\/\/www.fleurop-home.ch\/fr-ch\/wp-json\/wp\/v2\/media?parent=77908"}],"wp:term":[{"taxonomy":"product_brand","embeddable":true,"href":"https:\/\/www.fleurop-home.ch\/fr-ch\/wp-json\/wp\/v2\/product_brand?post=77908"},{"taxonomy":"product_cat","embeddable":true,"href":"https:\/\/www.fleurop-home.ch\/fr-ch\/wp-json\/wp\/v2\/product_cat?post=77908"},{"taxonomy":"product_tag","embeddable":true,"href":"https:\/\/www.fleurop-home.ch\/fr-ch\/wp-json\/wp\/v2\/product_tag?post=77908"},{"taxonomy":"woo-feed-brand","embeddable":true,"href":"https:\/\/www.fleurop-home.ch\/fr-ch\/wp-json\/wp\/v2\/woo-feed-brand?post=77908"}],"curies":[{"name":"wp","href":"https:\/\/api.w.org\/{rel}","templated":true}]}}