{"id":77905,"date":"2026-04-29T09:04:56","date_gmt":"2026-04-29T07:04:56","guid":{"rendered":"https:\/\/www.fleurop-home.ch\/de-ch\/p\/relaxound-birdytimer-eiche-weiss"},"modified":"2026-04-29T09:10:05","modified_gmt":"2026-04-29T07:10:05","slug":"relaxound-birdytimer-chene-blanc","status":"publish","type":"product","link":"https:\/\/www.fleurop-home.ch\/fr-ch\/p\/relaxound-birdytimer-eiche-weiss","title":{"rendered":"Relaxound Birdytimer ch\u00eane\/blanc"},"content":{"rendered":"<p>Le Birdytimer facilite le fait d'avoir un bon temps : Il gazouille lorsque l'heure souhait\u00e9e est atteinte. Et en plus, il a de l'allure, la noble fa\u00e7ade design en bois de ch\u00eane 100% est affin\u00e9e \u00e0 la main dans une manufacture de bois de Thuringe pour obtenir une finition raffin\u00e9e. Le design de la voli\u00e8re est un classique qui s'accorde parfaitement avec le son. Avec l'Easy-Crown sur le c\u00f4t\u00e9 droit, tu r\u00e8gleras l'heure que tu souhaites. Appuie une fois : R\u00e9gler l'heure en tournant. Appuie encore une fois : Termin\u00e9 ! Ton heure souhait\u00e9e est activ\u00e9e. Les chiffres indiquent les minutes, \u00e0 la derni\u00e8re minute ils t'indiquent les secondes. Gr\u00e2ce \u00e0 la batterie durable, tu as beaucoup d'\u00e9nergie quand tu profites d'un bon moment.<\/p>","protected":false},"excerpt":{"rendered":"<p>Minuteur avec gazouillis d'oiseaux en ch\u00eane et plastique<\/p>","protected":false},"featured_media":77904,"template":"","meta":[],"product_brand":[],"product_cat":[44,42,132],"product_tag":[1134],"woo-feed-brand":[],"class_list":{"0":"post-77905","1":"product","2":"type-product","3":"status-publish","4":"has-post-thumbnail","6":"product_cat-kuechenhelfer","7":"product_cat-kueche","8":"product_cat-neu","9":"product_tag-changemaker","11":"first","12":"instock","13":"taxable","14":"shipping-taxable","15":"purchasable","16":"product-type-simple"},"_links":{"self":[{"href":"https:\/\/www.fleurop-home.ch\/fr-ch\/wp-json\/wp\/v2\/product\/77905","targetHints":{"allow":["GET"]}}],"collection":[{"href":"https:\/\/www.fleurop-home.ch\/fr-ch\/wp-json\/wp\/v2\/product"}],"about":[{"href":"https:\/\/www.fleurop-home.ch\/fr-ch\/wp-json\/wp\/v2\/types\/product"}],"wp:featuredmedia":[{"embeddable":true,"href":"https:\/\/www.fleurop-home.ch\/fr-ch\/wp-json\/wp\/v2\/media\/77904"}],"wp:attachment":[{"href":"https:\/\/www.fleurop-home.ch\/fr-ch\/wp-json\/wp\/v2\/media?parent=77905"}],"wp:term":[{"taxonomy":"product_brand","embeddable":true,"href":"https:\/\/www.fleurop-home.ch\/fr-ch\/wp-json\/wp\/v2\/product_brand?post=77905"},{"taxonomy":"product_cat","embeddable":true,"href":"https:\/\/www.fleurop-home.ch\/fr-ch\/wp-json\/wp\/v2\/product_cat?post=77905"},{"taxonomy":"product_tag","embeddable":true,"href":"https:\/\/www.fleurop-home.ch\/fr-ch\/wp-json\/wp\/v2\/product_tag?post=77905"},{"taxonomy":"woo-feed-brand","embeddable":true,"href":"https:\/\/www.fleurop-home.ch\/fr-ch\/wp-json\/wp\/v2\/woo-feed-brand?post=77905"}],"curies":[{"name":"wp","href":"https:\/\/api.w.org\/{rel}","templated":true}]}}