{"id":77895,"date":"2026-04-28T21:21:57","date_gmt":"2026-04-28T19:21:57","guid":{"rendered":"https:\/\/www.fleurop-home.ch\/fr-ch\/?post_type=product&#038;p=77895"},"modified":"2026-04-29T09:00:11","modified_gmt":"2026-04-29T07:00:11","slug":"bonsai-stabilise-un-amour-de-bonsai","status":"publish","type":"product","link":"https:\/\/www.fleurop-home.ch\/fr-ch\/p\/stabilisierter-bonsai-un-amour-de-bonsai","title":{"rendered":"Bonsa\u00ef stabilis\u00e9 \u00abUn amour de bonsa\u00ef\u00bb"},"content":{"rendered":"<p>Ce magnifique bonsa\u00ef embellira ton salon ou tout autre endroit de ta maison, il est id\u00e9al pour les entreprises ou les r\u00e9ceptions. Dure plusieurs ann\u00e9es sans aucun entretien, est unique et fait \u00e0 la main.<br \/>\nPour tous ceux qui souhaitent avoir un peu de nature chez eux, mais qui n'ont pas le temps de s'en occuper, ce bonsa\u00ef est fait pour eux.<br \/>\nIl mesure environ 45 cm de haut, le pot a un diam\u00e8tre de 18 cm et une hauteur de 8 cm.<\/p>","protected":false},"excerpt":{"rendered":"<p>Bonsa\u00ef stabilis\u00e9 (Juniperus)<\/p>","protected":false},"featured_media":77883,"template":"","meta":[],"product_brand":[],"product_cat":[107,23,26,132],"product_tag":[1135],"woo-feed-brand":[],"class_list":{"0":"post-77895","1":"product","2":"type-product","3":"status-publish","4":"has-post-thumbnail","6":"product_cat-kunstblumen","7":"product_cat-home-living","8":"product_cat-blumen-pflanzen","9":"product_cat-neu","10":"product_tag-mon-reve-fleuri","12":"first","13":"instock","14":"taxable","15":"shipping-taxable","16":"purchasable","17":"product-type-simple"},"_links":{"self":[{"href":"https:\/\/www.fleurop-home.ch\/fr-ch\/wp-json\/wp\/v2\/product\/77895","targetHints":{"allow":["GET"]}}],"collection":[{"href":"https:\/\/www.fleurop-home.ch\/fr-ch\/wp-json\/wp\/v2\/product"}],"about":[{"href":"https:\/\/www.fleurop-home.ch\/fr-ch\/wp-json\/wp\/v2\/types\/product"}],"wp:featuredmedia":[{"embeddable":true,"href":"https:\/\/www.fleurop-home.ch\/fr-ch\/wp-json\/wp\/v2\/media\/77883"}],"wp:attachment":[{"href":"https:\/\/www.fleurop-home.ch\/fr-ch\/wp-json\/wp\/v2\/media?parent=77895"}],"wp:term":[{"taxonomy":"product_brand","embeddable":true,"href":"https:\/\/www.fleurop-home.ch\/fr-ch\/wp-json\/wp\/v2\/product_brand?post=77895"},{"taxonomy":"product_cat","embeddable":true,"href":"https:\/\/www.fleurop-home.ch\/fr-ch\/wp-json\/wp\/v2\/product_cat?post=77895"},{"taxonomy":"product_tag","embeddable":true,"href":"https:\/\/www.fleurop-home.ch\/fr-ch\/wp-json\/wp\/v2\/product_tag?post=77895"},{"taxonomy":"woo-feed-brand","embeddable":true,"href":"https:\/\/www.fleurop-home.ch\/fr-ch\/wp-json\/wp\/v2\/woo-feed-brand?post=77895"}],"curies":[{"name":"wp","href":"https:\/\/api.w.org\/{rel}","templated":true}]}}