{"id":77894,"date":"2026-04-28T21:07:00","date_gmt":"2026-04-28T19:07:00","guid":{"rendered":"https:\/\/www.fleurop-home.ch\/fr-ch\/?post_type=product&#038;p=77894"},"modified":"2026-04-29T08:59:01","modified_gmt":"2026-04-29T06:59:01","slug":"bonsai-stabilise-juste-eternel","status":"publish","type":"product","link":"https:\/\/www.fleurop-home.ch\/fr-ch\/p\/stabilisierter-bonsai-juste-eternel","title":{"rendered":"Bonsa\u00ef stabilis\u00e9 \u00abJuste \u00e9ternel\u00bb"},"content":{"rendered":"<p>Ce magnifique bonsa\u00ef embellira ton salon ou tout autre endroit de ta maison, il convient \u00e9galement aux entreprises ou aux r\u00e9ceptions. Dure de nombreuses ann\u00e9es sans entretien, est unique et fait \u00e0 la main.<br \/>\nPour tous ceux qui souhaitent avoir un peu de nature chez eux, mais qui n'ont pas le temps de s'en occuper, ce bonsa\u00ef est fait pour eux.<\/p>","protected":false},"excerpt":{"rendered":"<p>Bonsa\u00ef stabilis\u00e9 (Juniperus)<\/p>","protected":false},"featured_media":77887,"template":"","meta":[],"product_brand":[],"product_cat":[107,23,26,132],"product_tag":[1135],"woo-feed-brand":[],"class_list":{"0":"post-77894","1":"product","2":"type-product","3":"status-publish","4":"has-post-thumbnail","6":"product_cat-kunstblumen","7":"product_cat-home-living","8":"product_cat-blumen-pflanzen","9":"product_cat-neu","10":"product_tag-mon-reve-fleuri","12":"first","13":"instock","14":"taxable","15":"shipping-taxable","16":"purchasable","17":"product-type-simple"},"_links":{"self":[{"href":"https:\/\/www.fleurop-home.ch\/fr-ch\/wp-json\/wp\/v2\/product\/77894","targetHints":{"allow":["GET"]}}],"collection":[{"href":"https:\/\/www.fleurop-home.ch\/fr-ch\/wp-json\/wp\/v2\/product"}],"about":[{"href":"https:\/\/www.fleurop-home.ch\/fr-ch\/wp-json\/wp\/v2\/types\/product"}],"wp:featuredmedia":[{"embeddable":true,"href":"https:\/\/www.fleurop-home.ch\/fr-ch\/wp-json\/wp\/v2\/media\/77887"}],"wp:attachment":[{"href":"https:\/\/www.fleurop-home.ch\/fr-ch\/wp-json\/wp\/v2\/media?parent=77894"}],"wp:term":[{"taxonomy":"product_brand","embeddable":true,"href":"https:\/\/www.fleurop-home.ch\/fr-ch\/wp-json\/wp\/v2\/product_brand?post=77894"},{"taxonomy":"product_cat","embeddable":true,"href":"https:\/\/www.fleurop-home.ch\/fr-ch\/wp-json\/wp\/v2\/product_cat?post=77894"},{"taxonomy":"product_tag","embeddable":true,"href":"https:\/\/www.fleurop-home.ch\/fr-ch\/wp-json\/wp\/v2\/product_tag?post=77894"},{"taxonomy":"woo-feed-brand","embeddable":true,"href":"https:\/\/www.fleurop-home.ch\/fr-ch\/wp-json\/wp\/v2\/woo-feed-brand?post=77894"}],"curies":[{"name":"wp","href":"https:\/\/api.w.org\/{rel}","templated":true}]}}