{"id":77793,"date":"2026-04-27T17:54:03","date_gmt":"2026-04-27T15:54:03","guid":{"rendered":"https:\/\/www.fleurop-home.ch\/de-ch\/?post_type=product&#038;p=77793"},"modified":"2026-04-28T07:58:47","modified_gmt":"2026-04-28T05:58:47","slug":"stiebli-parfumee-a-la-lavande-120ml","status":"publish","type":"product","link":"https:\/\/www.fleurop-home.ch\/fr-ch\/p\/duftstaebli-lavendel-duft-120ml","title":{"rendered":"Encens Lavande Parfum\u00e9e 120ml"},"content":{"rendered":"<p data-pm-slice=\"1 1 []\">Les b\u00e2tonnets parfum\u00e9s \u00e0 la lavande de la s\u00e9rie italienne \u00abSmal\u00bb transforment ta maison en une oasis de calme gr\u00e2ce \u00e0 leur ar\u00f4me apaisant et frais. Gr\u00e2ce \u00e0 la qualit\u00e9 sup\u00e9rieure \u00abMade in Italy\u00bb, le flacon de 120 ml diffuse un parfum r\u00e9gulier pendant des semaines, id\u00e9al pour se d\u00e9tendre apr\u00e8s une journ\u00e9e active. Le design intemporel et le parfum naturel font de cet ensemble un accessoire parfait pour une ambiance de bien-\u00eatre harmonieuse.<\/p>","protected":false},"excerpt":{"rendered":"<p>Encens \u00e0 la lavande, un parfum qui pla\u00eet \u00e0 tous.<\/p>","protected":false},"featured_media":77790,"template":"","meta":[],"product_brand":[],"product_cat":[51,48,132],"product_tag":[1094],"woo-feed-brand":[],"class_list":{"0":"post-77793","1":"product","2":"type-product","3":"status-publish","4":"has-post-thumbnail","6":"product_cat-raumduefte","7":"product_cat-bad-wellness","8":"product_cat-neu","9":"product_tag-corinas","11":"first","12":"instock","13":"taxable","14":"shipping-taxable","15":"purchasable","16":"product-type-simple"},"_links":{"self":[{"href":"https:\/\/www.fleurop-home.ch\/fr-ch\/wp-json\/wp\/v2\/product\/77793","targetHints":{"allow":["GET"]}}],"collection":[{"href":"https:\/\/www.fleurop-home.ch\/fr-ch\/wp-json\/wp\/v2\/product"}],"about":[{"href":"https:\/\/www.fleurop-home.ch\/fr-ch\/wp-json\/wp\/v2\/types\/product"}],"wp:featuredmedia":[{"embeddable":true,"href":"https:\/\/www.fleurop-home.ch\/fr-ch\/wp-json\/wp\/v2\/media\/77790"}],"wp:attachment":[{"href":"https:\/\/www.fleurop-home.ch\/fr-ch\/wp-json\/wp\/v2\/media?parent=77793"}],"wp:term":[{"taxonomy":"product_brand","embeddable":true,"href":"https:\/\/www.fleurop-home.ch\/fr-ch\/wp-json\/wp\/v2\/product_brand?post=77793"},{"taxonomy":"product_cat","embeddable":true,"href":"https:\/\/www.fleurop-home.ch\/fr-ch\/wp-json\/wp\/v2\/product_cat?post=77793"},{"taxonomy":"product_tag","embeddable":true,"href":"https:\/\/www.fleurop-home.ch\/fr-ch\/wp-json\/wp\/v2\/product_tag?post=77793"},{"taxonomy":"woo-feed-brand","embeddable":true,"href":"https:\/\/www.fleurop-home.ch\/fr-ch\/wp-json\/wp\/v2\/woo-feed-brand?post=77793"}],"curies":[{"name":"wp","href":"https:\/\/api.w.org\/{rel}","templated":true}]}}