{"id":77787,"date":"2026-04-27T17:38:44","date_gmt":"2026-04-27T15:38:44","guid":{"rendered":"https:\/\/www.fleurop-home.ch\/de-ch\/?post_type=product&#038;p=77787"},"modified":"2026-04-28T07:56:29","modified_gmt":"2026-04-28T05:56:29","slug":"duftstaebli-parfum-vanille-120ml","status":"publish","type":"product","link":"https:\/\/www.fleurop-home.ch\/fr-ch\/p\/duftstaebli-vanille-duft-120ml","title":{"rendered":"Encens parfum vanille 120ml"},"content":{"rendered":"<p data-pm-slice=\"1 1 []\">Ces \u00e9l\u00e9gants b\u00e2tonnets parfum\u00e9s \u00e0 la vanille de la s\u00e9rie italienne \u00abSmal\u00bb apportent une \u00e9l\u00e9gance intemporelle \u00e0 chaque pi\u00e8ce gr\u00e2ce \u00e0 leur ar\u00f4me chaud et cr\u00e9meux. La finition de haute qualit\u00e9 \u00abMade in Italy\u00bb garantit une exp\u00e9rience olfactive durable et r\u00e9guli\u00e8re qui est parfaitement mise en valeur dans les flacons de 120 ml. Le design discret s'int\u00e8gre harmonieusement dans ton environnement et cr\u00e9e imm\u00e9diatement une atmosph\u00e8re de bien-\u00eatre accueillante pour se d\u00e9tendre.<\/p>","protected":false},"excerpt":{"rendered":"<p>Encens vanille, un parfum qui pla\u00eet \u00e0 tous.<\/p>","protected":false},"featured_media":77788,"template":"","meta":[],"product_brand":[],"product_cat":[51,48,132],"product_tag":[1094],"woo-feed-brand":[],"class_list":{"0":"post-77787","1":"product","2":"type-product","3":"status-publish","4":"has-post-thumbnail","6":"product_cat-raumduefte","7":"product_cat-bad-wellness","8":"product_cat-neu","9":"product_tag-corinas","11":"first","12":"instock","13":"taxable","14":"shipping-taxable","15":"purchasable","16":"product-type-simple"},"_links":{"self":[{"href":"https:\/\/www.fleurop-home.ch\/fr-ch\/wp-json\/wp\/v2\/product\/77787","targetHints":{"allow":["GET"]}}],"collection":[{"href":"https:\/\/www.fleurop-home.ch\/fr-ch\/wp-json\/wp\/v2\/product"}],"about":[{"href":"https:\/\/www.fleurop-home.ch\/fr-ch\/wp-json\/wp\/v2\/types\/product"}],"wp:featuredmedia":[{"embeddable":true,"href":"https:\/\/www.fleurop-home.ch\/fr-ch\/wp-json\/wp\/v2\/media\/77788"}],"wp:attachment":[{"href":"https:\/\/www.fleurop-home.ch\/fr-ch\/wp-json\/wp\/v2\/media?parent=77787"}],"wp:term":[{"taxonomy":"product_brand","embeddable":true,"href":"https:\/\/www.fleurop-home.ch\/fr-ch\/wp-json\/wp\/v2\/product_brand?post=77787"},{"taxonomy":"product_cat","embeddable":true,"href":"https:\/\/www.fleurop-home.ch\/fr-ch\/wp-json\/wp\/v2\/product_cat?post=77787"},{"taxonomy":"product_tag","embeddable":true,"href":"https:\/\/www.fleurop-home.ch\/fr-ch\/wp-json\/wp\/v2\/product_tag?post=77787"},{"taxonomy":"woo-feed-brand","embeddable":true,"href":"https:\/\/www.fleurop-home.ch\/fr-ch\/wp-json\/wp\/v2\/woo-feed-brand?post=77787"}],"curies":[{"name":"wp","href":"https:\/\/api.w.org\/{rel}","templated":true}]}}