{"id":77633,"date":"2026-04-21T13:15:50","date_gmt":"2026-04-21T11:15:50","guid":{"rendered":"https:\/\/www.fleurop-home.ch\/de-ch\/?post_type=product&#038;p=77633"},"modified":"2026-04-21T13:38:58","modified_gmt":"2026-04-21T11:38:58","slug":"set-cadeau-meilleure-maman-jaune","status":"publish","type":"product","link":"https:\/\/www.fleurop-home.ch\/fr-ch\/p\/geschenkset-beste-mama-gelb","title":{"rendered":"Set cadeau meilleure maman jaune"},"content":{"rendered":"<p>Notre set cadeau meilleure maman - Un set sp\u00e9cial pour dire simplement merci : emball\u00e9 avec style dans une bo\u00eete kraft et compos\u00e9 avec beaucoup de c\u0153ur.<\/p>\n<p>Sont inclus un verre \u00e0 boire, une planche \u00e0 d\u00e9couper, un c\u0153ur de poche, une trousse de toilette pratique, des fleurs d\u00e9coratives au crochet et une petite carte avec enveloppe pour tes mots personnels.<\/p>\n<p>Un cadeau plein d'amour pour la meilleure des mamans.<\/p>","protected":false},"excerpt":{"rendered":"<p>Un set sp\u00e9cial pour dire simplement merci : emball\u00e9 avec style dans une bo\u00eete kraft et compos\u00e9 avec beaucoup de c\u0153ur.<\/p>","protected":false},"featured_media":77647,"template":"","meta":[],"product_brand":[],"product_cat":[1223,1023,797,52,53],"product_tag":[336],"woo-feed-brand":[],"class_list":{"0":"post-77633","1":"product","2":"type-product","3":"status-publish","4":"has-post-thumbnail","6":"product_cat-anlaesse","7":"product_cat-fuer-mama","8":"product_cat-muttertag","9":"product_cat-geschenke","10":"product_cat-geschenksets","11":"product_tag-teddi-bebe","13":"first","14":"instock","15":"taxable","16":"shipping-taxable","17":"purchasable","18":"product-type-simple"},"_links":{"self":[{"href":"https:\/\/www.fleurop-home.ch\/fr-ch\/wp-json\/wp\/v2\/product\/77633","targetHints":{"allow":["GET"]}}],"collection":[{"href":"https:\/\/www.fleurop-home.ch\/fr-ch\/wp-json\/wp\/v2\/product"}],"about":[{"href":"https:\/\/www.fleurop-home.ch\/fr-ch\/wp-json\/wp\/v2\/types\/product"}],"wp:featuredmedia":[{"embeddable":true,"href":"https:\/\/www.fleurop-home.ch\/fr-ch\/wp-json\/wp\/v2\/media\/77647"}],"wp:attachment":[{"href":"https:\/\/www.fleurop-home.ch\/fr-ch\/wp-json\/wp\/v2\/media?parent=77633"}],"wp:term":[{"taxonomy":"product_brand","embeddable":true,"href":"https:\/\/www.fleurop-home.ch\/fr-ch\/wp-json\/wp\/v2\/product_brand?post=77633"},{"taxonomy":"product_cat","embeddable":true,"href":"https:\/\/www.fleurop-home.ch\/fr-ch\/wp-json\/wp\/v2\/product_cat?post=77633"},{"taxonomy":"product_tag","embeddable":true,"href":"https:\/\/www.fleurop-home.ch\/fr-ch\/wp-json\/wp\/v2\/product_tag?post=77633"},{"taxonomy":"woo-feed-brand","embeddable":true,"href":"https:\/\/www.fleurop-home.ch\/fr-ch\/wp-json\/wp\/v2\/woo-feed-brand?post=77633"}],"curies":[{"name":"wp","href":"https:\/\/api.w.org\/{rel}","templated":true}]}}