{"id":77491,"date":"2026-04-16T08:36:00","date_gmt":"2026-04-16T06:36:00","guid":{"rendered":"https:\/\/www.fleurop-home.ch\/?post_type=product&#038;p=77491"},"modified":"2026-04-17T11:18:16","modified_gmt":"2026-04-17T09:18:16","slug":"racine-de-maison-sempervivum-hybrida-23","status":"publish","type":"product","link":"https:\/\/www.fleurop-home.ch\/fr-ch\/p\/hauswurz-sempervivum-hybrida-23","title":{"rendered":"Racine de maison - Sempervivum Hybrida"},"content":{"rendered":"<p>Diese robuste Dickblattpflanze eignet sich hervorragend f\u00fcr Steing\u00e4rten, Trockenmauern, Gr\u00e4ber sowie diverse Pflanzgef\u00e4sse. Mit einer H\u00f6he von etwa 10 cm bleibt der Hauswurz kompakt und dekorativ. Pflanzen aus 100 % Schweizer Produktion \u00fcberzeugen durch ihre hohe Anpassungsf\u00e4higkeit und Widerstandskraft. Der durchl\u00e4ssige Boden sowie ein sonniger Standort gew\u00e4hrleisten eine gesunde Entwicklung. Da der Wasserbedarf gering ist, gedeiht die Sukkulente auch problemlos an trockenen Pl\u00e4tzen. Die winterharten Eigenschaften machen sie zu einer besonders pflegeleichten Wahl, die ganzj\u00e4hrig Struktur in den Garten bringt.<\/p>\n<p>Hauteur : 10 cm<br \/>\nTaille du pot : pot de 14<br \/>\nR\u00e9sistance au froid : r\u00e9sistant au froid<br \/>\nLumi\u00e8re : ensoleill\u00e9e<br \/>\nP\u00e9riode de floraison : juin \u00e0 ao\u00fbt<br \/>\nSol : perm\u00e9able<\/p>","protected":false},"excerpt":{"rendered":"<p>Hauswurz Summer Frost: Robuster, winterharter Sukkulent aus Schweizer Produktion<\/p>","protected":false},"featured_media":77492,"template":"","meta":[],"product_brand":[],"product_cat":[109,34,41],"product_tag":[299],"woo-feed-brand":[],"class_list":{"0":"post-77491","1":"product","2":"type-product","3":"status-publish","4":"has-post-thumbnail","6":"product_cat-saisonale-pflanzen","7":"product_cat-garten-balkon","8":"product_cat-outdoorpflanzen","9":"product_tag-santispracht","11":"first","12":"instock","13":"taxable","14":"shipping-taxable","15":"purchasable","16":"product-type-simple"},"_links":{"self":[{"href":"https:\/\/www.fleurop-home.ch\/fr-ch\/wp-json\/wp\/v2\/product\/77491","targetHints":{"allow":["GET"]}}],"collection":[{"href":"https:\/\/www.fleurop-home.ch\/fr-ch\/wp-json\/wp\/v2\/product"}],"about":[{"href":"https:\/\/www.fleurop-home.ch\/fr-ch\/wp-json\/wp\/v2\/types\/product"}],"wp:featuredmedia":[{"embeddable":true,"href":"https:\/\/www.fleurop-home.ch\/fr-ch\/wp-json\/wp\/v2\/media\/77492"}],"wp:attachment":[{"href":"https:\/\/www.fleurop-home.ch\/fr-ch\/wp-json\/wp\/v2\/media?parent=77491"}],"wp:term":[{"taxonomy":"product_brand","embeddable":true,"href":"https:\/\/www.fleurop-home.ch\/fr-ch\/wp-json\/wp\/v2\/product_brand?post=77491"},{"taxonomy":"product_cat","embeddable":true,"href":"https:\/\/www.fleurop-home.ch\/fr-ch\/wp-json\/wp\/v2\/product_cat?post=77491"},{"taxonomy":"product_tag","embeddable":true,"href":"https:\/\/www.fleurop-home.ch\/fr-ch\/wp-json\/wp\/v2\/product_tag?post=77491"},{"taxonomy":"woo-feed-brand","embeddable":true,"href":"https:\/\/www.fleurop-home.ch\/fr-ch\/wp-json\/wp\/v2\/woo-feed-brand?post=77491"}],"curies":[{"name":"wp","href":"https:\/\/api.w.org\/{rel}","templated":true}]}}