{"id":77488,"date":"2026-04-16T08:33:16","date_gmt":"2026-04-16T06:33:16","guid":{"rendered":"https:\/\/www.fleurop-home.ch\/?post_type=product&#038;p=77488"},"modified":"2026-04-17T11:17:16","modified_gmt":"2026-04-17T09:17:16","slug":"racine-de-maison-sempervivum-hybrida-22","status":"publish","type":"product","link":"https:\/\/www.fleurop-home.ch\/fr-ch\/p\/hauswurz-sempervivum-hybrida-22","title":{"rendered":"Racine de maison - Sempervivum Hybrida"},"content":{"rendered":"<p>Sempervivum Lemon Flare besticht durch seine robuste Natur und eignet sich optimal f\u00fcr sonnige Standorte. Das anspruchslose Dickblattgew\u00e4chs f\u00fchlt sich vor allem in durchl\u00e4ssigen B\u00f6den wohl und ben\u00f6tigt nur wenig Wasser. Es kommt besonders in Steing\u00e4rten, Trockenmauern oder als Blickfang auf Gr\u00e4bern sowie in verschiedensten Pflanzgef\u00e4ssen zur Geltung. Dank seiner winterharten Eigenschaften trotzt diese Pflanze den typischen Klimaeinfl\u00fcssen in der Schweiz und steht damit f\u00fcr 100 % Schweizer Produktion und lokale Qualit\u00e4t.<\/p>\n<p>Hauteur : 10 cm<br \/>\nTaille du pot : pot de 14<br \/>\nR\u00e9sistance au froid : r\u00e9sistant au froid<br \/>\nLumi\u00e8re : ensoleill\u00e9e<br \/>\nP\u00e9riode de floraison : juin \u00e0 ao\u00fbt<br \/>\nSol : perm\u00e9able<\/p>","protected":false},"excerpt":{"rendered":"<p>Sempervivum Lemon Flare \u2013 robustes Dickblatt f\u00fcr sonnige Standorte<\/p>","protected":false},"featured_media":77489,"template":"","meta":[],"product_brand":[],"product_cat":[109,34,41],"product_tag":[299],"woo-feed-brand":[],"class_list":{"0":"post-77488","1":"product","2":"type-product","3":"status-publish","4":"has-post-thumbnail","6":"product_cat-saisonale-pflanzen","7":"product_cat-garten-balkon","8":"product_cat-outdoorpflanzen","9":"product_tag-santispracht","11":"first","12":"instock","13":"taxable","14":"shipping-taxable","15":"purchasable","16":"product-type-simple"},"_links":{"self":[{"href":"https:\/\/www.fleurop-home.ch\/fr-ch\/wp-json\/wp\/v2\/product\/77488","targetHints":{"allow":["GET"]}}],"collection":[{"href":"https:\/\/www.fleurop-home.ch\/fr-ch\/wp-json\/wp\/v2\/product"}],"about":[{"href":"https:\/\/www.fleurop-home.ch\/fr-ch\/wp-json\/wp\/v2\/types\/product"}],"wp:featuredmedia":[{"embeddable":true,"href":"https:\/\/www.fleurop-home.ch\/fr-ch\/wp-json\/wp\/v2\/media\/77489"}],"wp:attachment":[{"href":"https:\/\/www.fleurop-home.ch\/fr-ch\/wp-json\/wp\/v2\/media?parent=77488"}],"wp:term":[{"taxonomy":"product_brand","embeddable":true,"href":"https:\/\/www.fleurop-home.ch\/fr-ch\/wp-json\/wp\/v2\/product_brand?post=77488"},{"taxonomy":"product_cat","embeddable":true,"href":"https:\/\/www.fleurop-home.ch\/fr-ch\/wp-json\/wp\/v2\/product_cat?post=77488"},{"taxonomy":"product_tag","embeddable":true,"href":"https:\/\/www.fleurop-home.ch\/fr-ch\/wp-json\/wp\/v2\/product_tag?post=77488"},{"taxonomy":"woo-feed-brand","embeddable":true,"href":"https:\/\/www.fleurop-home.ch\/fr-ch\/wp-json\/wp\/v2\/woo-feed-brand?post=77488"}],"curies":[{"name":"wp","href":"https:\/\/api.w.org\/{rel}","templated":true}]}}