{"id":77310,"date":"2026-04-12T21:06:57","date_gmt":"2026-04-12T19:06:57","guid":{"rendered":"https:\/\/www.fleurop-home.ch\/fr-ch\/?post_type=product&#038;p=77310"},"modified":"2026-04-13T09:20:12","modified_gmt":"2026-04-13T07:20:12","slug":"arrangement-infini-te-souhaite-une-bonne-journee","status":"publish","type":"product","link":"https:\/\/www.fleurop-home.ch\/fr-ch\/p\/infinity-arrangement-wish-you-a-happy-day","title":{"rendered":"Arrangement Infinity \u00abWish you a happy day\u00bb (Souhaite-toi une bonne journ\u00e9e)\u00bb"},"content":{"rendered":"<p>Ce joli panier de roses conserv\u00e9es de couleur saumon clair et de plantes s\u00e9ch\u00e9es est un cadeau id\u00e9al pour la f\u00eate des m\u00e8res ou pour toute autre occasion pour toutes les personnes qui te sont ch\u00e8res - avec de jolis papillons qui apportent un peu de lumi\u00e8re dans le quotidien.<\/p>","protected":false},"excerpt":{"rendered":"<p>Panier de roses conserv\u00e9es<\/p>","protected":false},"featured_media":77312,"template":"","meta":[],"product_brand":[],"product_cat":[102,23,1023,797,26,1247],"product_tag":[1135],"woo-feed-brand":[],"class_list":{"0":"post-77310","1":"product","2":"type-product","3":"status-publish","4":"has-post-thumbnail","6":"product_cat-infinity-rosen","7":"product_cat-home-living","8":"product_cat-fuer-mama","9":"product_cat-muttertag","10":"product_cat-blumen-pflanzen","11":"product_cat-sale","12":"product_tag-mon-reve-fleuri","14":"first","15":"instock","16":"sale","17":"taxable","18":"shipping-taxable","19":"purchasable","20":"product-type-simple"},"_links":{"self":[{"href":"https:\/\/www.fleurop-home.ch\/fr-ch\/wp-json\/wp\/v2\/product\/77310","targetHints":{"allow":["GET"]}}],"collection":[{"href":"https:\/\/www.fleurop-home.ch\/fr-ch\/wp-json\/wp\/v2\/product"}],"about":[{"href":"https:\/\/www.fleurop-home.ch\/fr-ch\/wp-json\/wp\/v2\/types\/product"}],"wp:featuredmedia":[{"embeddable":true,"href":"https:\/\/www.fleurop-home.ch\/fr-ch\/wp-json\/wp\/v2\/media\/77312"}],"wp:attachment":[{"href":"https:\/\/www.fleurop-home.ch\/fr-ch\/wp-json\/wp\/v2\/media?parent=77310"}],"wp:term":[{"taxonomy":"product_brand","embeddable":true,"href":"https:\/\/www.fleurop-home.ch\/fr-ch\/wp-json\/wp\/v2\/product_brand?post=77310"},{"taxonomy":"product_cat","embeddable":true,"href":"https:\/\/www.fleurop-home.ch\/fr-ch\/wp-json\/wp\/v2\/product_cat?post=77310"},{"taxonomy":"product_tag","embeddable":true,"href":"https:\/\/www.fleurop-home.ch\/fr-ch\/wp-json\/wp\/v2\/product_tag?post=77310"},{"taxonomy":"woo-feed-brand","embeddable":true,"href":"https:\/\/www.fleurop-home.ch\/fr-ch\/wp-json\/wp\/v2\/woo-feed-brand?post=77310"}],"curies":[{"name":"wp","href":"https:\/\/api.w.org\/{rel}","templated":true}]}}