{"id":77309,"date":"2026-04-12T20:59:46","date_gmt":"2026-04-12T18:59:46","guid":{"rendered":"https:\/\/www.fleurop-home.ch\/fr-ch\/?post_type=product&#038;p=77309"},"modified":"2026-04-13T09:21:00","modified_gmt":"2026-04-13T07:21:00","slug":"couronne-de-fleurs-sechees","status":"publish","type":"product","link":"https:\/\/www.fleurop-home.ch\/fr-ch\/p\/kranz-aus-getrockneten-blumen","title":{"rendered":"Couronne de fleurs s\u00e9ch\u00e9es"},"content":{"rendered":"<p>Cette magnifique couronne faite \u00e0 la main, compos\u00e9e de fleurs s\u00e9ch\u00e9es et d'hortensias conserv\u00e9s dans des tons roses, embellit n'importe quelle pi\u00e8ce ou porte d'entr\u00e9e et mesure environ 38 cm de diam\u00e8tre.<\/p>","protected":false},"excerpt":{"rendered":"<p>Couronne de fleurs s\u00e9ch\u00e9es<\/p>","protected":false},"featured_media":77305,"template":"","meta":[],"product_brand":[],"product_cat":[117,23],"product_tag":[1135],"woo-feed-brand":[],"class_list":{"0":"post-77309","1":"product","2":"type-product","3":"status-publish","4":"has-post-thumbnail","6":"product_cat-trockenblumen","7":"product_cat-home-living","8":"product_tag-mon-reve-fleuri","10":"first","11":"instock","12":"taxable","13":"shipping-taxable","14":"purchasable","15":"product-type-simple"},"_links":{"self":[{"href":"https:\/\/www.fleurop-home.ch\/fr-ch\/wp-json\/wp\/v2\/product\/77309","targetHints":{"allow":["GET"]}}],"collection":[{"href":"https:\/\/www.fleurop-home.ch\/fr-ch\/wp-json\/wp\/v2\/product"}],"about":[{"href":"https:\/\/www.fleurop-home.ch\/fr-ch\/wp-json\/wp\/v2\/types\/product"}],"wp:featuredmedia":[{"embeddable":true,"href":"https:\/\/www.fleurop-home.ch\/fr-ch\/wp-json\/wp\/v2\/media\/77305"}],"wp:attachment":[{"href":"https:\/\/www.fleurop-home.ch\/fr-ch\/wp-json\/wp\/v2\/media?parent=77309"}],"wp:term":[{"taxonomy":"product_brand","embeddable":true,"href":"https:\/\/www.fleurop-home.ch\/fr-ch\/wp-json\/wp\/v2\/product_brand?post=77309"},{"taxonomy":"product_cat","embeddable":true,"href":"https:\/\/www.fleurop-home.ch\/fr-ch\/wp-json\/wp\/v2\/product_cat?post=77309"},{"taxonomy":"product_tag","embeddable":true,"href":"https:\/\/www.fleurop-home.ch\/fr-ch\/wp-json\/wp\/v2\/product_tag?post=77309"},{"taxonomy":"woo-feed-brand","embeddable":true,"href":"https:\/\/www.fleurop-home.ch\/fr-ch\/wp-json\/wp\/v2\/woo-feed-brand?post=77309"}],"curies":[{"name":"wp","href":"https:\/\/api.w.org\/{rel}","templated":true}]}}