{"id":77243,"date":"2026-04-09T14:35:27","date_gmt":"2026-04-09T12:35:27","guid":{"rendered":"https:\/\/www.fleurop-home.ch\/de-ch\/p\/weisses-geschenkband-dekoband-6-x-2-m"},"modified":"2026-04-10T08:44:15","modified_gmt":"2026-04-10T06:44:15","slug":"ruban-de-satin-blanc-6x2-m","status":"publish","type":"product","link":"https:\/\/www.fleurop-home.ch\/fr-ch\/p\/satinband-weiss-6x2-m","title":{"rendered":"Ruban de satin, blanc, 6\u00d72 m"},"content":{"rendered":"<p>Le ruban de satin polyvalent est id\u00e9al pour le bricolage et l'emballage de cadeaux. Avec ce ruban, les r\u00e9sultats des travaux de bricolage seront encore plus beaux. Le ruban de satin est id\u00e9al pour les petits cadeaux destin\u00e9s \u00e0 une personne tr\u00e8s sp\u00e9ciale. Il convient \u00e9galement au bricolage avec les enfants. D'ailleurs, de nombreuses id\u00e9es de bricolage sont cr\u00e9\u00e9es en travaillant, laisse-toi inspirer.<\/p>\n<p>Dimensions :<br \/>\n- 3 mm x 2 m<br \/>\n- 6 mm x 2 m<br \/>\n- 10 mm x 2 m<br \/>\n- 16 mm x 2 m<br \/>\n- 17 mm x 2 m<br \/>\n- 40 mm x 2 m<\/p>","protected":false},"excerpt":{"rendered":"<p>Ruban cadeau blanc \/ ruban d\u00e9coratif 6 x 2 m<\/p>","protected":false},"featured_media":77242,"template":"","meta":[],"product_brand":[],"product_cat":[1193,23,29],"product_tag":[324],"woo-feed-brand":[],"class_list":{"0":"post-77243","1":"product","2":"type-product","3":"status-publish","4":"has-post-thumbnail","6":"product_cat-baender-tueten","7":"product_cat-home-living","8":"product_cat-do-it-yourself","9":"product_tag-marein-ag","11":"first","12":"instock","13":"taxable","14":"shipping-taxable","15":"purchasable","16":"product-type-simple"},"_links":{"self":[{"href":"https:\/\/www.fleurop-home.ch\/fr-ch\/wp-json\/wp\/v2\/product\/77243","targetHints":{"allow":["GET"]}}],"collection":[{"href":"https:\/\/www.fleurop-home.ch\/fr-ch\/wp-json\/wp\/v2\/product"}],"about":[{"href":"https:\/\/www.fleurop-home.ch\/fr-ch\/wp-json\/wp\/v2\/types\/product"}],"wp:featuredmedia":[{"embeddable":true,"href":"https:\/\/www.fleurop-home.ch\/fr-ch\/wp-json\/wp\/v2\/media\/77242"}],"wp:attachment":[{"href":"https:\/\/www.fleurop-home.ch\/fr-ch\/wp-json\/wp\/v2\/media?parent=77243"}],"wp:term":[{"taxonomy":"product_brand","embeddable":true,"href":"https:\/\/www.fleurop-home.ch\/fr-ch\/wp-json\/wp\/v2\/product_brand?post=77243"},{"taxonomy":"product_cat","embeddable":true,"href":"https:\/\/www.fleurop-home.ch\/fr-ch\/wp-json\/wp\/v2\/product_cat?post=77243"},{"taxonomy":"product_tag","embeddable":true,"href":"https:\/\/www.fleurop-home.ch\/fr-ch\/wp-json\/wp\/v2\/product_tag?post=77243"},{"taxonomy":"woo-feed-brand","embeddable":true,"href":"https:\/\/www.fleurop-home.ch\/fr-ch\/wp-json\/wp\/v2\/woo-feed-brand?post=77243"}],"curies":[{"name":"wp","href":"https:\/\/api.w.org\/{rel}","templated":true}]}}