{"id":77231,"date":"2026-04-09T14:35:10","date_gmt":"2026-04-09T12:35:10","guid":{"rendered":"https:\/\/www.fleurop-home.ch\/de-ch\/p\/wasserfeste-acryl-permanent-marker-pigment-stifte-4-mm-24-stk"},"modified":"2026-04-16T13:26:17","modified_gmt":"2026-04-16T11:26:17","slug":"marqueur-acrylique-permanent-resistant-a-leau-24-pcs","status":"publish","type":"product","link":"https:\/\/www.fleurop-home.ch\/fr-ch\/p\/wasserfeste-acryl-permanent-marker-24-stk","title":{"rendered":"Marqueur permanent acrylique r\u00e9sistant \u00e0 l'eau, 24 pcs."},"content":{"rendered":"<p>Tu cherches de beaux crayons pour \u00e9crire ou dessiner ?<\/p>\n<p>Avec nos marqueurs permanents acryliques r\u00e9sistants \u00e0 l'eau, tu as exactement ce qu'il te faut. Les feutres \u00e0 l'encre acrylique color\u00e9e \u00e0 base d'eau sont parfaits pour dessiner ou \u00e9crire sur le bois, la pierre, le plastique, le verre ou le m\u00e9tal gr\u00e2ce \u00e0 leur pointe fine, ils s\u00e8chent rapidement et ont un fort pouvoir couvrant.<\/p>\n<p>APPLICATION : Secoue d'abord les marqueurs acryliques pour m\u00e9langer les pigments. Appuie ensuite une fois sur la pointe de la valve et reste ainsi jusqu'\u00e0 ce que les fibres se remplissent de peinture. Lorsque la pointe est compl\u00e8tement absorb\u00e9e, tu peux commencer \u00e0 dessiner.<\/p>\n<p>ATTENTION : la vaisselle doit \u00eatre nettoy\u00e9e \u00e0 la main apr\u00e8s avoir \u00e9t\u00e9 peinte et non dans le lave-vaisselle.<\/p>\n<p>Marqueur acrylique r\u00e9sistant \u00e0 l'eau avec \u00e9tui :<\/p>\n<p>- Adh\u00e8re au bois, \u00e0 la pierre, au verre, au m\u00e9tal, etc.<br \/>\n- Viennent dans un set pratique de 24 pi\u00e8ces avec \u00e9tui<br \/>\n- Pour esquisser, \u00e9crire et d\u00e9corer<br \/>\n- Aussi pour les cartes, les albums photos, les livres d'or, etc.<br \/>\n- Les pointes ont une largeur de 4 millim\u00e8tres<br \/>\n- Couleur du stylo : transparent\/noir<br \/>\n- Couleur de l'encre : multicolore<br \/>\n- Mat\u00e9riau : plastique<br \/>\n- Taille : environ 15 x 1,5 cm<br \/>\n- Largeur de la pointe : \u00d8 4 mm<\/p>","protected":false},"excerpt":{"rendered":"<p>Marqueurs permanents acryliques r\u00e9sistants \u00e0 l'eau Marqueurs pigment\u00e9s, 4 mm, 24 pcs.<\/p>","protected":false},"featured_media":77230,"template":"","meta":[],"product_brand":[],"product_cat":[939,23,1195,1263,29,59],"product_tag":[324],"woo-feed-brand":[],"class_list":{"0":"post-77231","1":"product","2":"type-product","3":"status-publish","4":"has-post-thumbnail","6":"product_cat-kindergeschenke","7":"product_cat-home-living","8":"product_cat-dekogrundlagen","9":"product_cat-fleuropkids","10":"product_cat-do-it-yourself","11":"product_cat-kids","12":"product_tag-marein-ag","14":"first","15":"instock","16":"taxable","17":"shipping-taxable","18":"purchasable","19":"product-type-simple"},"_links":{"self":[{"href":"https:\/\/www.fleurop-home.ch\/fr-ch\/wp-json\/wp\/v2\/product\/77231","targetHints":{"allow":["GET"]}}],"collection":[{"href":"https:\/\/www.fleurop-home.ch\/fr-ch\/wp-json\/wp\/v2\/product"}],"about":[{"href":"https:\/\/www.fleurop-home.ch\/fr-ch\/wp-json\/wp\/v2\/types\/product"}],"wp:featuredmedia":[{"embeddable":true,"href":"https:\/\/www.fleurop-home.ch\/fr-ch\/wp-json\/wp\/v2\/media\/77230"}],"wp:attachment":[{"href":"https:\/\/www.fleurop-home.ch\/fr-ch\/wp-json\/wp\/v2\/media?parent=77231"}],"wp:term":[{"taxonomy":"product_brand","embeddable":true,"href":"https:\/\/www.fleurop-home.ch\/fr-ch\/wp-json\/wp\/v2\/product_brand?post=77231"},{"taxonomy":"product_cat","embeddable":true,"href":"https:\/\/www.fleurop-home.ch\/fr-ch\/wp-json\/wp\/v2\/product_cat?post=77231"},{"taxonomy":"product_tag","embeddable":true,"href":"https:\/\/www.fleurop-home.ch\/fr-ch\/wp-json\/wp\/v2\/product_tag?post=77231"},{"taxonomy":"woo-feed-brand","embeddable":true,"href":"https:\/\/www.fleurop-home.ch\/fr-ch\/wp-json\/wp\/v2\/woo-feed-brand?post=77231"}],"curies":[{"name":"wp","href":"https:\/\/api.w.org\/{rel}","templated":true}]}}