{"id":77222,"date":"2026-04-09T14:34:55","date_gmt":"2026-04-09T12:34:55","guid":{"rendered":"https:\/\/www.fleurop-home.ch\/de-ch\/p\/wasserfeste-acryl-permanent-brush-marker-lack-mal-stifte-30-stk"},"modified":"2026-04-15T13:32:29","modified_gmt":"2026-04-15T11:32:29","slug":"marqueur-brosse-acrylique-permanent-resistant-a-leau-30-pcs","status":"publish","type":"product","link":"https:\/\/www.fleurop-home.ch\/fr-ch\/p\/wasserfeste-acryl-permanent-brush-marker-30-stk","title":{"rendered":"Marqueur brosse acrylique permanent r\u00e9sistant \u00e0 l'eau, 30 pcs."},"content":{"rendered":"<p>Tu es cr\u00e9atif et tu cherches des crayons polyvalents ?<\/p>\n<p>Alors commande d\u00e8s maintenant notre set de 30 marqueurs permanents acryliques de diff\u00e9rentes couleurs. Les feutres r\u00e9sistants \u00e0 l'eau te permettent de r\u00e9aliser un lettrage \u00e0 la main id\u00e9al gr\u00e2ce \u00e0 la pointe de la brosse. Le vernis \u00e0 base d'acrylique ajoute de la vivacit\u00e9 et de la saturation au dessin et permet de m\u00e9langer facilement les couches et les couleurs. De plus, ces crayons sont parfaits pour peindre sur des pierres, du bois, des \u00e9l\u00e9ments d\u00e9coratifs ou de la porcelaine et pour cr\u00e9er des dessins color\u00e9s qui s\u00e8chent rapidement.<\/p>\n<p>Marqueurs acryliques dans un set pratique de 30 pi\u00e8ces :<\/p>\n<p>- Pour la beaut\u00e9 artistique<br \/>\n- Parfait pour les dessins d'esquisse<br \/>\n- Encre laqu\u00e9e \u00e0 base d'acrylique<br \/>\n- Encre pigment\u00e9e r\u00e9sistante \u00e0 l'eau<br \/>\n- Se compose de bouts de brosse<br \/>\n- En 30 couleurs diff\u00e9rentes<br \/>\n- Aussi pour peindre la porcelaine etc.<br \/>\n- Couleurs : voir image<br \/>\n- Mat\u00e9riau : plastique<br \/>\n- Taille des crayons : environ 14 cm<br \/>\n- Largeur des pointes : environ 1 mm<\/p>","protected":false},"excerpt":{"rendered":"<p>(Set de 30) Marqueurs acryliques permanents r\u00e9sistants \u00e0 l'eau Marqueurs \u00e0 peinture<\/p>","protected":false},"featured_media":77221,"template":"","meta":[],"product_brand":[],"product_cat":[939,23,1195,29,59],"product_tag":[324],"woo-feed-brand":[],"class_list":{"0":"post-77222","1":"product","2":"type-product","3":"status-publish","4":"has-post-thumbnail","6":"product_cat-kindergeschenke","7":"product_cat-home-living","8":"product_cat-dekogrundlagen","9":"product_cat-do-it-yourself","10":"product_cat-kids","11":"product_tag-marein-ag","13":"first","14":"instock","15":"taxable","16":"shipping-taxable","17":"purchasable","18":"product-type-simple"},"_links":{"self":[{"href":"https:\/\/www.fleurop-home.ch\/fr-ch\/wp-json\/wp\/v2\/product\/77222","targetHints":{"allow":["GET"]}}],"collection":[{"href":"https:\/\/www.fleurop-home.ch\/fr-ch\/wp-json\/wp\/v2\/product"}],"about":[{"href":"https:\/\/www.fleurop-home.ch\/fr-ch\/wp-json\/wp\/v2\/types\/product"}],"wp:featuredmedia":[{"embeddable":true,"href":"https:\/\/www.fleurop-home.ch\/fr-ch\/wp-json\/wp\/v2\/media\/77221"}],"wp:attachment":[{"href":"https:\/\/www.fleurop-home.ch\/fr-ch\/wp-json\/wp\/v2\/media?parent=77222"}],"wp:term":[{"taxonomy":"product_brand","embeddable":true,"href":"https:\/\/www.fleurop-home.ch\/fr-ch\/wp-json\/wp\/v2\/product_brand?post=77222"},{"taxonomy":"product_cat","embeddable":true,"href":"https:\/\/www.fleurop-home.ch\/fr-ch\/wp-json\/wp\/v2\/product_cat?post=77222"},{"taxonomy":"product_tag","embeddable":true,"href":"https:\/\/www.fleurop-home.ch\/fr-ch\/wp-json\/wp\/v2\/product_tag?post=77222"},{"taxonomy":"woo-feed-brand","embeddable":true,"href":"https:\/\/www.fleurop-home.ch\/fr-ch\/wp-json\/wp\/v2\/woo-feed-brand?post=77222"}],"curies":[{"name":"wp","href":"https:\/\/api.w.org\/{rel}","templated":true}]}}