{"id":77218,"date":"2026-04-09T14:34:50","date_gmt":"2026-04-09T12:34:50","guid":{"rendered":"https:\/\/www.fleurop-home.ch\/de-ch\/p\/washi-tape-set-5-stk"},"modified":"2026-04-13T16:32:41","modified_gmt":"2026-04-13T14:32:41","slug":"set-de-washi-tape-5-pcs","status":"publish","type":"product","link":"https:\/\/www.fleurop-home.ch\/fr-ch\/p\/washi-tape-set-5-stk","title":{"rendered":"Set Washi Tape, 5 pi\u00e8ces."},"content":{"rendered":"<p>Le washi tape ou masking tape met de la couleur dans ta vie ! Les rubans adh&eacute;sifs pleins de peps, parfois en papier de riz l&eacute;g&egrave;rement transparent ou avec des paillettes, d&eacute;corent les cartes, les livres photo, les bullet journal, les journaux intimes, les cahiers d&#039;&eacute;cole, les lettres, les cartes cadeaux, les bo&icirc;tes, les cadres, les sacs cadeaux, les emballages cadeaux, les cartes et bien plus encore. L&#039;imagination n&#039;a pratiquement pas de limites. Le ruban adh&eacute;sif d&eacute;chirable &agrave; la main transforme sans effort les objets quotidiens en petites pi&egrave;ces de design personnalis&eacute;es. Le ruban adh&eacute;sif est autocollant et d&eacute;tachable.&lt;br&gt;Coll&eacute; autour d&#039;un simple verre, il devient par exemple une jolie bougie chauffe-plat ou un vase d&eacute;coratif pour une d&eacute;coration de table parfaite. D&eacute;coup&eacute;s en morceaux et coll&eacute;s autour de cure-dents, ils attirent tous les regards sur les d&eacute;licieux cupcakes en tant que petits drapeaux. Utilis&eacute;s &eacute;galement comme topper de g&acirc;teau pour former une guirlande entre deux piques en bois ou des pailles &agrave; boire, les rubans color&eacute;s sont parfaits. Les rubans adh&eacute;sifs sont disponibles dans notre boutique dans de nombreux mod&egrave;les diff&eacute;rents.&lt;br&gt;&lt;br&gt;# Ruban adh&eacute;sif, ruban de d&eacute;coration, masking tape, ruban de bricolage autocollant, lettering, d&eacute;coration de table, d&eacute;coration de f&ecirc;te, d&eacute;coration de cadeau, cartes, cr&eacute;ation de cartes<\/p>\n<p>- Kit de ruban adh\u00e9sif Washi Tape<br \/>\n- Caract\u00e9ristiques : ruban autocollant avec un joli motif de haute qualit\u00e9, adh\u00e8re \u00e0 la plupart des surfaces lisses, se d\u00e9chire facilement, ne laisse pas de r\u00e9sidus collants, ne se d\u00e9colore pas. Disponible en divers motifs et couleurs.<br \/>\n- Application : Pour les emballages cadeaux et les cartes, pour les plannings, les bullet journal et les journaux intimes, pour d\u00e9corer les cadres photo et les objets du quotidien, parfait pour le scrapbooking et en combinaison avec l'\u00e9criture \u00e0 la main, pour les photophores coll\u00e9s autour d'un verre, fix\u00e9 comme mini-drapeau sur un cure-dent, il devient un cupcake ou un topper de g\u00e2teau, parfait pour les f\u00eates d'enfants, les d\u00e9corations de table, etc.<br \/>\n- Traitement : le ruban adh\u00e9sif est facile \u00e0 d\u00e9chirer ou \u00e0 couper en morceaux et \u00e0 coller sur des surfaces lisses.<br \/>\n- Taille : 10-20 mm x 5 m (5x)<br \/>\n- Contenu : 5 rouleaux<\/p>","protected":false},"excerpt":{"rendered":"<p>Washitape Set 11, 10-20 mm x 5m,5 pcs.<\/p>","protected":false},"featured_media":77217,"template":"","meta":[],"product_brand":[],"product_cat":[1193,23,29],"product_tag":[324],"woo-feed-brand":[],"class_list":{"0":"post-77218","1":"product","2":"type-product","3":"status-publish","4":"has-post-thumbnail","6":"product_cat-baender-tueten","7":"product_cat-home-living","8":"product_cat-do-it-yourself","9":"product_tag-marein-ag","11":"first","12":"instock","13":"taxable","14":"shipping-taxable","15":"purchasable","16":"product-type-simple"},"_links":{"self":[{"href":"https:\/\/www.fleurop-home.ch\/fr-ch\/wp-json\/wp\/v2\/product\/77218","targetHints":{"allow":["GET"]}}],"collection":[{"href":"https:\/\/www.fleurop-home.ch\/fr-ch\/wp-json\/wp\/v2\/product"}],"about":[{"href":"https:\/\/www.fleurop-home.ch\/fr-ch\/wp-json\/wp\/v2\/types\/product"}],"wp:featuredmedia":[{"embeddable":true,"href":"https:\/\/www.fleurop-home.ch\/fr-ch\/wp-json\/wp\/v2\/media\/77217"}],"wp:attachment":[{"href":"https:\/\/www.fleurop-home.ch\/fr-ch\/wp-json\/wp\/v2\/media?parent=77218"}],"wp:term":[{"taxonomy":"product_brand","embeddable":true,"href":"https:\/\/www.fleurop-home.ch\/fr-ch\/wp-json\/wp\/v2\/product_brand?post=77218"},{"taxonomy":"product_cat","embeddable":true,"href":"https:\/\/www.fleurop-home.ch\/fr-ch\/wp-json\/wp\/v2\/product_cat?post=77218"},{"taxonomy":"product_tag","embeddable":true,"href":"https:\/\/www.fleurop-home.ch\/fr-ch\/wp-json\/wp\/v2\/product_tag?post=77218"},{"taxonomy":"woo-feed-brand","embeddable":true,"href":"https:\/\/www.fleurop-home.ch\/fr-ch\/wp-json\/wp\/v2\/woo-feed-brand?post=77218"}],"curies":[{"name":"wp","href":"https:\/\/api.w.org\/{rel}","templated":true}]}}