{"id":77215,"date":"2026-04-09T14:34:47","date_gmt":"2026-04-09T12:34:47","guid":{"rendered":"https:\/\/www.fleurop-home.ch\/de-ch\/p\/twin-marker-mini-18-stk"},"modified":"2026-04-13T14:56:38","modified_gmt":"2026-04-13T12:56:38","slug":"twin-marker-mini-18-pcs","status":"publish","type":"product","link":"https:\/\/www.fleurop-home.ch\/fr-ch\/p\/twin-marker-mini-18-stk","title":{"rendered":"Twin Marker Mini, 18 pi\u00e8ces."},"content":{"rendered":"<p>Les marqueurs Twin Design aux couleurs vives sont parfaits pour le handlettering, pour dessiner, peindre, colorier et illustrer. Les feutres de petit format dans leur bo\u00eete de rangement pratique sont parfaits pour dessiner en d\u00e9placement. Ils disposent d'une pointe de crayon fine \u00e0 une extr\u00e9mit\u00e9 et d'une pointe large et biseaut\u00e9e pour des traits fins et larges \u00e0 l'autre extr\u00e9mit\u00e9. Il est ainsi possible d'utiliser diff\u00e9rentes techniques. Les pointes pr\u00e9cises garantissent une excellente nettet\u00e9 des bords ainsi qu'une variation fluide de la largeur des traits et les 18 teintes permettent un nombre presque illimit\u00e9 de compositions de couleurs. Remets le couvercle en place imm\u00e9diatement apr\u00e8s utilisation pour que la pointe ne s\u00e8che pas.<\/p>\n<p>Largeur de trait : environ 0,5 \u00e0 3 mm<br \/>\n- Vert clair<br \/>\n- Jaune<br \/>\n- Orange<br \/>\n- Couleur de peau<br \/>\n- Rose<br \/>\n- Rose<br \/>\n- Rouge vin<br \/>\n- Marron clair<br \/>\n- Marron fonc\u00e9<br \/>\n- Vert herbe<br \/>\n- Vert<br \/>\n- Turquoise<br \/>\n- Bleu clair<br \/>\n- Bleu<br \/>\n- Bleu fonc\u00e9<br \/>\n- Violet<br \/>\n- Gris<br \/>\n- Noir<\/p>","protected":false},"excerpt":{"rendered":"<p>Marqueur Twin Design Mini,18 couleurs<\/p>","protected":false},"featured_media":77214,"template":"","meta":[],"product_brand":[],"product_cat":[1195,23,29,59,939],"product_tag":[324],"woo-feed-brand":[],"class_list":{"0":"post-77215","1":"product","2":"type-product","3":"status-publish","4":"has-post-thumbnail","6":"product_cat-dekogrundlagen","7":"product_cat-home-living","8":"product_cat-do-it-yourself","9":"product_cat-kids","10":"product_cat-kindergeschenke","11":"product_tag-marein-ag","13":"first","14":"instock","15":"taxable","16":"shipping-taxable","17":"purchasable","18":"product-type-simple"},"_links":{"self":[{"href":"https:\/\/www.fleurop-home.ch\/fr-ch\/wp-json\/wp\/v2\/product\/77215","targetHints":{"allow":["GET"]}}],"collection":[{"href":"https:\/\/www.fleurop-home.ch\/fr-ch\/wp-json\/wp\/v2\/product"}],"about":[{"href":"https:\/\/www.fleurop-home.ch\/fr-ch\/wp-json\/wp\/v2\/types\/product"}],"wp:featuredmedia":[{"embeddable":true,"href":"https:\/\/www.fleurop-home.ch\/fr-ch\/wp-json\/wp\/v2\/media\/77214"}],"wp:attachment":[{"href":"https:\/\/www.fleurop-home.ch\/fr-ch\/wp-json\/wp\/v2\/media?parent=77215"}],"wp:term":[{"taxonomy":"product_brand","embeddable":true,"href":"https:\/\/www.fleurop-home.ch\/fr-ch\/wp-json\/wp\/v2\/product_brand?post=77215"},{"taxonomy":"product_cat","embeddable":true,"href":"https:\/\/www.fleurop-home.ch\/fr-ch\/wp-json\/wp\/v2\/product_cat?post=77215"},{"taxonomy":"product_tag","embeddable":true,"href":"https:\/\/www.fleurop-home.ch\/fr-ch\/wp-json\/wp\/v2\/product_tag?post=77215"},{"taxonomy":"woo-feed-brand","embeddable":true,"href":"https:\/\/www.fleurop-home.ch\/fr-ch\/wp-json\/wp\/v2\/woo-feed-brand?post=77215"}],"curies":[{"name":"wp","href":"https:\/\/api.w.org\/{rel}","templated":true}]}}