{"id":77206,"date":"2026-04-09T14:34:28","date_gmt":"2026-04-09T12:34:28","guid":{"rendered":"https:\/\/www.fleurop-home.ch\/de-ch\/p\/tannenzapfen-6-stueck"},"modified":"2026-04-15T13:55:40","modified_gmt":"2026-04-15T11:55:40","slug":"pomme-de-pin-6-pieces","status":"publish","type":"product","link":"https:\/\/www.fleurop-home.ch\/fr-ch\/p\/tannenzapfen-6-stueck","title":{"rendered":"C\u00f4nes de sapin, 6 pi\u00e8ces"},"content":{"rendered":"<p>Ajoute une touche naturelle \u00e0 tes id\u00e9es de d\u00e9coration avec ces v\u00e9ritables pommes de pin de for\u00eat. Non trait\u00e9es et naturelles, ces pommes de pin sont parfaites pour des d\u00e9corations cr\u00e9atives d'automne et d'hiver. Que ce soit pour des couronnes, des d\u00e9corations de table ou des guirlandes, ces 6 pommes de pin apportent le charme de la nature directement dans ta maison et peuvent \u00eatre utilis\u00e9es de diff\u00e9rentes mani\u00e8res. Fais entrer la for\u00eat chez toi et cr\u00e9e des d\u00e9corations saisonni\u00e8res personnalis\u00e9es.<\/p>\n<p>- Contenu : 6 pi\u00e8ces - taille environ \u00f8 22 x 50 mm<br \/>\n- Couleur brune naturelle - mat\u00e9riau : pin sylvestre non trait\u00e9<br \/>\n- De vrais c\u00f4nes naturels pour une d\u00e9co authentique<br \/>\n- Parfait pour les d\u00e9corations d'automne et d'hiver comme les couronnes, les d\u00e9corations de table, les guirlandes et plus encore<\/p>","protected":false},"excerpt":{"rendered":"<p>Set de pommes de pin allong\u00e9es, 6 pcs.<\/p>","protected":false},"featured_media":77205,"template":"","meta":[],"product_brand":[],"product_cat":[1196,23,29],"product_tag":[324],"woo-feed-brand":[],"class_list":{"0":"post-77206","1":"product","2":"type-product","3":"status-publish","4":"has-post-thumbnail","6":"product_cat-natur-deko","7":"product_cat-home-living","8":"product_cat-do-it-yourself","9":"product_tag-marein-ag","11":"first","12":"instock","13":"taxable","14":"shipping-taxable","15":"purchasable","16":"product-type-simple"},"_links":{"self":[{"href":"https:\/\/www.fleurop-home.ch\/fr-ch\/wp-json\/wp\/v2\/product\/77206","targetHints":{"allow":["GET"]}}],"collection":[{"href":"https:\/\/www.fleurop-home.ch\/fr-ch\/wp-json\/wp\/v2\/product"}],"about":[{"href":"https:\/\/www.fleurop-home.ch\/fr-ch\/wp-json\/wp\/v2\/types\/product"}],"wp:featuredmedia":[{"embeddable":true,"href":"https:\/\/www.fleurop-home.ch\/fr-ch\/wp-json\/wp\/v2\/media\/77205"}],"wp:attachment":[{"href":"https:\/\/www.fleurop-home.ch\/fr-ch\/wp-json\/wp\/v2\/media?parent=77206"}],"wp:term":[{"taxonomy":"product_brand","embeddable":true,"href":"https:\/\/www.fleurop-home.ch\/fr-ch\/wp-json\/wp\/v2\/product_brand?post=77206"},{"taxonomy":"product_cat","embeddable":true,"href":"https:\/\/www.fleurop-home.ch\/fr-ch\/wp-json\/wp\/v2\/product_cat?post=77206"},{"taxonomy":"product_tag","embeddable":true,"href":"https:\/\/www.fleurop-home.ch\/fr-ch\/wp-json\/wp\/v2\/product_tag?post=77206"},{"taxonomy":"woo-feed-brand","embeddable":true,"href":"https:\/\/www.fleurop-home.ch\/fr-ch\/wp-json\/wp\/v2\/woo-feed-brand?post=77206"}],"curies":[{"name":"wp","href":"https:\/\/api.w.org\/{rel}","templated":true}]}}