{"id":77201,"date":"2026-04-09T14:34:23","date_gmt":"2026-04-09T12:34:23","guid":{"rendered":"https:\/\/www.fleurop-home.ch\/de-ch\/p\/sticky-notes-koala-haftnotizen-mit-selbsthaftenden-suessen-koala-notizzetteln-wie-einer-selbstklebenden-to-do-liste-zum-ankreuzen-bunt-ca-23-x-65-mm-6-bloecke-a-30-zettel"},"modified":"2026-04-16T13:25:32","modified_gmt":"2026-04-16T11:25:32","slug":"sticky-notes-koala","status":"publish","type":"product","link":"https:\/\/www.fleurop-home.ch\/fr-ch\/p\/sticky-notes-koala","title":{"rendered":"Sticky Notes, Koala"},"content":{"rendered":"<p>Sticky Notes Koala, notes adh\u00e9sives avec des notes Koala mignonnes et autocollantes comme une liste de choses \u00e0 faire \u00e0 cocher, multicolore, env. 23 x 65 mm, 6 blocs de 30 notes<\/p>\n<p>Les notes autocollantes color\u00e9es avec de jolis motifs de koala permettent de marquer les pages importantes des cahiers d'\u00e9cole, des livres, les recettes pr\u00e9f\u00e9r\u00e9es du livre de cuisine ou la page actuelle d'un roman policier passionnant. Les petits rappels, les messages d'amour et les choses \u00e0 faire peuvent \u00e9galement \u00eatre not\u00e9s sur les petits papiers. Ils adh\u00e8rent aux surfaces lisses, sont autocollants et amovibles. De plus, la petite liste de choses \u00e0 faire aide \u00e0 ne pas oublier les travaux importants. Les jolies fleurs peuvent \u00e9galement \u00eatre plac\u00e9es sur les cadeaux comme d\u00e9coration.<br \/>\nLes notes adh\u00e9sives en forme de drapeau sont \u00e9galement parfaites pour \u00e9crire sur les plateaux d'ap\u00e9ritif et les buffets de desserts ou comme cartes nominatives pour les verres.<\/p>","protected":false},"excerpt":{"rendered":"<p>Sticky Notes, Koala, 30 feuilles<\/p>","protected":false},"featured_media":77200,"template":"","meta":[],"product_brand":[],"product_cat":[939,23,1195,1263,29,59],"product_tag":[324],"woo-feed-brand":[],"class_list":{"0":"post-77201","1":"product","2":"type-product","3":"status-publish","4":"has-post-thumbnail","6":"product_cat-kindergeschenke","7":"product_cat-home-living","8":"product_cat-dekogrundlagen","9":"product_cat-fleuropkids","10":"product_cat-do-it-yourself","11":"product_cat-kids","12":"product_tag-marein-ag","14":"first","15":"instock","16":"taxable","17":"shipping-taxable","18":"purchasable","19":"product-type-simple"},"_links":{"self":[{"href":"https:\/\/www.fleurop-home.ch\/fr-ch\/wp-json\/wp\/v2\/product\/77201","targetHints":{"allow":["GET"]}}],"collection":[{"href":"https:\/\/www.fleurop-home.ch\/fr-ch\/wp-json\/wp\/v2\/product"}],"about":[{"href":"https:\/\/www.fleurop-home.ch\/fr-ch\/wp-json\/wp\/v2\/types\/product"}],"wp:featuredmedia":[{"embeddable":true,"href":"https:\/\/www.fleurop-home.ch\/fr-ch\/wp-json\/wp\/v2\/media\/77200"}],"wp:attachment":[{"href":"https:\/\/www.fleurop-home.ch\/fr-ch\/wp-json\/wp\/v2\/media?parent=77201"}],"wp:term":[{"taxonomy":"product_brand","embeddable":true,"href":"https:\/\/www.fleurop-home.ch\/fr-ch\/wp-json\/wp\/v2\/product_brand?post=77201"},{"taxonomy":"product_cat","embeddable":true,"href":"https:\/\/www.fleurop-home.ch\/fr-ch\/wp-json\/wp\/v2\/product_cat?post=77201"},{"taxonomy":"product_tag","embeddable":true,"href":"https:\/\/www.fleurop-home.ch\/fr-ch\/wp-json\/wp\/v2\/product_tag?post=77201"},{"taxonomy":"woo-feed-brand","embeddable":true,"href":"https:\/\/www.fleurop-home.ch\/fr-ch\/wp-json\/wp\/v2\/woo-feed-brand?post=77201"}],"curies":[{"name":"wp","href":"https:\/\/api.w.org\/{rel}","templated":true}]}}