{"id":77194,"date":"2026-04-09T14:34:15","date_gmt":"2026-04-09T12:34:15","guid":{"rendered":"https:\/\/www.fleurop-home.ch\/de-ch\/p\/sticky-notes-animal-haustiere"},"modified":"2026-04-16T13:25:32","modified_gmt":"2026-04-16T11:25:32","slug":"sticky-notes-animal-animaux-de-compagnie","status":"publish","type":"product","link":"https:\/\/www.fleurop-home.ch\/fr-ch\/p\/sticky-notes-animal-haustiere","title":{"rendered":"Sticky Notes Animal, animaux domestiques"},"content":{"rendered":"<p>Avec ces notes amusantes, tu peux marquer tes recettes pr\u00e9f\u00e9r\u00e9es dans ton livre de cuisine ou la page en cours dans un roman policier passionnant. Les notes adh\u00e8rent aux surfaces lisses et sont autocollantes &amp; d\u00e9tachables.<\/p>\n<p>environ 25 x 60 mm<br \/>\n3 x 50 pi\u00e8ces<\/p>","protected":false},"excerpt":{"rendered":"<p>Sticky notes, animal, animaux<\/p>","protected":false},"featured_media":77193,"template":"","meta":[],"product_brand":[],"product_cat":[939,23,1195,1263,29,59],"product_tag":[324],"woo-feed-brand":[],"class_list":{"0":"post-77194","1":"product","2":"type-product","3":"status-publish","4":"has-post-thumbnail","6":"product_cat-kindergeschenke","7":"product_cat-home-living","8":"product_cat-dekogrundlagen","9":"product_cat-fleuropkids","10":"product_cat-do-it-yourself","11":"product_cat-kids","12":"product_tag-marein-ag","14":"first","15":"instock","16":"taxable","17":"shipping-taxable","18":"purchasable","19":"product-type-simple"},"_links":{"self":[{"href":"https:\/\/www.fleurop-home.ch\/fr-ch\/wp-json\/wp\/v2\/product\/77194","targetHints":{"allow":["GET"]}}],"collection":[{"href":"https:\/\/www.fleurop-home.ch\/fr-ch\/wp-json\/wp\/v2\/product"}],"about":[{"href":"https:\/\/www.fleurop-home.ch\/fr-ch\/wp-json\/wp\/v2\/types\/product"}],"wp:featuredmedia":[{"embeddable":true,"href":"https:\/\/www.fleurop-home.ch\/fr-ch\/wp-json\/wp\/v2\/media\/77193"}],"wp:attachment":[{"href":"https:\/\/www.fleurop-home.ch\/fr-ch\/wp-json\/wp\/v2\/media?parent=77194"}],"wp:term":[{"taxonomy":"product_brand","embeddable":true,"href":"https:\/\/www.fleurop-home.ch\/fr-ch\/wp-json\/wp\/v2\/product_brand?post=77194"},{"taxonomy":"product_cat","embeddable":true,"href":"https:\/\/www.fleurop-home.ch\/fr-ch\/wp-json\/wp\/v2\/product_cat?post=77194"},{"taxonomy":"product_tag","embeddable":true,"href":"https:\/\/www.fleurop-home.ch\/fr-ch\/wp-json\/wp\/v2\/product_tag?post=77194"},{"taxonomy":"woo-feed-brand","embeddable":true,"href":"https:\/\/www.fleurop-home.ch\/fr-ch\/wp-json\/wp\/v2\/woo-feed-brand?post=77194"}],"curies":[{"name":"wp","href":"https:\/\/api.w.org\/{rel}","templated":true}]}}