{"id":77180,"date":"2026-04-09T14:33:49","date_gmt":"2026-04-09T12:33:49","guid":{"rendered":"https:\/\/www.fleurop-home.ch\/de-ch\/p\/sticker-blumen-mit-goldeffekt-4-blatt"},"modified":"2026-04-16T13:25:33","modified_gmt":"2026-04-16T11:25:33","slug":"sticker-fleurs-avec-effet-dore-4-feuilles","status":"publish","type":"product","link":"https:\/\/www.fleurop-home.ch\/fr-ch\/p\/sticker-blumen-mit-goldeffekt-4-blatt","title":{"rendered":"Stickers fleurs avec effet dor\u00e9, 4 feuilles"},"content":{"rendered":"<p>Nos stickers floraux tendance aux combinaisons de couleurs \u00e9clatantes et \u00e0 la noble feuille dor\u00e9e apportent de la magie cr\u00e9ative \u00e0 tous les projets de bricolage et de d\u00e9coration. Les motifs con\u00e7us avec amour sur du papier certifi\u00e9 FSC ne sont pas seulement magnifiques, mais aussi pratiques - autocollants et faciles \u00e0 d\u00e9coller. Que tu veuilles embellir des cahiers, des cartes, des livres scolaires, des scrapbooks ou des cadeaux, ces autocollants ajoutent une touche personnelle et ludique \u00e0 tout. Ils adh\u00e8rent aux mat\u00e9riaux les plus divers comme le papier, le tissu, le verre, le bois ou le m\u00e9tal et peuvent \u00eatre r\u00e9organis\u00e9s \u00e0 l'infini. Une merveilleuse id\u00e9e de cadeau pour tous ceux qui aiment la cr\u00e9ativit\u00e9, le bricolage et les designs uniques.<\/p>\n<p>- Stickers floraux tendance dans de belles combinaisons de couleurs avec feuille d'or<br \/>\n- Caract\u00e9ristiques : Motifs floraux color\u00e9s, certifi\u00e9s FSC, autocollants et amovibles<br \/>\n- Application : Id\u00e9al pour bricoler et d\u00e9corer des cahiers, des cartes, des livres scolaires, des scrapbooks, des cadeaux et bien plus encore. Utilisable de mani\u00e8re polyvalente sur le papier, le carton, le tissu, le bois, le verre, le m\u00e9tal et bien d'autres choses encore.<br \/>\n- Facile \u00e0 d\u00e9coller et \u00e0 appliquer sur diff\u00e9rentes surfaces<br \/>\n- Cadeau parfait pour les amateurs de bricolage, les enfants et les amoureux des autocollants<br \/>\n- Autocollants combinables pour des designs personnalis\u00e9s - Contenu : 4 feuilles (9,5 x 15 cm)<\/p>","protected":false},"excerpt":{"rendered":"<p>Autocollants fleurs, 9.5 x 15 cm, 4 feuilles, FSC<\/p>","protected":false},"featured_media":77179,"template":"","meta":[],"product_brand":[],"product_cat":[1195,23,1263,29,59,62],"product_tag":[324],"woo-feed-brand":[],"class_list":{"0":"post-77180","1":"product","2":"type-product","3":"status-publish","4":"has-post-thumbnail","6":"product_cat-dekogrundlagen","7":"product_cat-home-living","8":"product_cat-fleuropkids","9":"product_cat-do-it-yourself","10":"product_cat-kids","11":"product_cat-spielzeug","12":"product_tag-marein-ag","14":"first","15":"instock","16":"taxable","17":"shipping-taxable","18":"purchasable","19":"product-type-simple"},"_links":{"self":[{"href":"https:\/\/www.fleurop-home.ch\/fr-ch\/wp-json\/wp\/v2\/product\/77180","targetHints":{"allow":["GET"]}}],"collection":[{"href":"https:\/\/www.fleurop-home.ch\/fr-ch\/wp-json\/wp\/v2\/product"}],"about":[{"href":"https:\/\/www.fleurop-home.ch\/fr-ch\/wp-json\/wp\/v2\/types\/product"}],"wp:featuredmedia":[{"embeddable":true,"href":"https:\/\/www.fleurop-home.ch\/fr-ch\/wp-json\/wp\/v2\/media\/77179"}],"wp:attachment":[{"href":"https:\/\/www.fleurop-home.ch\/fr-ch\/wp-json\/wp\/v2\/media?parent=77180"}],"wp:term":[{"taxonomy":"product_brand","embeddable":true,"href":"https:\/\/www.fleurop-home.ch\/fr-ch\/wp-json\/wp\/v2\/product_brand?post=77180"},{"taxonomy":"product_cat","embeddable":true,"href":"https:\/\/www.fleurop-home.ch\/fr-ch\/wp-json\/wp\/v2\/product_cat?post=77180"},{"taxonomy":"product_tag","embeddable":true,"href":"https:\/\/www.fleurop-home.ch\/fr-ch\/wp-json\/wp\/v2\/product_tag?post=77180"},{"taxonomy":"woo-feed-brand","embeddable":true,"href":"https:\/\/www.fleurop-home.ch\/fr-ch\/wp-json\/wp\/v2\/woo-feed-brand?post=77180"}],"curies":[{"name":"wp","href":"https:\/\/api.w.org\/{rel}","templated":true}]}}