{"id":77173,"date":"2026-04-09T14:33:36","date_gmt":"2026-04-09T12:33:36","guid":{"rendered":"https:\/\/www.fleurop-home.ch\/de-ch\/p\/sticker-aufkleber-fuer-kinder-mit-meerjungfrau-design-lets-be-mermaids-9-teiliges-set"},"modified":"2026-04-13T14:38:25","modified_gmt":"2026-04-13T12:38:25","slug":"sticker-design-sirene","status":"publish","type":"product","link":"https:\/\/www.fleurop-home.ch\/fr-ch\/p\/sticker-meerjungfrau-design","title":{"rendered":"Autocollant design sir\u00e8ne"},"content":{"rendered":"<p>Ces adorables autocollants sont parfaits pour une f\u00eate \u00e0 th\u00e8me sir\u00e8ne ou pour d\u00e9corer diff\u00e9rents travaux manuels et objets comme les ordinateurs portables, les \u00e9tuis, les sacs d'\u00e9cole et bien plus encore.<\/p>\n<p>- Paquet de 9 autocollants en mousse<br \/>\n- Id\u00e9e de cadeau pour les enfants ou pour les f\u00eates \u00e0 th\u00e8me<br \/>\n- Id\u00e9al pour d\u00e9corer des cartes de v\u0153ux, des travaux manuels et pour le scrapbooking<\/p>","protected":false},"excerpt":{"rendered":"<p>\u201cLet's be Mermaids\u201d, set de 9 pi\u00e8ces<\/p>","protected":false},"featured_media":77172,"template":"","meta":[],"product_brand":[],"product_cat":[62,23,1195,29,59],"product_tag":[324],"woo-feed-brand":[],"class_list":{"0":"post-77173","1":"product","2":"type-product","3":"status-publish","4":"has-post-thumbnail","6":"product_cat-spielzeug","7":"product_cat-home-living","8":"product_cat-dekogrundlagen","9":"product_cat-do-it-yourself","10":"product_cat-kids","11":"product_tag-marein-ag","13":"first","14":"instock","15":"taxable","16":"shipping-taxable","17":"purchasable","18":"product-type-simple"},"_links":{"self":[{"href":"https:\/\/www.fleurop-home.ch\/fr-ch\/wp-json\/wp\/v2\/product\/77173","targetHints":{"allow":["GET"]}}],"collection":[{"href":"https:\/\/www.fleurop-home.ch\/fr-ch\/wp-json\/wp\/v2\/product"}],"about":[{"href":"https:\/\/www.fleurop-home.ch\/fr-ch\/wp-json\/wp\/v2\/types\/product"}],"wp:featuredmedia":[{"embeddable":true,"href":"https:\/\/www.fleurop-home.ch\/fr-ch\/wp-json\/wp\/v2\/media\/77172"}],"wp:attachment":[{"href":"https:\/\/www.fleurop-home.ch\/fr-ch\/wp-json\/wp\/v2\/media?parent=77173"}],"wp:term":[{"taxonomy":"product_brand","embeddable":true,"href":"https:\/\/www.fleurop-home.ch\/fr-ch\/wp-json\/wp\/v2\/product_brand?post=77173"},{"taxonomy":"product_cat","embeddable":true,"href":"https:\/\/www.fleurop-home.ch\/fr-ch\/wp-json\/wp\/v2\/product_cat?post=77173"},{"taxonomy":"product_tag","embeddable":true,"href":"https:\/\/www.fleurop-home.ch\/fr-ch\/wp-json\/wp\/v2\/product_tag?post=77173"},{"taxonomy":"woo-feed-brand","embeddable":true,"href":"https:\/\/www.fleurop-home.ch\/fr-ch\/wp-json\/wp\/v2\/woo-feed-brand?post=77173"}],"curies":[{"name":"wp","href":"https:\/\/api.w.org\/{rel}","templated":true}]}}