{"id":77171,"date":"2026-04-09T14:33:31","date_gmt":"2026-04-09T12:33:31","guid":{"rendered":"https:\/\/www.fleurop-home.ch\/de-ch\/p\/stempel-set-abc-alphabet-stempel-set-30-stk"},"modified":"2026-04-16T13:25:33","modified_gmt":"2026-04-16T11:25:33","slug":"kit-de-tampons-alphabet-30-pcs","status":"publish","type":"product","link":"https:\/\/www.fleurop-home.ch\/fr-ch\/p\/alphabet-stempel-set-30-stk","title":{"rendered":"Set de tampons alphabet 30 pi\u00e8ces."},"content":{"rendered":"<p>Tamponne le monde comme tu l'aimes ! Souvent, il suffit d'un peu d'imagination pour cr\u00e9er quelque chose de merveilleux \u00e0 partir de choses tr\u00e8s simples. Avec nos motifs de tampons, tu r\u00e9ussiras \u00e0 surprendre tout le monde. Tu peux par exemple les utiliser pour imprimer des cartes, des sacs cadeaux, des textiles, du bois et bien plus encore.<\/p>\n<p>2 x 2 cm<br \/>\n30 pi\u00e8ces<\/p>","protected":false},"excerpt":{"rendered":"<p>Set de tampons alphabet, 2x2cm, 30 pi\u00e8ces.<\/p>","protected":false},"featured_media":77170,"template":"","meta":[],"product_brand":[],"product_cat":[1195,23,1263,29],"product_tag":[324],"woo-feed-brand":[],"class_list":{"0":"post-77171","1":"product","2":"type-product","3":"status-publish","4":"has-post-thumbnail","6":"product_cat-dekogrundlagen","7":"product_cat-home-living","8":"product_cat-fleuropkids","9":"product_cat-do-it-yourself","10":"product_tag-marein-ag","12":"first","13":"instock","14":"taxable","15":"shipping-taxable","16":"purchasable","17":"product-type-simple"},"_links":{"self":[{"href":"https:\/\/www.fleurop-home.ch\/fr-ch\/wp-json\/wp\/v2\/product\/77171","targetHints":{"allow":["GET"]}}],"collection":[{"href":"https:\/\/www.fleurop-home.ch\/fr-ch\/wp-json\/wp\/v2\/product"}],"about":[{"href":"https:\/\/www.fleurop-home.ch\/fr-ch\/wp-json\/wp\/v2\/types\/product"}],"wp:featuredmedia":[{"embeddable":true,"href":"https:\/\/www.fleurop-home.ch\/fr-ch\/wp-json\/wp\/v2\/media\/77170"}],"wp:attachment":[{"href":"https:\/\/www.fleurop-home.ch\/fr-ch\/wp-json\/wp\/v2\/media?parent=77171"}],"wp:term":[{"taxonomy":"product_brand","embeddable":true,"href":"https:\/\/www.fleurop-home.ch\/fr-ch\/wp-json\/wp\/v2\/product_brand?post=77171"},{"taxonomy":"product_cat","embeddable":true,"href":"https:\/\/www.fleurop-home.ch\/fr-ch\/wp-json\/wp\/v2\/product_cat?post=77171"},{"taxonomy":"product_tag","embeddable":true,"href":"https:\/\/www.fleurop-home.ch\/fr-ch\/wp-json\/wp\/v2\/product_tag?post=77171"},{"taxonomy":"woo-feed-brand","embeddable":true,"href":"https:\/\/www.fleurop-home.ch\/fr-ch\/wp-json\/wp\/v2\/woo-feed-brand?post=77171"}],"curies":[{"name":"wp","href":"https:\/\/api.w.org\/{rel}","templated":true}]}}