{"id":77167,"date":"2026-04-09T14:33:24","date_gmt":"2026-04-09T12:33:24","guid":{"rendered":"https:\/\/www.fleurop-home.ch\/de-ch\/p\/stecktafeln-mit-spitzen-enden-weiss-4-stk"},"modified":"2026-04-16T13:25:33","modified_gmt":"2026-04-16T11:25:33","slug":"panneaux-a-fiches-avec-extremites-pointues-4-pcs","status":"publish","type":"product","link":"https:\/\/www.fleurop-home.ch\/fr-ch\/p\/stecktafeln-mit-spitzen-enden-4-stk","title":{"rendered":"Panneaux \u00e0 fiches avec extr\u00e9mit\u00e9s pointues, 4 pcs."},"content":{"rendered":"<p>\u00c9tiquette ton carr\u00e9 d'herbes aromatiques et tes petites plantes avec nos panneaux pratiques et simples qui s'enfoncent facilement dans la terre gr\u00e2ce \u00e0 leurs extr\u00e9mit\u00e9s pointues.<\/p>\n<p>- Id\u00e9al pour les pots de plantes<br \/>\n- Pour d\u00e9crire avec un marqueur craie<\/p>","protected":false},"excerpt":{"rendered":"<p>Panneau \u00e0 fiches, 4 pi\u00e8ces.<\/p>","protected":false},"featured_media":77166,"template":"","meta":[],"product_brand":[],"product_cat":[1195,23,1263,29],"product_tag":[324],"woo-feed-brand":[],"class_list":{"0":"post-77167","1":"product","2":"type-product","3":"status-publish","4":"has-post-thumbnail","6":"product_cat-dekogrundlagen","7":"product_cat-home-living","8":"product_cat-fleuropkids","9":"product_cat-do-it-yourself","10":"product_tag-marein-ag","12":"first","13":"instock","14":"taxable","15":"shipping-taxable","16":"purchasable","17":"product-type-simple"},"_links":{"self":[{"href":"https:\/\/www.fleurop-home.ch\/fr-ch\/wp-json\/wp\/v2\/product\/77167","targetHints":{"allow":["GET"]}}],"collection":[{"href":"https:\/\/www.fleurop-home.ch\/fr-ch\/wp-json\/wp\/v2\/product"}],"about":[{"href":"https:\/\/www.fleurop-home.ch\/fr-ch\/wp-json\/wp\/v2\/types\/product"}],"wp:featuredmedia":[{"embeddable":true,"href":"https:\/\/www.fleurop-home.ch\/fr-ch\/wp-json\/wp\/v2\/media\/77166"}],"wp:attachment":[{"href":"https:\/\/www.fleurop-home.ch\/fr-ch\/wp-json\/wp\/v2\/media?parent=77167"}],"wp:term":[{"taxonomy":"product_brand","embeddable":true,"href":"https:\/\/www.fleurop-home.ch\/fr-ch\/wp-json\/wp\/v2\/product_brand?post=77167"},{"taxonomy":"product_cat","embeddable":true,"href":"https:\/\/www.fleurop-home.ch\/fr-ch\/wp-json\/wp\/v2\/product_cat?post=77167"},{"taxonomy":"product_tag","embeddable":true,"href":"https:\/\/www.fleurop-home.ch\/fr-ch\/wp-json\/wp\/v2\/product_tag?post=77167"},{"taxonomy":"woo-feed-brand","embeddable":true,"href":"https:\/\/www.fleurop-home.ch\/fr-ch\/wp-json\/wp\/v2\/woo-feed-brand?post=77167"}],"curies":[{"name":"wp","href":"https:\/\/api.w.org\/{rel}","templated":true}]}}