{"id":77156,"date":"2026-04-09T14:33:01","date_gmt":"2026-04-09T12:33:01","guid":{"rendered":"https:\/\/www.fleurop-home.ch\/de-ch\/p\/silberner-blumentopf-mit-buegelhalter-aus-blech-mit-tafel-o12-x-23-cm"},"modified":"2026-04-15T12:26:59","modified_gmt":"2026-04-15T10:26:59","slug":"blumentopf-silber-mit-buegelhalter-tafel","status":"publish","type":"product","link":"https:\/\/www.fleurop-home.ch\/fr-ch\/p\/blumentopf-silber-mit-buegelhalter-tafel","title":{"rendered":"Pot de fleurs argent\u00e9 avec support d'\u00e9trier &amp; panneau"},"content":{"rendered":"<p>Mit dem H\u00e4ngetopf kannst du deine Pflanzen stilvol pr\u00e4sentieren! Egal ob Orchidee, Kaktus oder deine pers\u00f6nliche Lieblingspflanze \u2013 der schlichte Look eignet sich f\u00fcr fast alle Arten und ist zudem noch zeitlos.<\/p>\n<p>Der Topf hat eine Abmessung von \u00f8 12 x 23 cm und kommt ohne Loch in der Mitte.<\/p>\n<p>\u2022 Langlebiger Balkontopf mit B\u00fcgelhaken und Tafel zum Beschriften<br \/>\n\u2022 Mit praktischem B\u00fcgelhenkel zum Aufh\u00e4ngen an Balkon, Fenstern, Gel\u00e4ndern oder Zaun<br \/>\n\u2022 Ideal f\u00fcr Blumen, Pflanzen und Kr\u00e4uter<br \/>\n\u2022 Aus leichtem und best\u00e4ndigem Aluminium<br \/>\n\u2022 Frostbest\u00e4ndig und rostfrei<br \/>\n\u2022 \u00d812 x H\u00f6he 23 cm<\/p>","protected":false},"excerpt":{"rendered":"<p>H\u00e4ngetopf, Zink mit Tafel, \u00d812 x 23 cm<\/p>","protected":false},"featured_media":77155,"template":"","meta":[],"product_brand":[],"product_cat":[1198,23,27,34,40],"product_tag":[324],"woo-feed-brand":[],"class_list":{"0":"post-77156","1":"product","2":"type-product","3":"status-publish","4":"has-post-thumbnail","6":"product_cat-toepfe","7":"product_cat-home-living","8":"product_cat-vasen-gefaesse","9":"product_cat-garten-balkon","10":"product_cat-uebertoepfe","11":"product_tag-marein-ag","13":"first","14":"instock","15":"taxable","16":"shipping-taxable","17":"purchasable","18":"product-type-simple"},"_links":{"self":[{"href":"https:\/\/www.fleurop-home.ch\/fr-ch\/wp-json\/wp\/v2\/product\/77156","targetHints":{"allow":["GET"]}}],"collection":[{"href":"https:\/\/www.fleurop-home.ch\/fr-ch\/wp-json\/wp\/v2\/product"}],"about":[{"href":"https:\/\/www.fleurop-home.ch\/fr-ch\/wp-json\/wp\/v2\/types\/product"}],"wp:featuredmedia":[{"embeddable":true,"href":"https:\/\/www.fleurop-home.ch\/fr-ch\/wp-json\/wp\/v2\/media\/77155"}],"wp:attachment":[{"href":"https:\/\/www.fleurop-home.ch\/fr-ch\/wp-json\/wp\/v2\/media?parent=77156"}],"wp:term":[{"taxonomy":"product_brand","embeddable":true,"href":"https:\/\/www.fleurop-home.ch\/fr-ch\/wp-json\/wp\/v2\/product_brand?post=77156"},{"taxonomy":"product_cat","embeddable":true,"href":"https:\/\/www.fleurop-home.ch\/fr-ch\/wp-json\/wp\/v2\/product_cat?post=77156"},{"taxonomy":"product_tag","embeddable":true,"href":"https:\/\/www.fleurop-home.ch\/fr-ch\/wp-json\/wp\/v2\/product_tag?post=77156"},{"taxonomy":"woo-feed-brand","embeddable":true,"href":"https:\/\/www.fleurop-home.ch\/fr-ch\/wp-json\/wp\/v2\/woo-feed-brand?post=77156"}],"curies":[{"name":"wp","href":"https:\/\/api.w.org\/{rel}","templated":true}]}}